{"id":151440,"date":"2021-01-15T12:00:27","date_gmt":"2021-01-15T12:00:27","guid":{"rendered":"https:\/\/codengine3.ch\/?product=import-placeholder-for-201316"},"modified":"2021-01-15T12:00:31","modified_gmt":"2021-01-15T12:00:31","slug":"die-schoensten-alpenwege","status":"publish","type":"product","link":"https:\/\/pizbube.ch\/en\/shop\/die-schoensten-alpenwege\/","title":{"rendered":"Die sch\u00f6nsten Alpenwege"},"content":{"rendered":"<p>60 ausgew\u00e4hlte Wanderungen in der Schweiz, Italien, Frankreich (mit allen<br \/>\nEurop\u00e4ischen Fernwanderwegen in den Alpen). Wanderungen in Deutschland,<br \/>\n\u00d6sterreich, der Schweiz, Italien und Frankreich ; mit allen europ\u00e4ischen<br \/>\nFernwanderwegen in den Alpen.<\/p>","protected":false},"excerpt":{"rendered":"<p>60 ausgew\u00e4hlte Wanderungen in der Schweiz, Italien, Frankreich (mit allen Europ\u00e4ischen Fernwanderwegen in den Alpen). Wanderungen in Deutschland, \u00d6sterreich, der Schweiz, Italien und Frankreich ; mit allen europ\u00e4ischen Fernwanderwegen in den Alpen.<\/p>","protected":false},"featured_media":28631,"template":"","meta":[],"product_brand":[],"product_cat":[21605],"product_tag":[],"class_list":{"0":"post-151440","1":"product","2":"type-product","3":"status-publish","4":"has-post-thumbnail","6":"product_cat-wanderfuehrer-trekking","7":"pa_autor-coll","8":"pa_erscheinungsjahr-22060","9":"pa_region-schweiz","10":"pa_sprache-de","12":"first","13":"outofstock","14":"taxable","15":"shipping-taxable","16":"purchasable","17":"product-type-simple"},"_links":{"self":[{"href":"https:\/\/pizbube.ch\/en\/wp-json\/wp\/v2\/product\/151440","targetHints":{"allow":["GET"]}}],"collection":[{"href":"https:\/\/pizbube.ch\/en\/wp-json\/wp\/v2\/product"}],"about":[{"href":"https:\/\/pizbube.ch\/en\/wp-json\/wp\/v2\/types\/product"}],"wp:featuredmedia":[{"embeddable":true,"href":"https:\/\/pizbube.ch\/en\/wp-json\/wp\/v2\/media\/28631"}],"wp:attachment":[{"href":"https:\/\/pizbube.ch\/en\/wp-json\/wp\/v2\/media?parent=151440"}],"wp:term":[{"taxonomy":"product_brand","embeddable":true,"href":"https:\/\/pizbube.ch\/en\/wp-json\/wp\/v2\/product_brand?post=151440"},{"taxonomy":"product_cat","embeddable":true,"href":"https:\/\/pizbube.ch\/en\/wp-json\/wp\/v2\/product_cat?post=151440"},{"taxonomy":"product_tag","embeddable":true,"href":"https:\/\/pizbube.ch\/en\/wp-json\/wp\/v2\/product_tag?post=151440"}],"curies":[{"name":"wp","href":"https:\/\/api.w.org\/{rel}","templated":true}]}}