{"id":151441,"date":"2021-01-15T12:00:27","date_gmt":"2021-01-15T12:00:27","guid":{"rendered":"https:\/\/codengine3.ch\/?product=import-placeholder-for-204154"},"modified":"2021-01-15T14:30:21","modified_gmt":"2021-01-15T14:30:21","slug":"europaeischer-fernwanderweg-e5-vom-bodensee-bis-verona-150000","status":"publish","type":"product","link":"https:\/\/pizbube.ch\/en\/shop\/europaeischer-fernwanderweg-e5-vom-bodensee-bis-verona-150000\/","title":{"rendered":"Europ\u00e4ischer Fernwanderweg E5 &#8211; Vom Bodensee bis Verona 1:50&#8217;000"},"content":{"rendered":"<p>Bodensee &#8211; Alpen &#8211; Adira (Atlantik). Zahlr. Farbfotos, Karten. 212 S. In<br \/>\nPlastikh\u00fclle 2558  <\/p>\n<p>Der gesamte Fernwanderweg E5 von der Atlantikk\u00fcste der Bretagne bis Verona ist<br \/>\n3200 km lang. &#8211; Die Strecke vom Bodensee \u00fcber die Alpen nach Verona f\u00fchrt<br \/>\ndurch Deutschland, \u00d6sterreich, die Schweiz und Italien und ist 600 km lang. &#8211;<br \/>\nDie Strecke ist einer der \u00e4ltesten Fernwanderwege Europas und verl\u00e4uft auf<br \/>\nTrassen, die immer schon der Alpen\u00fcberquerung dienten.<\/p>\n<p>&#8211; Vielf\u00e4ltige Landschaften warten: das Alpenvorland, die m\u00e4chtigen Gletscher<br \/>\nam Alpenhauptkamm, Felssteige und Gipfel, Almen und Seen, Bergh\u00fctten und<br \/>\nBergd\u00f6rfer und schlie\u00dflich mediterranes Flair in Verona. &#8211; Routenf\u00fchrung \u00fcber<br \/>\nOberstorf, Kemptener H\u00fctte, das Pitztal, die \u00d6tztaler Alpen (Braunschweiger<br \/>\nH\u00fctte), das Timmelsjoch, Meran, Bozen, die Brenta und durch die Monti Lessini<br \/>\nzur Arena di Verona. &#8211; Empfohlen sind rund 30 Etappen f\u00fcr insgesamt 20000 Hm.<\/p>","protected":false},"excerpt":{"rendered":"<p>Bodensee &#8211; Alpen &#8211; Adira (Atlantik). Zahlr. Farbfotos, Karten. 212 S. In Plastikh\u00fclle 2558 Der gesamte Fernwanderweg E5 von der Atlantikk\u00fcste der Bretagne bis Verona ist 3200 km lang. &#8211; Die Strecke vom Bodensee \u00fcber die Alpen nach Verona f\u00fchrt durch Deutschland, \u00d6sterreich, die Schweiz und Italien und ist 600 km lang. &#8211; Die Strecke [&#8230;]\n","protected":false},"featured_media":27742,"template":"","meta":[],"product_brand":[],"product_cat":[21543],"product_tag":[],"class_list":{"0":"post-151441","1":"product","2":"type-product","3":"status-publish","4":"has-post-thumbnail","6":"product_cat-landkarten","7":"pa_autor-metzler","8":"pa_erscheinungsjahr-21550","9":"pa_region-uebrigers-europa","10":"pa_sprache-de","12":"first","13":"instock","14":"taxable","15":"shipping-taxable","16":"purchasable","17":"product-type-simple"},"_links":{"self":[{"href":"https:\/\/pizbube.ch\/en\/wp-json\/wp\/v2\/product\/151441","targetHints":{"allow":["GET"]}}],"collection":[{"href":"https:\/\/pizbube.ch\/en\/wp-json\/wp\/v2\/product"}],"about":[{"href":"https:\/\/pizbube.ch\/en\/wp-json\/wp\/v2\/types\/product"}],"wp:featuredmedia":[{"embeddable":true,"href":"https:\/\/pizbube.ch\/en\/wp-json\/wp\/v2\/media\/27742"}],"wp:attachment":[{"href":"https:\/\/pizbube.ch\/en\/wp-json\/wp\/v2\/media?parent=151441"}],"wp:term":[{"taxonomy":"product_brand","embeddable":true,"href":"https:\/\/pizbube.ch\/en\/wp-json\/wp\/v2\/product_brand?post=151441"},{"taxonomy":"product_cat","embeddable":true,"href":"https:\/\/pizbube.ch\/en\/wp-json\/wp\/v2\/product_cat?post=151441"},{"taxonomy":"product_tag","embeddable":true,"href":"https:\/\/pizbube.ch\/en\/wp-json\/wp\/v2\/product_tag?post=151441"}],"curies":[{"name":"wp","href":"https:\/\/api.w.org\/{rel}","templated":true}]}}