{"id":151442,"date":"2021-01-15T12:00:27","date_gmt":"2021-01-15T12:00:27","guid":{"rendered":"https:\/\/codengine3.ch\/?product=import-placeholder-for-202906"},"modified":"2021-01-15T12:52:20","modified_gmt":"2021-01-15T12:52:20","slug":"traumpfad-muenchen-venedig","status":"publish","type":"product","link":"https:\/\/pizbube.ch\/en\/shop\/traumpfad-muenchen-venedig\/","title":{"rendered":"Traumpfad M\u00fcnchen Venedig"},"content":{"rendered":"<p>Die ausgew\u00e4hlten Wanderungen f\u00fchren durch die sch\u00f6nsten Landschaften und zu<br \/>\nattraktiven Einkehrm\u00f6glichkeiten. Alle Touren sind detailliert beschrieben.<br \/>\nDazu gibt es zahlreiche Tipps und Infos, damit jede Wanderung zu einem<br \/>\nunverwechselbaren Erlebnis in der Natur wird. Viele Reise-Infos. Mit<br \/>\nTourenkarten zum Heraustrennen. 80 Farbfotos, 28 Tagestouren, 28 Detailkarten.<br \/>\n120 S.<br \/>\naktualisierte Neuauflage 2006  <\/p>","protected":false},"excerpt":{"rendered":"<p>Die ausgew\u00e4hlten Wanderungen f\u00fchren durch die sch\u00f6nsten Landschaften und zu attraktiven Einkehrm\u00f6glichkeiten. Alle Touren sind detailliert beschrieben. Dazu gibt es zahlreiche Tipps und Infos, damit jede Wanderung zu einem unverwechselbaren Erlebnis in der Natur wird. Viele Reise-Infos. Mit Tourenkarten zum Heraustrennen. 80 Farbfotos, 28 Tagestouren, 28 Detailkarten. 120 S. aktualisierte Neuauflage 2006<\/p>","protected":false},"featured_media":30387,"template":"","meta":[],"product_brand":[],"product_cat":[21605],"product_tag":[],"class_list":{"0":"post-151442","1":"product","2":"type-product","3":"status-publish","4":"has-post-thumbnail","6":"product_cat-wanderfuehrer-trekking","7":"pa_autor-troidl","8":"pa_erscheinungsjahr-21763","9":"pa_region-deutschland","10":"pa_sprache-de","12":"first","13":"outofstock","14":"taxable","15":"shipping-taxable","16":"purchasable","17":"product-type-simple"},"_links":{"self":[{"href":"https:\/\/pizbube.ch\/en\/wp-json\/wp\/v2\/product\/151442","targetHints":{"allow":["GET"]}}],"collection":[{"href":"https:\/\/pizbube.ch\/en\/wp-json\/wp\/v2\/product"}],"about":[{"href":"https:\/\/pizbube.ch\/en\/wp-json\/wp\/v2\/types\/product"}],"wp:featuredmedia":[{"embeddable":true,"href":"https:\/\/pizbube.ch\/en\/wp-json\/wp\/v2\/media\/30387"}],"wp:attachment":[{"href":"https:\/\/pizbube.ch\/en\/wp-json\/wp\/v2\/media?parent=151442"}],"wp:term":[{"taxonomy":"product_brand","embeddable":true,"href":"https:\/\/pizbube.ch\/en\/wp-json\/wp\/v2\/product_brand?post=151442"},{"taxonomy":"product_cat","embeddable":true,"href":"https:\/\/pizbube.ch\/en\/wp-json\/wp\/v2\/product_cat?post=151442"},{"taxonomy":"product_tag","embeddable":true,"href":"https:\/\/pizbube.ch\/en\/wp-json\/wp\/v2\/product_tag?post=151442"}],"curies":[{"name":"wp","href":"https:\/\/api.w.org\/{rel}","templated":true}]}}