{"id":151443,"date":"2021-01-15T12:00:27","date_gmt":"2021-01-15T12:00:27","guid":{"rendered":"https:\/\/codengine3.ch\/?product=import-placeholder-for-205405"},"modified":"2024-02-23T09:18:56","modified_gmt":"2024-02-23T08:18:56","slug":"fernwanderweg-e5","status":"publish","type":"product","link":"https:\/\/pizbube.ch\/en\/shop\/fernwanderweg-e5\/","title":{"rendered":"Fernwanderweg E5"},"content":{"rendered":"<p class=\"mt-3\">Konstanz \u2013 Oberstdorf \u2013 Meran\/Bozen \u2013 Verona<\/p>\n<p><span class=\"value\">Ein unvergessliches Wanderabenteuer ist die Alpen\u00fcberquerung auf dem Europ\u00e4ischen Fernwanderweg E5: Mit 31 Etappen, 600 Kilometern L\u00e4nge und 20.000 H\u00f6henmetern f\u00fchrt sie vom Bodensee nach Verona. Unterwegs zeigt der E5 viele Gesichter: saftige Wiesen im Alpenvorland, m\u00e4chtige Gletscher am Alpenhauptkamm, charmante italienische Bergd\u00f6rfer und schlie\u00dflich das mediterrane Flair von Verona.<\/span><\/p>\n<p>Der Rother Wanderf\u00fchrer \u00bbFernwanderweg E5\u00ab beschreibt die klassische Wegf\u00fchrung von Oberstdorf \u00fcber Bozen nach Verona. Der Band enth\u00e4lt au\u00dferdem die Beschreibung der Alpen\u00fcberquerung von Oberstdorf nach Meran. Auf dieser reizvollen und beliebten Variante ist man sechs Tage unterwegs.Der komplette Weg kann \u2013 so wie er in dieser Ausgabe beschrieben ist \u2013 zu Fu\u00df zur\u00fcckgelegt werden.<\/p>\n<p>Der Wanderf\u00fchrer enth\u00e4lt nat\u00fcrlich auch Alternativwege, beispielsweise f\u00fcr besonders schwierige Wegabschnitte oder als \u00bbSchlechtwettervarianten\u00ab. Auch Seilbahn- und Busfahrten werden als Option vorgestellt. So kann der Weg an individuelle und \u00e4u\u00dfere Bedingungen angepasst werden.<\/p>\n<p>Jede Etappe verf\u00fcgt \u00fcber eine ausf\u00fchrliche Routenbeschreibung, ein Wanderk\u00e4rtchen mit eingezeichnetem Wegverlauf und ein aussagekr\u00e4ftiges H\u00f6henprofi. Detaillierte Informationen zu Verkehrsanbindung, Einkehr und Unterkunft erleichtern die Planung. GPS-Tracks stehen zum Download bereit. Zahlreiche Tipps und Hintergrundinformationen bringen Sehens- und Wissenswertes am Wegrand n\u00e4her.<\/p>\n<p>46 H\u00f6henprofile, 59 Wanderk\u00e4rtchen im Ma\u00dfstab 1:75.000, zwei \u00dcbersichtskarten im Ma\u00dfstab 1:1.000.000 und 1:3.000.000, GPS-Tracks zum Download<br \/>\n31 Etappen \u2013 mit Varianten<\/p>\n<p>13., aktualisierte Auflage 2024<\/p>","protected":false},"excerpt":{"rendered":"<p>Konstanz \u2013 Oberstdorf \u2013 Meran\/Bozen \u2013 Verona Ein unvergessliches Wanderabenteuer ist die Alpen\u00fcberquerung auf dem Europ\u00e4ischen Fernwanderweg E5: Mit 31 Etappen, 600 Kilometern L\u00e4nge und 20.000 H\u00f6henmetern f\u00fchrt sie vom Bodensee nach Verona. Unterwegs zeigt der E5 viele Gesichter: saftige Wiesen im Alpenvorland, m\u00e4chtige Gletscher am Alpenhauptkamm, charmante italienische Bergd\u00f6rfer und schlie\u00dflich das mediterrane Flair [&#8230;]\n","protected":false},"featured_media":171720,"template":"","meta":[],"product_brand":[],"product_cat":[21605],"product_tag":[],"class_list":{"0":"post-151443","1":"product","2":"type-product","3":"status-publish","4":"has-post-thumbnail","6":"product_cat-wanderfuehrer-trekking","7":"pa_autor-baur-steuerwald","8":"pa_erscheinungsjahr-27339","9":"pa_region-oesterreich","10":"pa_sprache-de","12":"first","13":"instock","14":"taxable","15":"shipping-taxable","16":"purchasable","17":"product-type-simple"},"_links":{"self":[{"href":"https:\/\/pizbube.ch\/en\/wp-json\/wp\/v2\/product\/151443","targetHints":{"allow":["GET"]}}],"collection":[{"href":"https:\/\/pizbube.ch\/en\/wp-json\/wp\/v2\/product"}],"about":[{"href":"https:\/\/pizbube.ch\/en\/wp-json\/wp\/v2\/types\/product"}],"wp:featuredmedia":[{"embeddable":true,"href":"https:\/\/pizbube.ch\/en\/wp-json\/wp\/v2\/media\/171720"}],"wp:attachment":[{"href":"https:\/\/pizbube.ch\/en\/wp-json\/wp\/v2\/media?parent=151443"}],"wp:term":[{"taxonomy":"product_brand","embeddable":true,"href":"https:\/\/pizbube.ch\/en\/wp-json\/wp\/v2\/product_brand?post=151443"},{"taxonomy":"product_cat","embeddable":true,"href":"https:\/\/pizbube.ch\/en\/wp-json\/wp\/v2\/product_cat?post=151443"},{"taxonomy":"product_tag","embeddable":true,"href":"https:\/\/pizbube.ch\/en\/wp-json\/wp\/v2\/product_tag?post=151443"}],"curies":[{"name":"wp","href":"https:\/\/api.w.org\/{rel}","templated":true}]}}