{"id":151453,"date":"2021-01-15T12:00:28","date_gmt":"2021-01-15T12:00:28","guid":{"rendered":"https:\/\/codengine3.ch\/?product=import-placeholder-for-203624"},"modified":"2026-04-17T15:00:17","modified_gmt":"2026-04-17T13:00:17","slug":"ladakh-zanskar-nord-1150-000-brog-yul-noubra-shyog","status":"publish","type":"product","link":"https:\/\/pizbube.ch\/en\/shop\/ladakh-zanskar-nord-1150-000-brog-yul-noubra-shyog\/","title":{"rendered":"Ladakh &#8211; Zanskar &#8211; Nord 1:150.000 Brog-yul, Noubra, Shyog"},"content":{"rendered":"<p>Cette nouvelle carte couvre le centre de la r\u00e9gion du Ladakh-Zanskar o\u00f9 se<br \/>\nsitue la Noubra et le Bas-Ladakh.<\/p>\n<p>The north map covers the regions of Nubra and Shyog as the lower part of the<br \/>\nLadakh, from Saspol, down to the Brog Yul and the Purig regions.<\/p>\n<p>Nouvelle version mise \u00e0 jour, impression sur papier Polyart r\u00e9sistant \u00e0 l\u00b4eau<br \/>\net \u00e0 la d\u00e9chirure.<\/p>\n<p>Cette carte couvre le centre de la r\u00e9gion du Ladakh-Zanskar o\u00f9 se situe la<br \/>\nNoubra et le Bas-Ladakh.<br \/>\nR\u00e9alis\u00e9e sur la base d\u00b4images satellites et d\u00b4informations r\u00e9centes r\u00e9colt\u00e9es<br \/>\nsur le terrain, elle est dot\u00e9e de courbes de niveau, d\u00b4un relief ombr\u00e9, et<br \/>\nindique tous les villages, monast\u00e8res, routes, ponts et autres lieux d\u00b4int\u00e9r\u00eat<br \/>\ntouristique. Les postes de contr\u00f4le qui interdisent l\u00b4acc\u00e8s \u00e0 certaines<br \/>\nvall\u00e9es dans les r\u00e9gions frontali\u00e8res avec la Chine sont \u00e9galement<br \/>\nmentionn\u00e9es.<br \/>\nLa carte contient les coordonn\u00e9es pour une utilisation avec GPS.<\/p>","protected":false},"excerpt":{"rendered":"<p>Cette nouvelle carte couvre le centre de la r\u00e9gion du Ladakh-Zanskar o\u00f9 se situe la Noubra et le Bas-Ladakh. The north map covers the regions of Nubra and Shyog as the lower part of the Ladakh, from Saspol, down to the Brog Yul and the Purig regions. Nouvelle version mise \u00e0 jour, impression sur papier [&#8230;]\n","protected":false},"featured_media":33013,"template":"","meta":[],"product_brand":[],"product_cat":[21543],"product_tag":[],"class_list":{"0":"post-151453","1":"product","2":"type-product","3":"status-publish","4":"has-post-thumbnail","6":"product_cat-landkarten","7":"pa_autor-olizane","8":"pa_erscheinungsjahr-21568","9":"pa_region-asien","10":"pa_sprache-e","11":"pa_sprache-f","13":"first","14":"instock","15":"taxable","16":"shipping-taxable","17":"purchasable","18":"product-type-simple"},"_links":{"self":[{"href":"https:\/\/pizbube.ch\/en\/wp-json\/wp\/v2\/product\/151453","targetHints":{"allow":["GET"]}}],"collection":[{"href":"https:\/\/pizbube.ch\/en\/wp-json\/wp\/v2\/product"}],"about":[{"href":"https:\/\/pizbube.ch\/en\/wp-json\/wp\/v2\/types\/product"}],"wp:featuredmedia":[{"embeddable":true,"href":"https:\/\/pizbube.ch\/en\/wp-json\/wp\/v2\/media\/33013"}],"wp:attachment":[{"href":"https:\/\/pizbube.ch\/en\/wp-json\/wp\/v2\/media?parent=151453"}],"wp:term":[{"taxonomy":"product_brand","embeddable":true,"href":"https:\/\/pizbube.ch\/en\/wp-json\/wp\/v2\/product_brand?post=151453"},{"taxonomy":"product_cat","embeddable":true,"href":"https:\/\/pizbube.ch\/en\/wp-json\/wp\/v2\/product_cat?post=151453"},{"taxonomy":"product_tag","embeddable":true,"href":"https:\/\/pizbube.ch\/en\/wp-json\/wp\/v2\/product_tag?post=151453"}],"curies":[{"name":"wp","href":"https:\/\/api.w.org\/{rel}","templated":true}]}}