{"id":151455,"date":"2021-01-15T12:00:28","date_gmt":"2021-01-15T12:00:28","guid":{"rendered":"https:\/\/codengine3.ch\/?product=import-placeholder-for-203206"},"modified":"2021-01-15T12:55:05","modified_gmt":"2021-01-15T12:55:05","slug":"eiger-la-derniere-course","status":"publish","type":"product","link":"https:\/\/pizbube.ch\/en\/shop\/eiger-la-derniere-course\/","title":{"rendered":"Eiger, la derni\u00e8re course"},"content":{"rendered":"<p>Apr\u00e8s avoir exp\u00e9riment\u00e9 toutes les aventures en montagne, Joe Simpson a d\u00e9cid\u00e9<br \/>\nd`abandonner le grand alpinisme. Trop d`amis disparus, l`envie peu \u00e0 peu sap\u00e9e<br \/>\npar le doute, la peur qui prend le pas sur le plaisir&#8230; L`ascension de la<br \/>\nface nord de l`Eiger, symbole de l`histoire de l`alpinisme et point<br \/>\nd`orgued`une carri\u00e8re de grimpeur, lui a offert une ultime catharsis. Sans<br \/>\ndoute parce qu`ils sont aussi l`essence de l`alpinisme, l`app\u00e9tit de vivre et<br \/>\nla soif de libert\u00e9 l`ont finalement conduit \u00e0 mettre un terme \u00e0 un commerce<br \/>\ntrop familier avec le danger.<\/p>","protected":false},"excerpt":{"rendered":"<p>Apr\u00e8s avoir exp\u00e9riment\u00e9 toutes les aventures en montagne, Joe Simpson a d\u00e9cid\u00e9 d`abandonner le grand alpinisme. Trop d`amis disparus, l`envie peu \u00e0 peu sap\u00e9e par le doute, la peur qui prend le pas sur le plaisir&#8230; L`ascension de la face nord de l`Eiger, symbole de l`histoire de l`alpinisme et point d`orgued`une carri\u00e8re de grimpeur, lui [&#8230;]\n","protected":false},"featured_media":30755,"template":"","meta":[],"product_brand":[],"product_cat":[21629],"product_tag":[],"class_list":{"0":"post-151455","1":"product","2":"type-product","3":"status-publish","4":"has-post-thumbnail","6":"product_cat-belletristik","7":"pa_autor-simpson","8":"pa_erscheinungsjahr-22292","9":"pa_region-amerika-nord","10":"pa_sprache-fr","12":"first","13":"instock","14":"taxable","15":"shipping-taxable","16":"purchasable","17":"product-type-simple"},"_links":{"self":[{"href":"https:\/\/pizbube.ch\/en\/wp-json\/wp\/v2\/product\/151455","targetHints":{"allow":["GET"]}}],"collection":[{"href":"https:\/\/pizbube.ch\/en\/wp-json\/wp\/v2\/product"}],"about":[{"href":"https:\/\/pizbube.ch\/en\/wp-json\/wp\/v2\/types\/product"}],"wp:featuredmedia":[{"embeddable":true,"href":"https:\/\/pizbube.ch\/en\/wp-json\/wp\/v2\/media\/30755"}],"wp:attachment":[{"href":"https:\/\/pizbube.ch\/en\/wp-json\/wp\/v2\/media?parent=151455"}],"wp:term":[{"taxonomy":"product_brand","embeddable":true,"href":"https:\/\/pizbube.ch\/en\/wp-json\/wp\/v2\/product_brand?post=151455"},{"taxonomy":"product_cat","embeddable":true,"href":"https:\/\/pizbube.ch\/en\/wp-json\/wp\/v2\/product_cat?post=151455"},{"taxonomy":"product_tag","embeddable":true,"href":"https:\/\/pizbube.ch\/en\/wp-json\/wp\/v2\/product_tag?post=151455"}],"curies":[{"name":"wp","href":"https:\/\/api.w.org\/{rel}","templated":true}]}}