{"id":151459,"date":"2021-01-15T12:00:28","date_gmt":"2021-01-15T12:00:28","guid":{"rendered":"https:\/\/codengine3.ch\/?product=import-placeholder-for-206468"},"modified":"2025-01-07T10:59:32","modified_gmt":"2025-01-07T09:59:32","slug":"mount-st-elias-dvd","status":"publish","type":"product","link":"https:\/\/pizbube.ch\/en\/shop\/mount-st-elias-dvd\/","title":{"rendered":"Mount St. Elias (DVD)"},"content":{"rendered":"<p>Die Ski-Alpinisten Axel Naglich, Peter Ressmann und Jon Johnston wagen das<br \/>\nletzte gro\u00dfe Abenteuer.<br \/>\nDas Ziel: Eine Abfahrt auf der l\u00e4ngsten, fast senkrechten Piste der Welt.<br \/>\nDer H\u00f6henunterschied: Fast 5.500 Meter. Ihr h\u00e4rtester Gegner: Sie selbst!<\/p>\n<p>Inhaltsverzeichnis: Making of (ca. 30 Min.) &#8211; Portr\u00e4t Axel Naglich (ca. 33<br \/>\nMin.) &#8211; Wendecover<\/p>","protected":false},"excerpt":{"rendered":"<p>Die Ski-Alpinisten Axel Naglich, Peter Ressmann und Jon Johnston wagen das letzte gro\u00dfe Abenteuer. Das Ziel: Eine Abfahrt auf der l\u00e4ngsten, fast senkrechten Piste der Welt. Der H\u00f6henunterschied: Fast 5.500 Meter. Ihr h\u00e4rtester Gegner: Sie selbst! Inhaltsverzeichnis: Making of (ca. 30 Min.) &#8211; Portr\u00e4t Axel Naglich (ca. 33 Min.) &#8211; Wendecover<\/p>","protected":false},"featured_media":35515,"template":"","meta":[],"product_brand":[],"product_cat":[21628],"product_tag":[],"class_list":{"0":"post-151459","1":"product","2":"type-product","3":"status-publish","4":"has-post-thumbnail","6":"product_cat-video-dvd-multimedia","7":"pa_autor-salmina","8":"pa_erscheinungsjahr-21610","9":"pa_region-amerika-nord","10":"pa_sprache-de","12":"first","13":"outofstock","14":"taxable","15":"shipping-taxable","16":"purchasable","17":"product-type-simple"},"_links":{"self":[{"href":"https:\/\/pizbube.ch\/en\/wp-json\/wp\/v2\/product\/151459","targetHints":{"allow":["GET"]}}],"collection":[{"href":"https:\/\/pizbube.ch\/en\/wp-json\/wp\/v2\/product"}],"about":[{"href":"https:\/\/pizbube.ch\/en\/wp-json\/wp\/v2\/types\/product"}],"wp:featuredmedia":[{"embeddable":true,"href":"https:\/\/pizbube.ch\/en\/wp-json\/wp\/v2\/media\/35515"}],"wp:attachment":[{"href":"https:\/\/pizbube.ch\/en\/wp-json\/wp\/v2\/media?parent=151459"}],"wp:term":[{"taxonomy":"product_brand","embeddable":true,"href":"https:\/\/pizbube.ch\/en\/wp-json\/wp\/v2\/product_brand?post=151459"},{"taxonomy":"product_cat","embeddable":true,"href":"https:\/\/pizbube.ch\/en\/wp-json\/wp\/v2\/product_cat?post=151459"},{"taxonomy":"product_tag","embeddable":true,"href":"https:\/\/pizbube.ch\/en\/wp-json\/wp\/v2\/product_tag?post=151459"}],"curies":[{"name":"wp","href":"https:\/\/api.w.org\/{rel}","templated":true}]}}