{"id":151461,"date":"2021-01-15T12:00:28","date_gmt":"2021-01-15T12:00:28","guid":{"rendered":"https:\/\/codengine3.ch\/?product=import-placeholder-for-201321"},"modified":"2021-01-15T12:00:33","modified_gmt":"2021-01-15T12:00:33","slug":"zu-fuss-ueber-die-alpen","status":"publish","type":"product","link":"https:\/\/pizbube.ch\/en\/shop\/zu-fuss-ueber-die-alpen\/","title":{"rendered":"Zu Fuss \u00fcber die Alpen"},"content":{"rendered":"<p>Dokumentation \u00fcber den Traumpfad von M\u00fcnchen nach Venedig (mit herausnehmbaren<br \/>\nTourenbegleiter). Das Werk gliedert sich in zwei Teile:<br \/>\nDer Bildband mit mehr als 120 Farbphotos beschreibt Landschaft und Kultur zu<br \/>\nden Etappen und enth\u00e4lt einen bibliophilen Beitrag \u00fcber die historische<br \/>\nWanderung von Adolf Kolping von 1841.<br \/>\nDer herausnehmbare Tourenbegleiter mit Wegbeschreibungen, Varianten, 21<br \/>\nRoutenskizzen, einer umfangreichen Quartierliste und praktischen Tips dient<br \/>\nals Taschenf\u00fchrer unterwegs.  <\/p>","protected":false},"excerpt":{"rendered":"<p>Dokumentation \u00fcber den Traumpfad von M\u00fcnchen nach Venedig (mit herausnehmbaren Tourenbegleiter). Das Werk gliedert sich in zwei Teile: Der Bildband mit mehr als 120 Farbphotos beschreibt Landschaft und Kultur zu den Etappen und enth\u00e4lt einen bibliophilen Beitrag \u00fcber die historische Wanderung von Adolf Kolping von 1841. Der herausnehmbare Tourenbegleiter mit Wegbeschreibungen, Varianten, 21 Routenskizzen, einer [&#8230;]\n","protected":false},"featured_media":28637,"template":"","meta":[],"product_brand":[],"product_cat":[21542],"product_tag":[],"class_list":{"0":"post-151461","1":"product","2":"type-product","3":"status-publish","4":"has-post-thumbnail","6":"product_cat-sachbuecher-dokumentationen","7":"pa_autor-grassler","8":"pa_erscheinungsjahr-21920","9":"pa_region-italien","10":"pa_sprache-de","12":"first","13":"instock","14":"taxable","15":"shipping-taxable","16":"purchasable","17":"product-type-simple"},"_links":{"self":[{"href":"https:\/\/pizbube.ch\/en\/wp-json\/wp\/v2\/product\/151461","targetHints":{"allow":["GET"]}}],"collection":[{"href":"https:\/\/pizbube.ch\/en\/wp-json\/wp\/v2\/product"}],"about":[{"href":"https:\/\/pizbube.ch\/en\/wp-json\/wp\/v2\/types\/product"}],"wp:featuredmedia":[{"embeddable":true,"href":"https:\/\/pizbube.ch\/en\/wp-json\/wp\/v2\/media\/28637"}],"wp:attachment":[{"href":"https:\/\/pizbube.ch\/en\/wp-json\/wp\/v2\/media?parent=151461"}],"wp:term":[{"taxonomy":"product_brand","embeddable":true,"href":"https:\/\/pizbube.ch\/en\/wp-json\/wp\/v2\/product_brand?post=151461"},{"taxonomy":"product_cat","embeddable":true,"href":"https:\/\/pizbube.ch\/en\/wp-json\/wp\/v2\/product_cat?post=151461"},{"taxonomy":"product_tag","embeddable":true,"href":"https:\/\/pizbube.ch\/en\/wp-json\/wp\/v2\/product_tag?post=151461"}],"curies":[{"name":"wp","href":"https:\/\/api.w.org\/{rel}","templated":true}]}}