{"id":151462,"date":"2021-01-15T12:00:29","date_gmt":"2021-01-15T12:00:29","guid":{"rendered":"https:\/\/codengine3.ch\/?product=import-placeholder-for-202690"},"modified":"2021-01-15T12:38:31","modified_gmt":"2021-01-15T12:38:31","slug":"auf-tour-in-europa","status":"publish","type":"product","link":"https:\/\/pizbube.ch\/en\/shop\/auf-tour-in-europa\/","title":{"rendered":"Auf Tour in Europa"},"content":{"rendered":"<p>Das Handbuch f\u00fcr die Europ\u00e4ischen Fernwanderwege. Farb. Abb., Skizzen,<br \/>\n\u00dcbersichtskarten. Dieses Buch ist zu empfehlen f\u00fcr Leute die sich erst einmal<br \/>\neinen groben, vom Umfang her doch ausreichend detaillierten, \u00dcberblick \u00fcber<br \/>\nk\u00fcnftige Touren auf einem der eruop\u00e4ischen Fernwanderwege verschaffen wollen<br \/>\noder sich auf auf einer solchen Tour befinden. Beschrieben sind alle<br \/>\nFernwanderwege in Abschnitten mit Informationen \u00fcber Verlauf, L\u00e4nge,<br \/>\nEigenheiten und wichtiger, mit Adressen der Betreuer und F\u00fchrer der einzelnen<br \/>\nStrecken sowie Makierungen und Verweisen auf Kartenmaterial. Gelungene<br \/>\nZusammenstellung, unerl\u00e4\u00dflich als Basis-Handbuch.<\/p>","protected":false},"excerpt":{"rendered":"<p>Das Handbuch f\u00fcr die Europ\u00e4ischen Fernwanderwege. Farb. Abb., Skizzen, \u00dcbersichtskarten. Dieses Buch ist zu empfehlen f\u00fcr Leute die sich erst einmal einen groben, vom Umfang her doch ausreichend detaillierten, \u00dcberblick \u00fcber k\u00fcnftige Touren auf einem der eruop\u00e4ischen Fernwanderwege verschaffen wollen oder sich auf auf einer solchen Tour befinden. Beschrieben sind alle Fernwanderwege in Abschnitten mit [&#8230;]\n","protected":false},"featured_media":30121,"template":"","meta":[],"product_brand":[],"product_cat":[21605],"product_tag":[],"class_list":{"0":"post-151462","1":"product","2":"type-product","3":"status-publish","4":"has-post-thumbnail","6":"product_cat-wanderfuehrer-trekking","7":"pa_autor-gorges","8":"pa_erscheinungsjahr-22144","9":"pa_region-uebrigers-europa","10":"pa_sprache-de","12":"first","13":"outofstock","14":"taxable","15":"shipping-taxable","16":"purchasable","17":"product-type-simple"},"_links":{"self":[{"href":"https:\/\/pizbube.ch\/en\/wp-json\/wp\/v2\/product\/151462","targetHints":{"allow":["GET"]}}],"collection":[{"href":"https:\/\/pizbube.ch\/en\/wp-json\/wp\/v2\/product"}],"about":[{"href":"https:\/\/pizbube.ch\/en\/wp-json\/wp\/v2\/types\/product"}],"wp:featuredmedia":[{"embeddable":true,"href":"https:\/\/pizbube.ch\/en\/wp-json\/wp\/v2\/media\/30121"}],"wp:attachment":[{"href":"https:\/\/pizbube.ch\/en\/wp-json\/wp\/v2\/media?parent=151462"}],"wp:term":[{"taxonomy":"product_brand","embeddable":true,"href":"https:\/\/pizbube.ch\/en\/wp-json\/wp\/v2\/product_brand?post=151462"},{"taxonomy":"product_cat","embeddable":true,"href":"https:\/\/pizbube.ch\/en\/wp-json\/wp\/v2\/product_cat?post=151462"},{"taxonomy":"product_tag","embeddable":true,"href":"https:\/\/pizbube.ch\/en\/wp-json\/wp\/v2\/product_tag?post=151462"}],"curies":[{"name":"wp","href":"https:\/\/api.w.org\/{rel}","templated":true}]}}