{"id":151463,"date":"2021-01-15T12:00:29","date_gmt":"2021-01-15T12:00:29","guid":{"rendered":"https:\/\/codengine3.ch\/?product=import-placeholder-for-203075"},"modified":"2021-01-15T12:53:51","modified_gmt":"2021-01-15T12:53:51","slug":"traumpfade-in-den-alpen","status":"publish","type":"product","link":"https:\/\/pizbube.ch\/en\/shop\/traumpfade-in-den-alpen\/","title":{"rendered":"Traumpfade in den Alpen"},"content":{"rendered":"<p>Tagelang auf hohen Routen die Bergwelt durchstreifen, ein Gebirge in m\u00f6glichst<br \/>\nvielen Facetten erleben ihre st\u00e4rkste Intensit\u00e4t erf\u00e4hrt die Faszination<br \/>\nalpiner Wanderungen in gro\u00dfen Durchquerungen. Anhand herrlicher Bilder und<br \/>\ninformativer Texte stellt der Autor 15 eindrucksvolle Touren aus dem gesamten<br \/>\nAlpenraum vor, darunter Klassiker wie die Tour du Mont Blanc oder den Berliner<br \/>\nH\u00f6henweg, aber auch Geheimtipps wie die Rundwanderungen um den Adamello und<br \/>\ndas Maderanertal. Ein herausnehmbarer Tourenbegleiter f\u00fcr unterwegs fasst alle<br \/>\nBasisinformationen und Tourenbeschreibungen zusammen. Die sch\u00f6nsten<br \/>\nDurchquerungen. Zahlr. Farbfotos, Tourenskizzen. 144 S. 2003. Mit<br \/>\nTourenbegleiterheft.  <\/p>","protected":false},"excerpt":{"rendered":"<p>Tagelang auf hohen Routen die Bergwelt durchstreifen, ein Gebirge in m\u00f6glichst vielen Facetten erleben ihre st\u00e4rkste Intensit\u00e4t erf\u00e4hrt die Faszination alpiner Wanderungen in gro\u00dfen Durchquerungen. Anhand herrlicher Bilder und informativer Texte stellt der Autor 15 eindrucksvolle Touren aus dem gesamten Alpenraum vor, darunter Klassiker wie die Tour du Mont Blanc oder den Berliner H\u00f6henweg, aber [&#8230;]\n","protected":false},"featured_media":30598,"template":"","meta":[],"product_brand":[],"product_cat":[21542],"product_tag":[],"class_list":{"0":"post-151463","1":"product","2":"type-product","3":"status-publish","4":"has-post-thumbnail","6":"product_cat-sachbuecher-dokumentationen","7":"pa_autor-zahel","8":"pa_erscheinungsjahr-22292","9":"pa_region-deutschland","10":"pa_sprache-de","12":"first","13":"instock","14":"taxable","15":"shipping-taxable","16":"purchasable","17":"product-type-simple"},"_links":{"self":[{"href":"https:\/\/pizbube.ch\/en\/wp-json\/wp\/v2\/product\/151463","targetHints":{"allow":["GET"]}}],"collection":[{"href":"https:\/\/pizbube.ch\/en\/wp-json\/wp\/v2\/product"}],"about":[{"href":"https:\/\/pizbube.ch\/en\/wp-json\/wp\/v2\/types\/product"}],"wp:featuredmedia":[{"embeddable":true,"href":"https:\/\/pizbube.ch\/en\/wp-json\/wp\/v2\/media\/30598"}],"wp:attachment":[{"href":"https:\/\/pizbube.ch\/en\/wp-json\/wp\/v2\/media?parent=151463"}],"wp:term":[{"taxonomy":"product_brand","embeddable":true,"href":"https:\/\/pizbube.ch\/en\/wp-json\/wp\/v2\/product_brand?post=151463"},{"taxonomy":"product_cat","embeddable":true,"href":"https:\/\/pizbube.ch\/en\/wp-json\/wp\/v2\/product_cat?post=151463"},{"taxonomy":"product_tag","embeddable":true,"href":"https:\/\/pizbube.ch\/en\/wp-json\/wp\/v2\/product_tag?post=151463"}],"curies":[{"name":"wp","href":"https:\/\/api.w.org\/{rel}","templated":true}]}}