{"id":151465,"date":"2021-01-15T12:00:29","date_gmt":"2021-01-15T12:00:29","guid":{"rendered":"https:\/\/codengine3.ch\/?product=import-placeholder-for-203130"},"modified":"2021-01-15T12:54:23","modified_gmt":"2021-01-15T12:54:23","slug":"bruckmanns-gipfelatlas-alpen","status":"publish","type":"product","link":"https:\/\/pizbube.ch\/en\/shop\/bruckmanns-gipfelatlas-alpen\/","title":{"rendered":"Bruckmanns Gipfelatlas Alpen"},"content":{"rendered":"<p>Eingeteilt nach Gebirgsregionen stellt der renommierte Autor die wichtigsten<br \/>\nAlpengipfel mit genauer H\u00f6henangabe, Lage sowie Normalanstieg vor. Zu den<br \/>\nprominenteren Gipfeln werden au\u00dferdem weitere Anstiegswege, Erstbesteiger und<br \/>\nBesonderheiten genannt. Au\u00dfergew\u00f6hnlich sind die 60 Panorama-Ansichten, die<br \/>\nder Autor eigens f\u00fcr den Gipfelatlas angefertigt hat. 1500 Gipfel, 31<br \/>\n\u00dcbersichtskarten, 19 Gebirgspanoramen. 288 S.<\/p>","protected":false},"excerpt":{"rendered":"<p>Eingeteilt nach Gebirgsregionen stellt der renommierte Autor die wichtigsten Alpengipfel mit genauer H\u00f6henangabe, Lage sowie Normalanstieg vor. Zu den prominenteren Gipfeln werden au\u00dferdem weitere Anstiegswege, Erstbesteiger und Besonderheiten genannt. Au\u00dfergew\u00f6hnlich sind die 60 Panorama-Ansichten, die der Autor eigens f\u00fcr den Gipfelatlas angefertigt hat. 1500 Gipfel, 31 \u00dcbersichtskarten, 19 Gebirgspanoramen. 288 S.<\/p>","protected":false},"featured_media":30662,"template":"","meta":[],"product_brand":[],"product_cat":[21542],"product_tag":[],"class_list":{"0":"post-151465","1":"product","2":"type-product","3":"status-publish","4":"has-post-thumbnail","6":"product_cat-sachbuecher-dokumentationen","7":"pa_autor-huesler","8":"pa_erscheinungsjahr-21920","9":"pa_region-deutschland","10":"pa_sprache-de","12":"first","13":"instock","14":"taxable","15":"shipping-taxable","16":"purchasable","17":"product-type-simple"},"_links":{"self":[{"href":"https:\/\/pizbube.ch\/en\/wp-json\/wp\/v2\/product\/151465","targetHints":{"allow":["GET"]}}],"collection":[{"href":"https:\/\/pizbube.ch\/en\/wp-json\/wp\/v2\/product"}],"about":[{"href":"https:\/\/pizbube.ch\/en\/wp-json\/wp\/v2\/types\/product"}],"wp:featuredmedia":[{"embeddable":true,"href":"https:\/\/pizbube.ch\/en\/wp-json\/wp\/v2\/media\/30662"}],"wp:attachment":[{"href":"https:\/\/pizbube.ch\/en\/wp-json\/wp\/v2\/media?parent=151465"}],"wp:term":[{"taxonomy":"product_brand","embeddable":true,"href":"https:\/\/pizbube.ch\/en\/wp-json\/wp\/v2\/product_brand?post=151465"},{"taxonomy":"product_cat","embeddable":true,"href":"https:\/\/pizbube.ch\/en\/wp-json\/wp\/v2\/product_cat?post=151465"},{"taxonomy":"product_tag","embeddable":true,"href":"https:\/\/pizbube.ch\/en\/wp-json\/wp\/v2\/product_tag?post=151465"}],"curies":[{"name":"wp","href":"https:\/\/api.w.org\/{rel}","templated":true}]}}