{"id":151468,"date":"2021-01-15T12:00:34","date_gmt":"2021-01-15T12:00:34","guid":{"rendered":"https:\/\/codengine3.ch\/?product=import-placeholder-for-203211"},"modified":"2025-01-29T09:22:28","modified_gmt":"2025-01-29T08:22:28","slug":"ascensions","status":"publish","type":"product","link":"https:\/\/pizbube.ch\/en\/shop\/ascensions\/","title":{"rendered":"Ascensions"},"content":{"rendered":"<p>Autobiographie de C. Destivelle, plusieurs fois championne du monde d&#8217;alpinisme dans les ann\u00e9es 80. Elle raconte ses ascensions les plus marquantes (la tour de Trango au Pakistan, le pilier Bonatti aux Drus, l&#8217;Eiger dans les Alpes&#8230;).<\/p>\n<p>Premiers pas durant l&#8217;enfance sur le rocher \u00e0 Fontainebleau ; plus grandes courses dans les Alpes &#8211; et en cachette de ses parents ! &#8211; \u00e0 l&#8217;adolescence. Catherine Destivelle, apr\u00e8s s&#8217;\u00eatre laiss\u00e9 entra\u00eener un temps dans l&#8217;univers du jeu, entre, \u00e0 25 ans, dans celui de la comp\u00e9tition.<\/p>\n<p>Elle y cueille les meilleures places, est plusieurs fois championne du monde, et reste celle qui a r\u00e9ussi en falaise le premier 8 f\u00e9minin. Destivelle vit avec bonheur la montagne. Un bonheur qu&#8217;elle nous fait partager dans cette autobiographie.<\/p>\n<p>Depuis ses premiers pas \u00e0 12 ans sur les rochers\u00a0de\u00a0Fontainebleau, Catherine Destivelle ressent\u00a0l\u2019imp\u00e9rieux\u00a0appel de la roche. Adolescente, elle va\u00a0m\u00eame jusqu\u2019\u00e0\u00a0esquiver la surveillance parentale\u00a0pour aller grimper bien\u00a0loin de Paris, dans les\u00a0Alpes du <span class=\"details\"> Sud. \u00e0 25 ans, elle se\u00a0lance dans la\u00a0comp\u00e9tition et rafle vite les meilleures places,\u00a0mais elle se lasse de cet univers routinier et\u00a0r\u00eave\u00a0de\u00a0grands\u00a0espaces. Cette grimpeuse insatiable se tourne vers la haute\u00a0montagne et participe \u00e0 des exp\u00e9ditions en Himalaya.\u00a0Alpiniste surdou\u00e9e, elle privil\u00e9gie ensuite les projets\u00a0d\u2019escalade en solitaire, en t\u00eate \u00e0 t\u00eate avec la montagne. Des Alpes aux parois am\u00e9ricaines, en passant par les\u00a0sommets de l\u2019Antarctique o\u00f9 elle fr\u00f4le la mort en 1996,\u00a0Catherine Detivelle vit avec bonheur son amour de la\u00a0montagne et partage son exp\u00e9rience hors du commun.<\/span><\/p>\n<p>Nouvelle Edition 2024<br \/>\n228 pages &#8211; 135 x 220 mm, Couleur &#8211; Broch\u00e9<\/p>","protected":false},"excerpt":{"rendered":"<p>Autobiographie de C. Destivelle, plusieurs fois championne du monde d&#8217;alpinisme dans les ann\u00e9es 80. Elle raconte ses ascensions les plus marquantes (la tour de Trango au Pakistan, le pilier Bonatti aux Drus, l&#8217;Eiger dans les Alpes&#8230;). Premiers pas durant l&#8217;enfance sur le rocher \u00e0 Fontainebleau ; plus grandes courses dans les Alpes &#8211; et en [&#8230;]\n","protected":false},"featured_media":178296,"template":"","meta":[],"product_brand":[],"product_cat":[21542],"product_tag":[],"class_list":{"0":"post-151468","1":"product","2":"type-product","3":"status-publish","4":"has-post-thumbnail","6":"product_cat-sachbuecher-dokumentationen","7":"pa_autor-destivelle","8":"pa_erscheinungsjahr-27339","9":"pa_region-frankreich","10":"pa_sprache-fr","12":"first","13":"instock","14":"taxable","15":"shipping-taxable","16":"purchasable","17":"product-type-simple"},"_links":{"self":[{"href":"https:\/\/pizbube.ch\/en\/wp-json\/wp\/v2\/product\/151468","targetHints":{"allow":["GET"]}}],"collection":[{"href":"https:\/\/pizbube.ch\/en\/wp-json\/wp\/v2\/product"}],"about":[{"href":"https:\/\/pizbube.ch\/en\/wp-json\/wp\/v2\/types\/product"}],"wp:featuredmedia":[{"embeddable":true,"href":"https:\/\/pizbube.ch\/en\/wp-json\/wp\/v2\/media\/178296"}],"wp:attachment":[{"href":"https:\/\/pizbube.ch\/en\/wp-json\/wp\/v2\/media?parent=151468"}],"wp:term":[{"taxonomy":"product_brand","embeddable":true,"href":"https:\/\/pizbube.ch\/en\/wp-json\/wp\/v2\/product_brand?post=151468"},{"taxonomy":"product_cat","embeddable":true,"href":"https:\/\/pizbube.ch\/en\/wp-json\/wp\/v2\/product_cat?post=151468"},{"taxonomy":"product_tag","embeddable":true,"href":"https:\/\/pizbube.ch\/en\/wp-json\/wp\/v2\/product_tag?post=151468"}],"curies":[{"name":"wp","href":"https:\/\/api.w.org\/{rel}","templated":true}]}}