{"id":151469,"date":"2021-01-15T12:00:34","date_gmt":"2021-01-15T12:00:34","guid":{"rendered":"https:\/\/codengine3.ch\/?product=import-placeholder-for-207514"},"modified":"2021-01-15T16:04:08","modified_gmt":"2021-01-15T16:04:08","slug":"chantal-mauduit-elle-grimpait-sur-les-nuages","status":"publish","type":"product","link":"https:\/\/pizbube.ch\/en\/shop\/chantal-mauduit-elle-grimpait-sur-les-nuages\/","title":{"rendered":"Chantal Mauduit &#8211; Elle grimpait sur les nuages"},"content":{"rendered":"<p>\nAlpiniste d&#8217;exception, passionn\u00e9e de po\u00e9sie, engag\u00e9e dans de nombreuses causes<br \/>\nhumanitaires, Chantal Mauduit a marqu\u00e9 le monde de la montagne dans les ann\u00e9es<br \/>\n90. Alexandre Duyck lui consacre une biographie sensible, \u00e0 l&#8217;image de sa<br \/>\npersonnalit\u00e9, lumineuse.<\/p>\n<p>\u00c0 10 ans, Chantal Mauduit \u00e9crivait dans son journal intime : \u00ab J\u2019aimerais<br \/>\nfaire de l\u2019alpinisme, malgr\u00e9 les dangers qui nous \u00e9pient, malgr\u00e9 les s\u00e9racs,<br \/>\nles corniches, les avalanches. \u00bb Vingt-quatre ans plus tard, en mai 1998, elle<br \/>\ndispara\u00eet avec Ang Tsering, son ami sherpa, ensevelie par une avalanche sur<br \/>\nles pentes du Dhaulagiri. C\u2019\u00e9tait le septi\u00e8me 8 000 qu\u2019elle r\u00eavait d\u2019atteindre<br \/>\napr\u00e8s le K2, le Cho Oyu, le Shishapangma, le Lhotse, le Manaslu et le<br \/>\nGasherbrum II.<\/p>\n<p>Des Alpes \u00e0 l\u2019Himalaya, Chantal Mauduit a men\u00e9 une vie intense, hypnotique<br \/>\ncomme l\u2019air des hautes altitudes. Elle lisait Rimbaud et parlait le n\u00e9palais,<br \/>\nriait toujours d\u2019\u00eatre l\u00e0 o\u00f9 ses pas de nomade joyeusement perch\u00e9e la menaient.<br \/>\nPassionn\u00e9e de mots, elle aimait taguer des po\u00e8mes sur sa tente et les<br \/>\nsoufflait dans l\u2019espace depuis ses sommets. Alexandre Duyck a pu explorer les<br \/>\ncarnets intimes de cette alpiniste singuli\u00e8re pour restituer la vie d\u2019une<br \/>\naventuri\u00e8re de l\u2019altitude, qui v\u00e9cut d\u2019air rare et de po\u00e9sie.<\/p>\n<p>Nombre de pages: 224, Nombre d&#8217;llustrations: 40<\/p>","protected":false},"excerpt":{"rendered":"<p>Alpiniste d&#8217;exception, passionn\u00e9e de po\u00e9sie, engag\u00e9e dans de nombreuses causes humanitaires, Chantal Mauduit a marqu\u00e9 le monde de la montagne dans les ann\u00e9es 90. Alexandre Duyck lui consacre une biographie sensible, \u00e0 l&#8217;image de sa personnalit\u00e9, lumineuse. \u00c0 10 ans, Chantal Mauduit \u00e9crivait dans son journal intime : \u00ab J\u2019aimerais faire de l\u2019alpinisme, malgr\u00e9 les [&#8230;]\n","protected":false},"featured_media":37691,"template":"","meta":[],"product_brand":[],"product_cat":[21542],"product_tag":[],"class_list":{"0":"post-151469","1":"product","2":"type-product","3":"status-publish","4":"has-post-thumbnail","6":"product_cat-sachbuecher-dokumentationen","7":"pa_autor-duyck","8":"pa_erscheinungsjahr-21571","9":"pa_region-frankreich","10":"pa_sprache-fr","12":"first","13":"outofstock","14":"taxable","15":"shipping-taxable","16":"purchasable","17":"product-type-simple"},"_links":{"self":[{"href":"https:\/\/pizbube.ch\/en\/wp-json\/wp\/v2\/product\/151469","targetHints":{"allow":["GET"]}}],"collection":[{"href":"https:\/\/pizbube.ch\/en\/wp-json\/wp\/v2\/product"}],"about":[{"href":"https:\/\/pizbube.ch\/en\/wp-json\/wp\/v2\/types\/product"}],"wp:featuredmedia":[{"embeddable":true,"href":"https:\/\/pizbube.ch\/en\/wp-json\/wp\/v2\/media\/37691"}],"wp:attachment":[{"href":"https:\/\/pizbube.ch\/en\/wp-json\/wp\/v2\/media?parent=151469"}],"wp:term":[{"taxonomy":"product_brand","embeddable":true,"href":"https:\/\/pizbube.ch\/en\/wp-json\/wp\/v2\/product_brand?post=151469"},{"taxonomy":"product_cat","embeddable":true,"href":"https:\/\/pizbube.ch\/en\/wp-json\/wp\/v2\/product_cat?post=151469"},{"taxonomy":"product_tag","embeddable":true,"href":"https:\/\/pizbube.ch\/en\/wp-json\/wp\/v2\/product_tag?post=151469"}],"curies":[{"name":"wp","href":"https:\/\/api.w.org\/{rel}","templated":true}]}}