{"id":151471,"date":"2021-01-15T12:00:34","date_gmt":"2021-01-15T12:00:34","guid":{"rendered":"https:\/\/codengine3.ch\/?product=import-placeholder-for-201326"},"modified":"2021-01-15T12:00:37","modified_gmt":"2021-01-15T12:00:37","slug":"les-nouvelles-randonnees-du-vertige","status":"publish","type":"product","link":"https:\/\/pizbube.ch\/en\/shop\/les-nouvelles-randonnees-du-vertige\/","title":{"rendered":"Les nouvelles randonn\u00e9es du vertige"},"content":{"rendered":"<p>Klettersteige in Frankreich:<br \/>\nEn 1995 et 1996, plus d&#8217;une vingtaine de via ferrata ont \u00e9t\u00e9 cr\u00e9\u00e9es en France.<br \/>\nCet ouvrage les pr\u00e9sente \u00e0 l&#8217;aide de magnifiques photographies et donne tous<br \/>\nles renseignements pratiques pour les d\u00e9couvrir.<br \/>\nCet inventaire des nouveaut\u00e9s est compl\u00e9t\u00e9 par de nombreux sentiers a\u00e9riens,<br \/>\npar les itin\u00e9raires les plus prestigieux des Dolomites et m\u00eame par les<br \/>\nklettersteig suisses o\u00f9 la vogue est en train de prendre. Au total, 35<br \/>\nchapitres qui pr\u00e9sentent avec minutie pr\u00e8s de 60 itin\u00e9raires dont plusieurs<br \/>\nsont in\u00e9dits.  <\/p>","protected":false},"excerpt":{"rendered":"<p>Klettersteige in Frankreich: En 1995 et 1996, plus d&#8217;une vingtaine de via ferrata ont \u00e9t\u00e9 cr\u00e9\u00e9es en France. Cet ouvrage les pr\u00e9sente \u00e0 l&#8217;aide de magnifiques photographies et donne tous les renseignements pratiques pour les d\u00e9couvrir. Cet inventaire des nouveaut\u00e9s est compl\u00e9t\u00e9 par de nombreux sentiers a\u00e9riens, par les itin\u00e9raires les plus prestigieux des Dolomites [&#8230;]\n","protected":false},"featured_media":28642,"template":"","meta":[],"product_brand":[],"product_cat":[21544],"product_tag":[],"class_list":{"0":"post-151471","1":"product","2":"type-product","3":"status-publish","4":"has-post-thumbnail","6":"product_cat-fuehrerliteratur-alpin-sommer","7":"pa_autor-pascal-sombardier","8":"pa_erscheinungsjahr-22133","9":"pa_region-frankreich","10":"pa_sprache-fr","12":"first","13":"instock","14":"taxable","15":"shipping-taxable","16":"purchasable","17":"product-type-simple"},"_links":{"self":[{"href":"https:\/\/pizbube.ch\/en\/wp-json\/wp\/v2\/product\/151471","targetHints":{"allow":["GET"]}}],"collection":[{"href":"https:\/\/pizbube.ch\/en\/wp-json\/wp\/v2\/product"}],"about":[{"href":"https:\/\/pizbube.ch\/en\/wp-json\/wp\/v2\/types\/product"}],"wp:featuredmedia":[{"embeddable":true,"href":"https:\/\/pizbube.ch\/en\/wp-json\/wp\/v2\/media\/28642"}],"wp:attachment":[{"href":"https:\/\/pizbube.ch\/en\/wp-json\/wp\/v2\/media?parent=151471"}],"wp:term":[{"taxonomy":"product_brand","embeddable":true,"href":"https:\/\/pizbube.ch\/en\/wp-json\/wp\/v2\/product_brand?post=151471"},{"taxonomy":"product_cat","embeddable":true,"href":"https:\/\/pizbube.ch\/en\/wp-json\/wp\/v2\/product_cat?post=151471"},{"taxonomy":"product_tag","embeddable":true,"href":"https:\/\/pizbube.ch\/en\/wp-json\/wp\/v2\/product_tag?post=151471"}],"curies":[{"name":"wp","href":"https:\/\/api.w.org\/{rel}","templated":true}]}}