{"id":151474,"date":"2021-01-15T12:00:34","date_gmt":"2021-01-15T12:00:34","guid":{"rendered":"https:\/\/codengine3.ch\/?product=import-placeholder-for-206564"},"modified":"2021-01-15T14:49:54","modified_gmt":"2021-01-15T14:49:54","slug":"toutes-les-via-ferrata-de-france","status":"publish","type":"product","link":"https:\/\/pizbube.ch\/en\/shop\/toutes-les-via-ferrata-de-france\/","title":{"rendered":"Toutes les via ferrata de France"},"content":{"rendered":"<p>130 itin\u00e9raires<\/p>\n<p>Le succ\u00e8s de cette activit\u00e9 ne se d\u00e9ment pas: d\u2019ann\u00e9e en ann\u00e9e de nouvelles<br \/>\nvia ferrata voient le jour en France!  <\/p>\n<p>Ce guide mis \u00e0 jour et augment\u00e9 recense toutes les via ferrata de France. \u00c0<br \/>\nl\u2019origine surtout pr\u00e9sentes dans les Alpes, elles sont aujourd&#8217;hui fr\u00e9quentes<br \/>\ndans les Pyr\u00e9n\u00e9es, le Massif central, le Jura, l\u2019Ard\u00e8che, la Corse&#8230;  <\/p>\n<p>Gr\u00e2ce \u00e0 ses explications claires, une lecture imm\u00e9diate des caract\u00e9ristiques<br \/>\nde l\u2019itin\u00e9raire sous forme de pictogrammes, une description pr\u00e9cise de<br \/>\nl\u2019acc\u00e8s, de la descente et des \u00e9chappatoires, ce guide, illustr\u00e9 par les<br \/>\nphotographies de l\u2019auteur, est id\u00e9al pour la d\u00e9couverte du monde vertical.<br \/>\n3 i\u00e8me \u00e9dit. 2017  <\/p>","protected":false},"excerpt":{"rendered":"<p>130 itin\u00e9raires Le succ\u00e8s de cette activit\u00e9 ne se d\u00e9ment pas: d\u2019ann\u00e9e en ann\u00e9e de nouvelles via ferrata voient le jour en France! Ce guide mis \u00e0 jour et augment\u00e9 recense toutes les via ferrata de France. \u00c0 l\u2019origine surtout pr\u00e9sentes dans les Alpes, elles sont aujourd&#8217;hui fr\u00e9quentes dans les Pyr\u00e9n\u00e9es, le Massif central, le [&#8230;]\n","protected":false},"featured_media":35629,"template":"","meta":[],"product_brand":[],"product_cat":[21544],"product_tag":[],"class_list":{"0":"post-151474","1":"product","2":"type-product","3":"status-publish","4":"has-post-thumbnail","6":"product_cat-fuehrerliteratur-alpin-sommer","7":"pa_autor-chavy","8":"pa_erscheinungsjahr-21574","9":"pa_region-frankreich","10":"pa_sprache-fr","12":"first","13":"instock","14":"taxable","15":"shipping-taxable","16":"purchasable","17":"product-type-simple"},"_links":{"self":[{"href":"https:\/\/pizbube.ch\/en\/wp-json\/wp\/v2\/product\/151474","targetHints":{"allow":["GET"]}}],"collection":[{"href":"https:\/\/pizbube.ch\/en\/wp-json\/wp\/v2\/product"}],"about":[{"href":"https:\/\/pizbube.ch\/en\/wp-json\/wp\/v2\/types\/product"}],"wp:featuredmedia":[{"embeddable":true,"href":"https:\/\/pizbube.ch\/en\/wp-json\/wp\/v2\/media\/35629"}],"wp:attachment":[{"href":"https:\/\/pizbube.ch\/en\/wp-json\/wp\/v2\/media?parent=151474"}],"wp:term":[{"taxonomy":"product_brand","embeddable":true,"href":"https:\/\/pizbube.ch\/en\/wp-json\/wp\/v2\/product_brand?post=151474"},{"taxonomy":"product_cat","embeddable":true,"href":"https:\/\/pizbube.ch\/en\/wp-json\/wp\/v2\/product_cat?post=151474"},{"taxonomy":"product_tag","embeddable":true,"href":"https:\/\/pizbube.ch\/en\/wp-json\/wp\/v2\/product_tag?post=151474"}],"curies":[{"name":"wp","href":"https:\/\/api.w.org\/{rel}","templated":true}]}}