{"id":151477,"date":"2021-01-15T12:00:34","date_gmt":"2021-01-15T12:00:34","guid":{"rendered":"https:\/\/codengine3.ch\/?product=import-placeholder-for-201789"},"modified":"2021-01-15T12:04:37","modified_gmt":"2021-01-15T12:04:37","slug":"hohe-tatra-und-westliche-tatra-1-50-000","status":"publish","type":"product","link":"https:\/\/pizbube.ch\/en\/shop\/hohe-tatra-und-westliche-tatra-1-50-000\/","title":{"rendered":"Hohe Tatra und westliche Tatra 1: 50 000"},"content":{"rendered":"<p>Wander- und Radtourenkarte 1:50&#8217;000; mit Beiheft \/ Mit Orts- verzeichnis,<br \/>\nKultur, Sehensw\u00fcrdigkeiten, Brauchtum.  <\/p>\n<p>Alpinistisch-touristische Informationen, Schutzh\u00fctten und Ausflugsgasth\u00e4user,<br \/>\nTourenvorschl\u00e4ge. (WK SK 1)  <\/p>","protected":false},"excerpt":{"rendered":"<p>Wander- und Radtourenkarte 1:50&#8217;000; mit Beiheft \/ Mit Orts- verzeichnis, Kultur, Sehensw\u00fcrdigkeiten, Brauchtum. Alpinistisch-touristische Informationen, Schutzh\u00fctten und Ausflugsgasth\u00e4user, Tourenvorschl\u00e4ge. (WK SK 1)<\/p>","protected":false},"featured_media":29176,"template":"","meta":[],"product_brand":[],"product_cat":[21543],"product_tag":[],"class_list":{"0":"post-151477","1":"product","2":"type-product","3":"status-publish","4":"has-post-thumbnail","6":"product_cat-landkarten","7":"pa_autor-freytag-berndt-2","8":"pa_erscheinungsjahr-21920","9":"pa_region-osteuropa","10":"pa_sprache-de","12":"first","13":"outofstock","14":"taxable","15":"shipping-taxable","16":"purchasable","17":"product-type-simple"},"_links":{"self":[{"href":"https:\/\/pizbube.ch\/en\/wp-json\/wp\/v2\/product\/151477","targetHints":{"allow":["GET"]}}],"collection":[{"href":"https:\/\/pizbube.ch\/en\/wp-json\/wp\/v2\/product"}],"about":[{"href":"https:\/\/pizbube.ch\/en\/wp-json\/wp\/v2\/types\/product"}],"wp:featuredmedia":[{"embeddable":true,"href":"https:\/\/pizbube.ch\/en\/wp-json\/wp\/v2\/media\/29176"}],"wp:attachment":[{"href":"https:\/\/pizbube.ch\/en\/wp-json\/wp\/v2\/media?parent=151477"}],"wp:term":[{"taxonomy":"product_brand","embeddable":true,"href":"https:\/\/pizbube.ch\/en\/wp-json\/wp\/v2\/product_brand?post=151477"},{"taxonomy":"product_cat","embeddable":true,"href":"https:\/\/pizbube.ch\/en\/wp-json\/wp\/v2\/product_cat?post=151477"},{"taxonomy":"product_tag","embeddable":true,"href":"https:\/\/pizbube.ch\/en\/wp-json\/wp\/v2\/product_tag?post=151477"}],"curies":[{"name":"wp","href":"https:\/\/api.w.org\/{rel}","templated":true}]}}