{"id":151478,"date":"2021-01-15T12:00:35","date_gmt":"2021-01-15T12:00:35","guid":{"rendered":"https:\/\/codengine3.ch\/?product=import-placeholder-for-206698"},"modified":"2021-01-15T14:50:58","modified_gmt":"2021-01-15T14:50:58","slug":"hoch-oben-im-tal-der-woelfe","status":"publish","type":"product","link":"https:\/\/pizbube.ch\/en\/shop\/hoch-oben-im-tal-der-woelfe\/","title":{"rendered":"Hoch oben im Tal der W\u00f6lfe"},"content":{"rendered":"<p>\u00bbHoch oben im Tal der W\u00f6lfe\u00ab geht auf ein tragisches Ereignis zur\u00fcck: auf die<br \/>\nGewalt, die im Februar 1991 im Wallis gegen einen Umweltaktivisten des WWF<br \/>\nver\u00fcbt wurde. Nach der Untersuchung hat das Gericht die Einstellung des<br \/>\nVerfahrens verf\u00fcgt.<\/p>\n<p>In den Caf\u00e9s h\u00e4lt man seine Meinung nicht zur\u00fcck, nimmt kein Blatt vor den<br \/>\nMund. Es kommen Ger\u00fcchte auf. Eine Gruppe idealistischer junger Leute setzt<br \/>\nsich f\u00fcr die Sache ein, die den jungen Mann fast das Leben gekostet hat. Die<br \/>\nBeweise fehlen, die Untersuchung ger\u00e4t ins Stocken \u2026 Wer ist daran<br \/>\ninteressiert, dass die Wahrheit nicht an den Tag kommt?<\/p>\n<p>Der Aktenordner des Falls ist so dick wie ein Roman, doch er bleibt geheim.<br \/>\nIndes ist es mit dem Verschweigen manchmal nicht getan, und hier beginnt die<br \/>\nLiteratur.<\/p>\n<p>\u00bbHoch oben im Tal der W\u00f6lfe\u00ab erz\u00e4hlt die ungest\u00fcmen, merkw\u00fcrdigen Jahre einer<br \/>\n-Gruppe von jungen Leuten, die sich, grimmig entschlossen, die Natur zu retten<br \/>\nund die Welt zu ver\u00e4ndern, mit einer geschlossenen Gesellschaft angelegt hat.<\/p>\n<p>J\u00e9r\u00f4me Meizoz gelingt es auf beeindruckende Art, ein St\u00fcck Zeitgeschichte in<br \/>\nLiteratur zu verwandeln.<\/p>\n<p>Wahrer Roman, \u00fcbersetzt von Andreas Grosz<\/p>","protected":false},"excerpt":{"rendered":"<p>\u00bbHoch oben im Tal der W\u00f6lfe\u00ab geht auf ein tragisches Ereignis zur\u00fcck: auf die Gewalt, die im Februar 1991 im Wallis gegen einen Umweltaktivisten des WWF ver\u00fcbt wurde. Nach der Untersuchung hat das Gericht die Einstellung des Verfahrens verf\u00fcgt. In den Caf\u00e9s h\u00e4lt man seine Meinung nicht zur\u00fcck, nimmt kein Blatt vor den Mund. Es [&#8230;]\n","protected":false},"featured_media":35868,"template":"","meta":[],"product_brand":[],"product_cat":[21629],"product_tag":[],"class_list":{"0":"post-151478","1":"product","2":"type-product","3":"status-publish","4":"has-post-thumbnail","6":"product_cat-belletristik","7":"pa_autor-meizoz","8":"pa_erscheinungsjahr-21574","9":"pa_region-schweiz","10":"pa_sprache-de","12":"first","13":"instock","14":"taxable","15":"shipping-taxable","16":"purchasable","17":"product-type-simple"},"_links":{"self":[{"href":"https:\/\/pizbube.ch\/en\/wp-json\/wp\/v2\/product\/151478","targetHints":{"allow":["GET"]}}],"collection":[{"href":"https:\/\/pizbube.ch\/en\/wp-json\/wp\/v2\/product"}],"about":[{"href":"https:\/\/pizbube.ch\/en\/wp-json\/wp\/v2\/types\/product"}],"wp:featuredmedia":[{"embeddable":true,"href":"https:\/\/pizbube.ch\/en\/wp-json\/wp\/v2\/media\/35868"}],"wp:attachment":[{"href":"https:\/\/pizbube.ch\/en\/wp-json\/wp\/v2\/media?parent=151478"}],"wp:term":[{"taxonomy":"product_brand","embeddable":true,"href":"https:\/\/pizbube.ch\/en\/wp-json\/wp\/v2\/product_brand?post=151478"},{"taxonomy":"product_cat","embeddable":true,"href":"https:\/\/pizbube.ch\/en\/wp-json\/wp\/v2\/product_cat?post=151478"},{"taxonomy":"product_tag","embeddable":true,"href":"https:\/\/pizbube.ch\/en\/wp-json\/wp\/v2\/product_tag?post=151478"}],"curies":[{"name":"wp","href":"https:\/\/api.w.org\/{rel}","templated":true}]}}