{"id":151479,"date":"2021-01-15T12:00:35","date_gmt":"2021-01-15T12:00:35","guid":{"rendered":"https:\/\/codengine3.ch\/?product=import-placeholder-for-201329"},"modified":"2025-12-20T12:07:51","modified_gmt":"2025-12-20T11:07:51","slug":"das-flow-erlebnis","status":"publish","type":"product","link":"https:\/\/pizbube.ch\/en\/shop\/das-flow-erlebnis\/","title":{"rendered":"Das Flow-Erlebnis"},"content":{"rendered":"<p>Jenseits von Angst und Langeweile: im Tun aufgehen<\/p>\n<p>\u00dcber das flow- Erlebnis beim Klettern und anderen Sportarten: Was motiviert<br \/>\nMenschen, strapazi\u00f6se und mit Einsatz und Opfern verbundene T\u00e4tigkeiten um<br \/>\nihrer selbst willen auszuf\u00fchren, ohne Anreize wie Geld, Status, Macht oder<br \/>\nPrestige?<\/p>\n<p>Sie erleben dabei T\u00e4tigkeitsfreude, ein erh\u00f6htes Lebensgef\u00fchl, Entspannung- in<br \/>\nder Motivationspsychologie flow genannt.<br \/>\nIn diesem Buch untersucht der weltweit f\u00fchrende Gl\u00fccksforscher das flow-<br \/>\nPh\u00e4nomen in vier v\u00f6llig verschiedenen Bereichen menschlicher T\u00e4tigkeit: beim<br \/>\nSchachspielen, beim Klettern im Fels, beim Tanzen und bei der Arbeit.<\/p>\n<p>In diesem Buch untersucht der Gl\u00fccksforscher Mihaly Csikszentmihalyi das flow-<br \/>\nPh\u00e4nomen in vier v\u00f6llig verschiedenen Bereichen menschlicher T\u00e4tigkeit: beim<br \/>\nSchachspielen, beim Klettern im Fels, beim Tanzen und bei der Arbeit. Ein sehr<br \/>\nlebendig und anschaulich geschriebenes Buch &#8211; interessant f\u00fcr den Laien, der<br \/>\nsich mit Motivationsproblemen im Alltag besch\u00e4ftigt, wie f\u00fcr den Psychologen,<br \/>\nder den Problemen der intrinsischen Motivation nachgeht.<\/p>\n<p>Flow bezeichnet einen Zustand des Gl\u00fccksgef\u00fchls, in den Menschen geraten, wenn<br \/>\nsie g\u00e4nzlich in einer Besch\u00e4ftigung \u00bbaufgehen\u00ab. Entgegen ersten Erwartungen<br \/>\nerreichen wir diesen Zustand nahezu euphorischer Stimmung meistens nicht beim<br \/>\nNichtstun oder im Urlaub, sondern wenn wir uns intensiv der Arbeit oder einer<br \/>\nschwierigen Aufgabe widmen.<\/p>\n<p>254 Seiten<br \/>\n12. Auflage 2029<\/p>","protected":false},"excerpt":{"rendered":"<p>Jenseits von Angst und Langeweile: im Tun aufgehen \u00dcber das flow- Erlebnis beim Klettern und anderen Sportarten: Was motiviert Menschen, strapazi\u00f6se und mit Einsatz und Opfern verbundene T\u00e4tigkeiten um ihrer selbst willen auszuf\u00fchren, ohne Anreize wie Geld, Status, Macht oder Prestige? Sie erleben dabei T\u00e4tigkeitsfreude, ein erh\u00f6htes Lebensgef\u00fchl, Entspannung- in der Motivationspsychologie flow genannt. In [&#8230;]\n","protected":false},"featured_media":182619,"template":"","meta":[],"product_brand":[],"product_cat":[21538],"product_tag":[],"class_list":{"0":"post-151479","1":"product","2":"type-product","3":"status-publish","4":"has-post-thumbnail","6":"product_cat-lehrbuecher","7":"pa_autor-csikszentmihalyi","8":"pa_erscheinungsjahr-21586","9":"pa_region-klettertechnik","10":"pa_sprache-de","12":"first","13":"instock","14":"taxable","15":"shipping-taxable","16":"purchasable","17":"product-type-simple"},"_links":{"self":[{"href":"https:\/\/pizbube.ch\/en\/wp-json\/wp\/v2\/product\/151479","targetHints":{"allow":["GET"]}}],"collection":[{"href":"https:\/\/pizbube.ch\/en\/wp-json\/wp\/v2\/product"}],"about":[{"href":"https:\/\/pizbube.ch\/en\/wp-json\/wp\/v2\/types\/product"}],"wp:featuredmedia":[{"embeddable":true,"href":"https:\/\/pizbube.ch\/en\/wp-json\/wp\/v2\/media\/182619"}],"wp:attachment":[{"href":"https:\/\/pizbube.ch\/en\/wp-json\/wp\/v2\/media?parent=151479"}],"wp:term":[{"taxonomy":"product_brand","embeddable":true,"href":"https:\/\/pizbube.ch\/en\/wp-json\/wp\/v2\/product_brand?post=151479"},{"taxonomy":"product_cat","embeddable":true,"href":"https:\/\/pizbube.ch\/en\/wp-json\/wp\/v2\/product_cat?post=151479"},{"taxonomy":"product_tag","embeddable":true,"href":"https:\/\/pizbube.ch\/en\/wp-json\/wp\/v2\/product_tag?post=151479"}],"curies":[{"name":"wp","href":"https:\/\/api.w.org\/{rel}","templated":true}]}}