{"id":151481,"date":"2021-01-15T12:00:35","date_gmt":"2021-01-15T12:00:35","guid":{"rendered":"https:\/\/codengine3.ch\/?product=import-placeholder-for-203452"},"modified":"2025-01-15T15:21:40","modified_gmt":"2025-01-15T14:21:40","slug":"schottland","status":"publish","type":"product","link":"https:\/\/pizbube.ch\/en\/shop\/schottland\/","title":{"rendered":"Schottland"},"content":{"rendered":"<p class=\"mt-3\">Wanderungen an den K\u00fcsten und in den Highlands<\/p>\n<p><span class=\"value\">Schottland ist bekannt f\u00fcr seine atemberaubenden Landschaften: Von den majest\u00e4tischen Highlands bis zu den malerischen K\u00fcsten finden sich weitl\u00e4ufige Bergketten, gr\u00fcne H\u00fcgel, weite Moorlandschaften und urspr\u00fcngliche W\u00e4lder. Das wechselhafte Wetter sorgt f\u00fcr dramatische Wolkenstimmungen und fantastisches Licht. Die urt\u00fcmliche, oft menschenleere Landschaft ist ideal zum Wandern. Der Rother Wanderf\u00fchrer Schottland stellt 63 Tages- und Mehrtageswanderungen im ganzen Land vor: von den Scottish Borders bis in die Highlands, Islands und K\u00fcstenregionen.<\/span><\/p>\n<p>Die Wanderungen lassen Schottland so richtig erleben. Die Spannweite reicht vom gem\u00fctlichen Strandspaziergang bis zur hochalpinen Grat\u00fcberschreitung. Klassische Wanderziele in den Highlands sind ebenso beschrieben wie Mehrtagestouren abseits der Zivilisation oder k\u00fcrzere Wanderungen in der N\u00e4he von St\u00e4dten und an der K\u00fcste \u2013 die lassen sich in jeden Schottland-Urlaub einbauen.<\/p>\n<p>Die Wanderungen werden mit zuverl\u00e4ssigen Wegbeschreibungen, Karten mit eingezeichneter Route und aussagekr\u00e4ftigen H\u00f6henprofilen vorgestellt. Gepr\u00fcfte GPS-Tracks, die von der Rother Website heruntergeladen werden k\u00f6nnen, erleichtern die Orientierung unterwegs. Viele Tipps \u2013 zum Beispiel zu Wetter und Wanderplanung, zum Umgang mit den ber\u00fcchtigten Midges oder zum Wandern mit Hund \u2013 machen diesen Wanderf\u00fchrer zu einem perfekten Reisebegleiter f\u00fcr alle Schottland-Fans.<\/p>\n<p>240 Seiten;<br \/>\n63 H\u00f6henprofile, 66 Wanderk\u00e4rtchen im Ma\u00dfstab 1:25.000, 1:50.000 und 1:75.000, f\u00fcnf \u00dcbersichtskarten im Ma\u00dfstab 1:2.000.000, GPS-Tracks zum Download<br \/>\n8., vollst\u00e4ndig neu bearbeitete und erweiterte Auflage 2024<\/p>","protected":false},"excerpt":{"rendered":"<p>Wanderungen an den K\u00fcsten und in den Highlands Schottland ist bekannt f\u00fcr seine atemberaubenden Landschaften: Von den majest\u00e4tischen Highlands bis zu den malerischen K\u00fcsten finden sich weitl\u00e4ufige Bergketten, gr\u00fcne H\u00fcgel, weite Moorlandschaften und urspr\u00fcngliche W\u00e4lder. Das wechselhafte Wetter sorgt f\u00fcr dramatische Wolkenstimmungen und fantastisches Licht. Die urt\u00fcmliche, oft menschenleere Landschaft ist ideal zum Wandern. Der [&#8230;]\n","protected":false},"featured_media":178099,"template":"","meta":[],"product_brand":[],"product_cat":[21605],"product_tag":[27530],"class_list":{"0":"post-151481","1":"product","2":"type-product","3":"status-publish","4":"has-post-thumbnail","6":"product_cat-wanderfuehrer-trekking","7":"product_tag-scottland","8":"pa_autor-gantzhorn","9":"pa_erscheinungsjahr-27339","10":"pa_region-grossbritannien-scottland","11":"pa_sprache-de","13":"first","14":"instock","15":"taxable","16":"shipping-taxable","17":"purchasable","18":"product-type-simple"},"_links":{"self":[{"href":"https:\/\/pizbube.ch\/en\/wp-json\/wp\/v2\/product\/151481","targetHints":{"allow":["GET"]}}],"collection":[{"href":"https:\/\/pizbube.ch\/en\/wp-json\/wp\/v2\/product"}],"about":[{"href":"https:\/\/pizbube.ch\/en\/wp-json\/wp\/v2\/types\/product"}],"wp:featuredmedia":[{"embeddable":true,"href":"https:\/\/pizbube.ch\/en\/wp-json\/wp\/v2\/media\/178099"}],"wp:attachment":[{"href":"https:\/\/pizbube.ch\/en\/wp-json\/wp\/v2\/media?parent=151481"}],"wp:term":[{"taxonomy":"product_brand","embeddable":true,"href":"https:\/\/pizbube.ch\/en\/wp-json\/wp\/v2\/product_brand?post=151481"},{"taxonomy":"product_cat","embeddable":true,"href":"https:\/\/pizbube.ch\/en\/wp-json\/wp\/v2\/product_cat?post=151481"},{"taxonomy":"product_tag","embeddable":true,"href":"https:\/\/pizbube.ch\/en\/wp-json\/wp\/v2\/product_tag?post=151481"}],"curies":[{"name":"wp","href":"https:\/\/api.w.org\/{rel}","templated":true}]}}