{"id":151486,"date":"2021-01-15T12:00:35","date_gmt":"2021-01-15T12:00:35","guid":{"rendered":"https:\/\/codengine3.ch\/?product=import-placeholder-for-203093"},"modified":"2021-01-15T12:54:01","modified_gmt":"2021-01-15T12:54:01","slug":"cuatromiles-de-los-alpes","status":"publish","type":"product","link":"https:\/\/pizbube.ch\/en\/shop\/cuatromiles-de-los-alpes\/","title":{"rendered":"Cuatromiles de los Alpes"},"content":{"rendered":"<p>Goedeke nos ofrece en esta segunda edici\u00f3n una descripci\u00f3n pr\u00e1ctica, completa<br \/>\ny actualizada de las rutas normales de todos los cuatromiles alpinos,<br \/>\nincluidos los picos que han encontrado recientemente su lugar en la nueva<br \/>\nlista de la UIAA. En esta gu\u00eda cl\u00e1sica e imprescindible, que goza de gran<br \/>\nprestigio entre los alpinistas de todo el mundo, tendr\u00e1s al alcance de la mano<br \/>\nlos cuatromiles de los Alpes, con imprescindible informaci\u00f3n del tipo de:<br \/>\ndescripci\u00f3n de la localidad de partida y de los accesos, croquis claros de las<br \/>\nrutas, descripciones exactas de todas las rutas normales y de sus variantes.  <\/p>\n<p>Nueva edici\u00f3n con las recientes modificaciones de algunos itinerarios debido<br \/>\nal cambio clim\u00e1tico, tel\u00e9fonos actualizados de los refugios, etc.  <\/p>","protected":false},"excerpt":{"rendered":"<p>Goedeke nos ofrece en esta segunda edici\u00f3n una descripci\u00f3n pr\u00e1ctica, completa y actualizada de las rutas normales de todos los cuatromiles alpinos, incluidos los picos que han encontrado recientemente su lugar en la nueva lista de la UIAA. En esta gu\u00eda cl\u00e1sica e imprescindible, que goza de gran prestigio entre los alpinistas de todo el [&#8230;]\n","protected":false},"featured_media":30621,"template":"","meta":[],"product_brand":[],"product_cat":[21544],"product_tag":[],"class_list":{"0":"post-151486","1":"product","2":"type-product","3":"status-publish","4":"has-post-thumbnail","6":"product_cat-fuehrerliteratur-alpin-sommer","7":"pa_autor-goedeke","8":"pa_erscheinungsjahr-21842","9":"pa_region-schweiz","10":"pa_sprache-sp","12":"first","13":"instock","14":"taxable","15":"shipping-taxable","16":"purchasable","17":"product-type-simple"},"_links":{"self":[{"href":"https:\/\/pizbube.ch\/en\/wp-json\/wp\/v2\/product\/151486","targetHints":{"allow":["GET"]}}],"collection":[{"href":"https:\/\/pizbube.ch\/en\/wp-json\/wp\/v2\/product"}],"about":[{"href":"https:\/\/pizbube.ch\/en\/wp-json\/wp\/v2\/types\/product"}],"wp:featuredmedia":[{"embeddable":true,"href":"https:\/\/pizbube.ch\/en\/wp-json\/wp\/v2\/media\/30621"}],"wp:attachment":[{"href":"https:\/\/pizbube.ch\/en\/wp-json\/wp\/v2\/media?parent=151486"}],"wp:term":[{"taxonomy":"product_brand","embeddable":true,"href":"https:\/\/pizbube.ch\/en\/wp-json\/wp\/v2\/product_brand?post=151486"},{"taxonomy":"product_cat","embeddable":true,"href":"https:\/\/pizbube.ch\/en\/wp-json\/wp\/v2\/product_cat?post=151486"},{"taxonomy":"product_tag","embeddable":true,"href":"https:\/\/pizbube.ch\/en\/wp-json\/wp\/v2\/product_tag?post=151486"}],"curies":[{"name":"wp","href":"https:\/\/api.w.org\/{rel}","templated":true}]}}