{"id":151502,"date":"2021-01-15T12:00:37","date_gmt":"2021-01-15T12:00:37","guid":{"rendered":"https:\/\/codengine3.ch\/?product=import-placeholder-for-202350"},"modified":"2021-01-15T12:35:33","modified_gmt":"2021-01-15T12:35:33","slug":"spiel-der-geister-tb","status":"publish","type":"product","link":"https:\/\/pizbube.ch\/en\/shop\/spiel-der-geister-tb\/","title":{"rendered":"Spiel der Geister (TB)"},"content":{"rendered":"<p>Auch nach einem schrecklichen Sturz Im Himalaja qu\u00e4lte er sich an Kr\u00fccken auf<br \/>\nden Gipfel des Pumori. Dann fand wieder ein junger Kollege den Bergtod. Das<br \/>\nau\u00dfergew\u00f6hnliche Buch eines Mannes, der immer wieder an seine Grenzen mu\u00df, um<br \/>\nder Angst auf den Grund zu gehen.<\/p>","protected":false},"excerpt":{"rendered":"<p>Auch nach einem schrecklichen Sturz Im Himalaja qu\u00e4lte er sich an Kr\u00fccken auf den Gipfel des Pumori. Dann fand wieder ein junger Kollege den Bergtod. Das au\u00dfergew\u00f6hnliche Buch eines Mannes, der immer wieder an seine Grenzen mu\u00df, um der Angst auf den Grund zu gehen.<\/p>","protected":false},"featured_media":45070,"template":"","meta":[],"product_brand":[],"product_cat":[21629],"product_tag":[],"class_list":{"0":"post-151502","1":"product","2":"type-product","3":"status-publish","4":"has-post-thumbnail","6":"product_cat-belletristik","7":"pa_autor-simpson","8":"pa_erscheinungsjahr-22242","9":"pa_region-asien","10":"pa_sprache-de","12":"first","13":"outofstock","14":"taxable","15":"shipping-taxable","16":"purchasable","17":"product-type-simple"},"_links":{"self":[{"href":"https:\/\/pizbube.ch\/en\/wp-json\/wp\/v2\/product\/151502","targetHints":{"allow":["GET"]}}],"collection":[{"href":"https:\/\/pizbube.ch\/en\/wp-json\/wp\/v2\/product"}],"about":[{"href":"https:\/\/pizbube.ch\/en\/wp-json\/wp\/v2\/types\/product"}],"wp:featuredmedia":[{"embeddable":true,"href":"https:\/\/pizbube.ch\/en\/wp-json\/wp\/v2\/media\/45070"}],"wp:attachment":[{"href":"https:\/\/pizbube.ch\/en\/wp-json\/wp\/v2\/media?parent=151502"}],"wp:term":[{"taxonomy":"product_brand","embeddable":true,"href":"https:\/\/pizbube.ch\/en\/wp-json\/wp\/v2\/product_brand?post=151502"},{"taxonomy":"product_cat","embeddable":true,"href":"https:\/\/pizbube.ch\/en\/wp-json\/wp\/v2\/product_cat?post=151502"},{"taxonomy":"product_tag","embeddable":true,"href":"https:\/\/pizbube.ch\/en\/wp-json\/wp\/v2\/product_tag?post=151502"}],"curies":[{"name":"wp","href":"https:\/\/api.w.org\/{rel}","templated":true}]}}