{"id":151507,"date":"2021-01-15T12:00:41","date_gmt":"2021-01-15T12:00:41","guid":{"rendered":"https:\/\/codengine3.ch\/?product=import-placeholder-for-203646"},"modified":"2021-01-15T14:25:14","modified_gmt":"2021-01-15T14:25:14","slug":"catherine-destivelle-solo-durch-grosse-waende","status":"publish","type":"product","link":"https:\/\/pizbube.ch\/en\/shop\/catherine-destivelle-solo-durch-grosse-waende\/","title":{"rendered":"Catherine Destivelle Solo durch grosse W\u00e4nde"},"content":{"rendered":"<p>Sie ist die bekannteste franz\u00f6sische Kletterin und die erste Frau, die in den<br \/>\nAchtzigerjahren eine Route im 8. Schwierigkeitsgrad kletterte. Durch ihre<br \/>\nSiege bei Kletterwettk\u00e4mpfen, ihre Begehungen extremer W\u00e4nde in den Alpen und<br \/>\nim Karakorum sowie durch ihre spektakul\u00e4ren Alleing\u00e4nge begeisterte sie die<br \/>\ninternationale Bergsteigerszene. Sie wirkte in zahlreichen Filmen und Fernseh-<br \/>\nsendungen mit, die Zeitschriften waren voll von Berichten \u00fcber ihre<br \/>\nUnternehmungen, die Medien rissen sich um sie.<br \/>\nSie berichtet von ihrer Erstbegehung im Alleingang durch die Westwand der Drus<br \/>\nund von den Solo-Winterbegehungen der Eiger-Nordwand, des Walkerpfeilers und<br \/>\nder Matterhorn-Nordwand. Seit 1997 ihr Sohn Victor geboren wurde, \u00fcbernimmt<br \/>\nsie als Mutter eine neue Rolle ohne die Berge zu vernachl\u00e4ssigen: 1999<br \/>\nkletterte sie solo durch die Hasse-Brandler-F\u00fchre an der Grossen Zinne.<\/p>","protected":false},"excerpt":{"rendered":"<p>Sie ist die bekannteste franz\u00f6sische Kletterin und die erste Frau, die in den Achtzigerjahren eine Route im 8. Schwierigkeitsgrad kletterte. Durch ihre Siege bei Kletterwettk\u00e4mpfen, ihre Begehungen extremer W\u00e4nde in den Alpen und im Karakorum sowie durch ihre spektakul\u00e4ren Alleing\u00e4nge begeisterte sie die internationale Bergsteigerszene. Sie wirkte in zahlreichen Filmen und Fernseh- sendungen mit, die [&#8230;]\n","protected":false},"featured_media":31297,"template":"","meta":[],"product_brand":[],"product_cat":[21542],"product_tag":[],"class_list":{"0":"post-151507","1":"product","2":"type-product","3":"status-publish","4":"has-post-thumbnail","6":"product_cat-sachbuecher-dokumentationen","7":"pa_autor-destivelle-funk","8":"pa_erscheinungsjahr-21776","9":"pa_region-frankreich","10":"pa_sprache-de","12":"first","13":"outofstock","14":"taxable","15":"shipping-taxable","16":"purchasable","17":"product-type-simple"},"_links":{"self":[{"href":"https:\/\/pizbube.ch\/en\/wp-json\/wp\/v2\/product\/151507","targetHints":{"allow":["GET"]}}],"collection":[{"href":"https:\/\/pizbube.ch\/en\/wp-json\/wp\/v2\/product"}],"about":[{"href":"https:\/\/pizbube.ch\/en\/wp-json\/wp\/v2\/types\/product"}],"wp:featuredmedia":[{"embeddable":true,"href":"https:\/\/pizbube.ch\/en\/wp-json\/wp\/v2\/media\/31297"}],"wp:attachment":[{"href":"https:\/\/pizbube.ch\/en\/wp-json\/wp\/v2\/media?parent=151507"}],"wp:term":[{"taxonomy":"product_brand","embeddable":true,"href":"https:\/\/pizbube.ch\/en\/wp-json\/wp\/v2\/product_brand?post=151507"},{"taxonomy":"product_cat","embeddable":true,"href":"https:\/\/pizbube.ch\/en\/wp-json\/wp\/v2\/product_cat?post=151507"},{"taxonomy":"product_tag","embeddable":true,"href":"https:\/\/pizbube.ch\/en\/wp-json\/wp\/v2\/product_tag?post=151507"}],"curies":[{"name":"wp","href":"https:\/\/api.w.org\/{rel}","templated":true}]}}