{"id":151517,"date":"2021-01-15T12:00:42","date_gmt":"2021-01-15T12:00:42","guid":{"rendered":"https:\/\/codengine3.ch\/?product=import-placeholder-for-201914"},"modified":"2021-01-15T12:31:49","modified_gmt":"2021-01-15T12:31:49","slug":"der-wahrheit-naeher","status":"publish","type":"product","link":"https:\/\/pizbube.ch\/en\/shop\/der-wahrheit-naeher\/","title":{"rendered":"Der Wahrheit n\u00e4her"},"content":{"rendered":"<p>Die Katastrophe am Matterhorn von 1865  <\/p>\n<p>Grosse Ereignisse werfen grosse Schatten.<br \/>\nDies gilt auch f\u00fcr Erstbesteigung des ber\u00fchmten Matterhorns, am 14. Juli 1865.<br \/>\nDie Trag\u00f6die, die sich beim Abstieg, kaum unterhalb des Gipfels ereignete und<br \/>\nvier Menschenleben forderte, gab immer wieder zu Spekulationen Anlass, ob sich<br \/>\ndie \u00dcberlebenden schuldig gemacht h\u00e4tten.<br \/>\nHannes Taugwalder ver\u00f6ffentlichte schon anl\u00e4sslich der 100-Jahrfeier der<br \/>\nErstbesteigung, eine Folge kritischer Artikel im Walliser Bote um das Thema<br \/>\naus Sicht der Einheimischen zu beleuchten.<br \/>\nSowohl Hannes Taugwalder, als auch Hans Jaggi, ein begeisterter<br \/>\nAlpinhistoriker, waren sich dar\u00fcber einig, dass im Bericht von Edward Whymper<br \/>\n(Scrambles amongst the Alps) Ungereimtheiten vorkamen.<br \/>\nHans Jaggi und Hannes Taugwalder kamen \u00fcberein, gemeinsam ein Buch, unter<br \/>\nEinbezug neuer Erkenntnisse, zu ver\u00f6ffentlichen.<\/p>","protected":false},"excerpt":{"rendered":"<p>Die Katastrophe am Matterhorn von 1865 Grosse Ereignisse werfen grosse Schatten. Dies gilt auch f\u00fcr Erstbesteigung des ber\u00fchmten Matterhorns, am 14. Juli 1865. Die Trag\u00f6die, die sich beim Abstieg, kaum unterhalb des Gipfels ereignete und vier Menschenleben forderte, gab immer wieder zu Spekulationen Anlass, ob sich die \u00dcberlebenden schuldig gemacht h\u00e4tten. Hannes Taugwalder ver\u00f6ffentlichte schon [&#8230;]\n","protected":false},"featured_media":29299,"template":"","meta":[],"product_brand":[],"product_cat":[21542],"product_tag":[],"class_list":{"0":"post-151517","1":"product","2":"type-product","3":"status-publish","4":"has-post-thumbnail","6":"product_cat-sachbuecher-dokumentationen","7":"pa_autor-taugwalder-jaggi","8":"pa_erscheinungsjahr-22133","9":"pa_region-schweiz","10":"pa_sprache-de","12":"first","13":"outofstock","14":"taxable","15":"shipping-taxable","16":"purchasable","17":"product-type-simple"},"_links":{"self":[{"href":"https:\/\/pizbube.ch\/en\/wp-json\/wp\/v2\/product\/151517","targetHints":{"allow":["GET"]}}],"collection":[{"href":"https:\/\/pizbube.ch\/en\/wp-json\/wp\/v2\/product"}],"about":[{"href":"https:\/\/pizbube.ch\/en\/wp-json\/wp\/v2\/types\/product"}],"wp:featuredmedia":[{"embeddable":true,"href":"https:\/\/pizbube.ch\/en\/wp-json\/wp\/v2\/media\/29299"}],"wp:attachment":[{"href":"https:\/\/pizbube.ch\/en\/wp-json\/wp\/v2\/media?parent=151517"}],"wp:term":[{"taxonomy":"product_brand","embeddable":true,"href":"https:\/\/pizbube.ch\/en\/wp-json\/wp\/v2\/product_brand?post=151517"},{"taxonomy":"product_cat","embeddable":true,"href":"https:\/\/pizbube.ch\/en\/wp-json\/wp\/v2\/product_cat?post=151517"},{"taxonomy":"product_tag","embeddable":true,"href":"https:\/\/pizbube.ch\/en\/wp-json\/wp\/v2\/product_tag?post=151517"}],"curies":[{"name":"wp","href":"https:\/\/api.w.org\/{rel}","templated":true}]}}