{"id":151518,"date":"2021-01-15T12:00:42","date_gmt":"2021-01-15T12:00:42","guid":{"rendered":"https:\/\/codengine3.ch\/?product=import-placeholder-for-201632"},"modified":"2023-10-27T17:39:53","modified_gmt":"2023-10-27T15:39:53","slug":"die-eiswand-2","status":"publish","type":"product","link":"https:\/\/pizbube.ch\/en\/shop\/die-eiswand-2\/","title":{"rendered":"Die Eiswand"},"content":{"rendered":"<p>Zwei Freunde, die beide an dieselbe Frau gebunden sind, gehen an der Ostwand<br \/>\ndes Hodaka- Gebirges zugrunde.<\/p>\n<p>Kyota Uozu steigt mit seinem Freund und Bergpartner aus der Studentenzeit<br \/>\nOtohiko Kosaka auf den Berg Hodaka. Zehn Meter vor der Spitze rei\u00dft das<br \/>\nNylonseil, das die beiden verbindet, im Schneesturm auseinander und Kosaka<br \/>\nst\u00fcrzt ab. Direkt nach dem Unfall spekulieren Journalisten \u00fcber m\u00f6gliche<br \/>\nTodesursachen: ob die Qualit\u00e4t des Nylonseils mangelhaft war, die beiden das<br \/>\nSeil falsch benutzt haben, Uozu das Seil abgeschnitten hat, um sich selbst zu<br \/>\nretten, oder ob es Kosaka war, der sich aus ungl\u00fccklicher Liebe zu einer<br \/>\nverheirateten Frau selbst get\u00f6tet hat.<\/p>\n<p>Uozu wird gezwungen, die schlechte Qualit\u00e4t des Seils unter Beweis zu stellen, um seine eigene Ehre und Unschuld<br \/>\nsowie die seines Freundes zu verteidigen. Da er bei der Tochterfirma des<br \/>\nNylonseilherstellers arbeitet, muss er diesen Kampf mit der Unterst\u00fctzung<br \/>\nseines Chefs Tokiwa f\u00fchren. Kyonosuke Yashiro testet die St\u00e4rke des Nylonseils<br \/>\nund stellt fest, dass es unter verschiedenen Umst\u00e4nden st\u00e4rker ist als ein<br \/>\nHanfseil. Hierauf wird Uozu gezwungen, seine Firma zu verlasen.<\/p>\n<p>Er verliebt sich in Minako, die Ehefrau Yashiros, doch nachdem der Leichnam von Kosaka<br \/>\ngefunden wurde, akzeptiert er den Heiratsantrag von Kosakas Schwester Kaoru &#8211;<br \/>\nnicht aus Liebe, sondern aus einer Art Verantwortungsgef\u00fchl heraus. Er<br \/>\nbeschlie\u00dft, nochmals den Berg zu bezwingen, um seine Liebe f\u00fcr Minako zu<br \/>\n\u00fcberwinden. Das Unternehmen endet in einem abermaligen Ungl\u00fcck und seine<br \/>\nVerlobte wartet am Fu\u00df des Bergs vergeblich auf ihn.<\/p>\n<p>8. Auflage<\/p>","protected":false},"excerpt":{"rendered":"<p>Zwei Freunde, die beide an dieselbe Frau gebunden sind, gehen an der Ostwand des Hodaka- Gebirges zugrunde. Kyota Uozu steigt mit seinem Freund und Bergpartner aus der Studentenzeit Otohiko Kosaka auf den Berg Hodaka. Zehn Meter vor der Spitze rei\u00dft das Nylonseil, das die beiden verbindet, im Schneesturm auseinander und Kosaka st\u00fcrzt ab. Direkt nach [&#8230;]\n","protected":false},"featured_media":29004,"template":"","meta":[],"product_brand":[],"product_cat":[21629],"product_tag":[],"class_list":{"0":"post-151518","1":"product","2":"type-product","3":"status-publish","4":"has-post-thumbnail","6":"product_cat-belletristik","7":"pa_autor-inoue","8":"pa_erscheinungsjahr-21693","9":"pa_region-asien","10":"pa_sprache-de","12":"first","13":"instock","14":"taxable","15":"shipping-taxable","16":"purchasable","17":"product-type-simple"},"_links":{"self":[{"href":"https:\/\/pizbube.ch\/en\/wp-json\/wp\/v2\/product\/151518","targetHints":{"allow":["GET"]}}],"collection":[{"href":"https:\/\/pizbube.ch\/en\/wp-json\/wp\/v2\/product"}],"about":[{"href":"https:\/\/pizbube.ch\/en\/wp-json\/wp\/v2\/types\/product"}],"wp:featuredmedia":[{"embeddable":true,"href":"https:\/\/pizbube.ch\/en\/wp-json\/wp\/v2\/media\/29004"}],"wp:attachment":[{"href":"https:\/\/pizbube.ch\/en\/wp-json\/wp\/v2\/media?parent=151518"}],"wp:term":[{"taxonomy":"product_brand","embeddable":true,"href":"https:\/\/pizbube.ch\/en\/wp-json\/wp\/v2\/product_brand?post=151518"},{"taxonomy":"product_cat","embeddable":true,"href":"https:\/\/pizbube.ch\/en\/wp-json\/wp\/v2\/product_cat?post=151518"},{"taxonomy":"product_tag","embeddable":true,"href":"https:\/\/pizbube.ch\/en\/wp-json\/wp\/v2\/product_tag?post=151518"}],"curies":[{"name":"wp","href":"https:\/\/api.w.org\/{rel}","templated":true}]}}