{"id":151521,"date":"2021-01-15T12:00:43","date_gmt":"2021-01-15T12:00:43","guid":{"rendered":"https:\/\/codengine3.ch\/?product=import-placeholder-for-201488"},"modified":"2021-01-15T12:02:02","modified_gmt":"2021-01-15T12:02:02","slug":"i-grandi-spazi-delle-alpi-vol-1-alpi-marittime-monviso-alpi-cozie-delfinato-vanoise","status":"publish","type":"product","link":"https:\/\/pizbube.ch\/en\/shop\/i-grandi-spazi-delle-alpi-vol-1-alpi-marittime-monviso-alpi-cozie-delfinato-vanoise\/","title":{"rendered":"I GRANDI SPAZI DELLE ALPI Vol. 1 Alpi Marittime, Monviso, Alpi Cozie, Delfinato, Vanoise"},"content":{"rendered":"<p>Quest&#8217;opera vuole dare una panoramica delle immense bellezze presenti in quel<br \/>\nvasto comprensorio europeo da tutti chiamato &#8218;Alpi&#8216;. Esso si estende per<br \/>\nsignificative porzioni di Francia, Italia e Slovenia, mentre Svizzera e<br \/>\nAustria ne sono interessate quasi completamente. Nella stesura abbiamo<br \/>\npreferito concedere poco spazio al turismo fatto con funivie e seggiovie<br \/>\nmentre si \u00e8 prediletta per ogni localit\u00e0 una selezione di escursioni pi\u00f9 o<br \/>\nmeno conosciute ma sempre indicative e uniche nel loro modo di riassumere un<br \/>\nambiente caratteristico. Data la necessit\u00e0 di delimitare il lavoro, le<br \/>\nproposte e la maggior parte dei riferimenti naturalistici e geografici<br \/>\nriguardano in genere i territori compresi nell&#8217;ambito di ciascun capitolo. Ad<br \/>\nesempio, nel capitolo dedicato alla Bessanese e all&#8217;Uja di Ciamarella, si<br \/>\ntroveranno solo i percorsi che dal Pian della Mussa si inoltrano verso quelle<br \/>\nmontagne, anche se ovviamente la zona offre diverse possibilit\u00e0. Accanto<br \/>\nall&#8217;itinerario descritto pi\u00f9 accuratamente, abbiamo solitamente accostato un<br \/>\npiccolo paragrafo riguardante altre gite che si possono fare nella zona<br \/>\ntrattata. Gli itinerari proposti sono stati scelti di volta in volta tenendo<br \/>\nconto di particolari valenze spettacolari, naturalistiche o paesaggistiche.<br \/>\nRistampa 2006<\/p>","protected":false},"excerpt":{"rendered":"<p>Quest&#8217;opera vuole dare una panoramica delle immense bellezze presenti in quel vasto comprensorio europeo da tutti chiamato &#8218;Alpi&#8216;. Esso si estende per significative porzioni di Francia, Italia e Slovenia, mentre Svizzera e Austria ne sono interessate quasi completamente. Nella stesura abbiamo preferito concedere poco spazio al turismo fatto con funivie e seggiovie mentre si \u00e8 [&#8230;]\n","protected":false},"featured_media":28840,"template":"","meta":[],"product_brand":[],"product_cat":[21542],"product_tag":[],"class_list":{"0":"post-151521","1":"product","2":"type-product","3":"status-publish","4":"has-post-thumbnail","6":"product_cat-sachbuecher-dokumentationen","7":"pa_autor-gogna-milani-raiser","8":"pa_erscheinungsjahr-21776","9":"pa_region-italien","10":"pa_sprache-it","12":"first","13":"instock","14":"taxable","15":"shipping-taxable","16":"purchasable","17":"product-type-simple"},"_links":{"self":[{"href":"https:\/\/pizbube.ch\/en\/wp-json\/wp\/v2\/product\/151521","targetHints":{"allow":["GET"]}}],"collection":[{"href":"https:\/\/pizbube.ch\/en\/wp-json\/wp\/v2\/product"}],"about":[{"href":"https:\/\/pizbube.ch\/en\/wp-json\/wp\/v2\/types\/product"}],"wp:featuredmedia":[{"embeddable":true,"href":"https:\/\/pizbube.ch\/en\/wp-json\/wp\/v2\/media\/28840"}],"wp:attachment":[{"href":"https:\/\/pizbube.ch\/en\/wp-json\/wp\/v2\/media?parent=151521"}],"wp:term":[{"taxonomy":"product_brand","embeddable":true,"href":"https:\/\/pizbube.ch\/en\/wp-json\/wp\/v2\/product_brand?post=151521"},{"taxonomy":"product_cat","embeddable":true,"href":"https:\/\/pizbube.ch\/en\/wp-json\/wp\/v2\/product_cat?post=151521"},{"taxonomy":"product_tag","embeddable":true,"href":"https:\/\/pizbube.ch\/en\/wp-json\/wp\/v2\/product_tag?post=151521"}],"curies":[{"name":"wp","href":"https:\/\/api.w.org\/{rel}","templated":true}]}}