{"id":151522,"date":"2021-01-15T12:00:43","date_gmt":"2021-01-15T12:00:43","guid":{"rendered":"https:\/\/codengine3.ch\/?product=import-placeholder-for-206092"},"modified":"2021-01-15T14:46:17","modified_gmt":"2021-01-15T14:46:17","slug":"omaggio-al-monviso","status":"publish","type":"product","link":"https:\/\/pizbube.ch\/en\/shop\/omaggio-al-monviso\/","title":{"rendered":"Omaggio al Monviso"},"content":{"rendered":"<p>Fotodokumentation vom Monte Viso  <\/p>\n<p>&#8218;Re di Pietra&#8216;. Nell&#8217;immaginario collettivo \u00e8 questo il nome del Monviso,<br \/>\nsimbolo rinnovato del monte ideale.  <\/p>\n<p>Da sempre il gigante protettore delle comunit\u00e0 che si sono riunite ai suoi<br \/>\npiedi affascinate da un&#8217;imponenza che non si fa confine geografico, bens\u00ec<br \/>\ndimensione intermedia tra terra e cielo, si tinge quasi di spiritualit\u00e0<br \/>\nsposando fisicit\u00e0 e poesia.  <\/p>\n<p>Dopo anni di esplorazioni sulle montagne di tutto il mondo, il giornalista e<br \/>\nfotografo Guillaume Vallot non pu\u00f2 resistere alla tentazione di tornare alla<br \/>\ncorte del Viso per riscoprirlo e riproporlo in tutta la sua bellezza naturale.  <\/p>\n<p>Ed \u00e8 cos\u00ec che nasce Omaggio al Monviso, il primo libro fotografico consacrato<br \/>\nunicamente a un monte che sa ammaliare, affascinare, stregare con panorami<br \/>\nmozzafiato e albe e tramonti irripetibili: 144 emozionanti pagine a colori per<br \/>\nappassionati di montagne, amanti della natura e professionisti dell&#8217;estasi<br \/>\nestetica  <\/p>","protected":false},"excerpt":{"rendered":"<p>Fotodokumentation vom Monte Viso &#8218;Re di Pietra&#8216;. Nell&#8217;immaginario collettivo \u00e8 questo il nome del Monviso, simbolo rinnovato del monte ideale. Da sempre il gigante protettore delle comunit\u00e0 che si sono riunite ai suoi piedi affascinate da un&#8217;imponenza che non si fa confine geografico, bens\u00ec dimensione intermedia tra terra e cielo, si tinge quasi di spiritualit\u00e0 [&#8230;]\n","protected":false},"featured_media":35004,"template":"","meta":[],"product_brand":[],"product_cat":[21542],"product_tag":[],"class_list":{"0":"post-151522","1":"product","2":"type-product","3":"status-publish","4":"has-post-thumbnail","6":"product_cat-sachbuecher-dokumentationen","7":"pa_autor-vallot","8":"pa_erscheinungsjahr-21693","9":"pa_region-italien","10":"pa_sprache-it","12":"first","13":"outofstock","14":"taxable","15":"shipping-taxable","16":"purchasable","17":"product-type-simple"},"_links":{"self":[{"href":"https:\/\/pizbube.ch\/en\/wp-json\/wp\/v2\/product\/151522","targetHints":{"allow":["GET"]}}],"collection":[{"href":"https:\/\/pizbube.ch\/en\/wp-json\/wp\/v2\/product"}],"about":[{"href":"https:\/\/pizbube.ch\/en\/wp-json\/wp\/v2\/types\/product"}],"wp:featuredmedia":[{"embeddable":true,"href":"https:\/\/pizbube.ch\/en\/wp-json\/wp\/v2\/media\/35004"}],"wp:attachment":[{"href":"https:\/\/pizbube.ch\/en\/wp-json\/wp\/v2\/media?parent=151522"}],"wp:term":[{"taxonomy":"product_brand","embeddable":true,"href":"https:\/\/pizbube.ch\/en\/wp-json\/wp\/v2\/product_brand?post=151522"},{"taxonomy":"product_cat","embeddable":true,"href":"https:\/\/pizbube.ch\/en\/wp-json\/wp\/v2\/product_cat?post=151522"},{"taxonomy":"product_tag","embeddable":true,"href":"https:\/\/pizbube.ch\/en\/wp-json\/wp\/v2\/product_tag?post=151522"}],"curies":[{"name":"wp","href":"https:\/\/api.w.org\/{rel}","templated":true}]}}