{"id":151529,"date":"2021-01-15T12:00:48","date_gmt":"2021-01-15T12:00:48","guid":{"rendered":"https:\/\/codengine3.ch\/?product=import-placeholder-for-202572"},"modified":"2021-01-15T12:37:28","modified_gmt":"2021-01-15T12:37:28","slug":"alpes-valaisannes","status":"publish","type":"product","link":"https:\/\/pizbube.ch\/en\/shop\/alpes-valaisannes\/","title":{"rendered":"Alpes valaisannes"},"content":{"rendered":"<p>L&#8216; ouvrage pr\u00e9sente les Alpes valaisannes dans leur totalit\u00e9, conjugant les<br \/>\ntalent du photographe Maire et de l&#8216; \u00e9crivain Darbellay. 150 photographies<br \/>\naccompagn\u00e9es par des textes et l\u00e9gendes d&#8216; une grande sensibilit\u00e9.<\/p>","protected":false},"excerpt":{"rendered":"<p>L&#8216; ouvrage pr\u00e9sente les Alpes valaisannes dans leur totalit\u00e9, conjugant les talent du photographe Maire et de l&#8216; \u00e9crivain Darbellay. 150 photographies accompagn\u00e9es par des textes et l\u00e9gendes d&#8216; une grande sensibilit\u00e9.<\/p>","protected":false},"featured_media":29977,"template":"","meta":[],"product_brand":[],"product_cat":[21542],"product_tag":[],"class_list":{"0":"post-151529","1":"product","2":"type-product","3":"status-publish","4":"has-post-thumbnail","6":"product_cat-sachbuecher-dokumentationen","7":"pa_autor-maire-darbellay","8":"pa_erscheinungsjahr-22242","9":"pa_region-schweiz","10":"pa_sprache-fr","12":"first","13":"instock","14":"taxable","15":"shipping-taxable","16":"purchasable","17":"product-type-simple"},"_links":{"self":[{"href":"https:\/\/pizbube.ch\/en\/wp-json\/wp\/v2\/product\/151529","targetHints":{"allow":["GET"]}}],"collection":[{"href":"https:\/\/pizbube.ch\/en\/wp-json\/wp\/v2\/product"}],"about":[{"href":"https:\/\/pizbube.ch\/en\/wp-json\/wp\/v2\/types\/product"}],"wp:featuredmedia":[{"embeddable":true,"href":"https:\/\/pizbube.ch\/en\/wp-json\/wp\/v2\/media\/29977"}],"wp:attachment":[{"href":"https:\/\/pizbube.ch\/en\/wp-json\/wp\/v2\/media?parent=151529"}],"wp:term":[{"taxonomy":"product_brand","embeddable":true,"href":"https:\/\/pizbube.ch\/en\/wp-json\/wp\/v2\/product_brand?post=151529"},{"taxonomy":"product_cat","embeddable":true,"href":"https:\/\/pizbube.ch\/en\/wp-json\/wp\/v2\/product_cat?post=151529"},{"taxonomy":"product_tag","embeddable":true,"href":"https:\/\/pizbube.ch\/en\/wp-json\/wp\/v2\/product_tag?post=151529"}],"curies":[{"name":"wp","href":"https:\/\/api.w.org\/{rel}","templated":true}]}}