{"id":151536,"date":"2021-01-15T12:00:48","date_gmt":"2021-01-15T12:00:48","guid":{"rendered":"https:\/\/codengine3.ch\/?product=import-placeholder-for-202990"},"modified":"2022-07-07T09:24:04","modified_gmt":"2022-07-07T07:24:04","slug":"glarnerland","status":"publish","type":"product","link":"https:\/\/pizbube.ch\/en\/shop\/glarnerland\/","title":{"rendered":"Glarnerland"},"content":{"rendered":"<p>mit Walensee, Sarganserland und Obertoggenburg<br \/>\n55 Touren<\/p>\n<p>Die sieben Churfirsten? Der S\u00e4ntis? Der Gl\u00e4rnisch? Wo waren diese klingenden<br \/>\nGipfelnamen gleich nochmal zu verorten? Richtig, im Herzen der Ostschweiz. Von<br \/>\nden mattengr\u00fcnen Voralpen \u00fcber die luftigen Alpbalkone bis hin in die Welt der<br \/>\nDreitausender besticht das Glarnerland durch ein \u00fcberaus eindrucksvolles<br \/>\nRelief. Spannung und Abwechslung sind daher auf jeden Fall garantiert mit den<br \/>\n55 vielf\u00e4ltigen Touren, die der Rother Wanderf\u00fchrer \u00bbGlarnerland\u00ab pr\u00e4sentiert.<\/p>\n<p>Die vorgestellten Wanderungen bieten sowohl genussorientierten als auch<br \/>\nambitionierten Bergwanderern eine reichliche Auswahl in der Region zwischen<br \/>\nS\u00e4ntis und T\u00f6di. Bequeme Talwanderungen \u00fcber die ausgedehnten Alplagen,<br \/>\nWanderungen zu urigen Schweizer H\u00fctten und zahlreiche Gipfelbesteigungen von<br \/>\nleicht bis schwierig lassen die Entscheidung schwer werden. Unbedingt genannt<br \/>\nwerden muss hier auch der tiefgr\u00fcne Walensee, der sich einem Fjord \u00e4hnlich in<br \/>\ndie Landschaft schmiegt. Geographisch verteilen sich die Touren von der<br \/>\nLinthebene im Norden ausgehend bis zum T\u00f6di. \u00d6stlich und nord\u00f6stlich<br \/>\nangrenzend bereichern die Gegend um den Walensee, die Flumser Berge bis<br \/>\nhin\u00fcber zum Rheintal und das malerische, zwischen Churfirstenkette und<br \/>\nAlpstein eingebettete Obertoggenburg diesen Wanderf\u00fchrer.<\/p>\n<p>Der renommierte Autor Mark Zahel, der die Autorenschaft mit dieser f\u00fcnften<br \/>\nAuflage \u00fcbernommen hat, hat den Wanderf\u00fchrer komplett neu erkundet und<br \/>\nverfasst. Tourensteckbriefe, ausf\u00fchrliche Wegbeschreibungen, aussagekr\u00e4ftige<br \/>\nH\u00f6henprofile, detaillierte Kartenausschnitte und zum Download bereitstehende<br \/>\nGPS-Daten machen alle Touren leicht und sicher nachvollziehbar. Die farbige<br \/>\nSchwierigkeitsbewertung erleichtert die Planung, und zahlreiche Farbfotos<br \/>\nwecken die Lust, den Rucksack zu packen und loszuwandern.<\/p>\n<p>6., aktualisierte Auflage 2022<br \/>\n184 Seiten mit 145 Farbabbildungen<br \/>\n55 H\u00f6henprofile, 55 Wanderk\u00e4rtchen im Ma\u00dfstab 1:50.000\/1:75.000, zwei<br \/>\n\u00dcbersichtskarten im Ma\u00dfstab 1:600.000 und 1:900.000, GPS-Tracks zum Download<\/p>","protected":false},"excerpt":{"rendered":"<p>mit Walensee, Sarganserland und Obertoggenburg 55 Touren Die sieben Churfirsten? Der S\u00e4ntis? Der Gl\u00e4rnisch? Wo waren diese klingenden Gipfelnamen gleich nochmal zu verorten? Richtig, im Herzen der Ostschweiz. Von den mattengr\u00fcnen Voralpen \u00fcber die luftigen Alpbalkone bis hin in die Welt der Dreitausender besticht das Glarnerland durch ein \u00fcberaus eindrucksvolles Relief. Spannung und Abwechslung sind [&#8230;]\n","protected":false},"featured_media":162654,"template":"","meta":[],"product_brand":[],"product_cat":[21605],"product_tag":[],"class_list":{"0":"post-151536","1":"product","2":"type-product","3":"status-publish","4":"has-post-thumbnail","6":"product_cat-wanderfuehrer-trekking","7":"pa_autor-zahel","8":"pa_erscheinungsjahr-27013","9":"pa_region-schweiz","10":"pa_sprache-de","12":"first","13":"instock","14":"taxable","15":"shipping-taxable","16":"purchasable","17":"product-type-simple"},"_links":{"self":[{"href":"https:\/\/pizbube.ch\/en\/wp-json\/wp\/v2\/product\/151536","targetHints":{"allow":["GET"]}}],"collection":[{"href":"https:\/\/pizbube.ch\/en\/wp-json\/wp\/v2\/product"}],"about":[{"href":"https:\/\/pizbube.ch\/en\/wp-json\/wp\/v2\/types\/product"}],"wp:featuredmedia":[{"embeddable":true,"href":"https:\/\/pizbube.ch\/en\/wp-json\/wp\/v2\/media\/162654"}],"wp:attachment":[{"href":"https:\/\/pizbube.ch\/en\/wp-json\/wp\/v2\/media?parent=151536"}],"wp:term":[{"taxonomy":"product_brand","embeddable":true,"href":"https:\/\/pizbube.ch\/en\/wp-json\/wp\/v2\/product_brand?post=151536"},{"taxonomy":"product_cat","embeddable":true,"href":"https:\/\/pizbube.ch\/en\/wp-json\/wp\/v2\/product_cat?post=151536"},{"taxonomy":"product_tag","embeddable":true,"href":"https:\/\/pizbube.ch\/en\/wp-json\/wp\/v2\/product_tag?post=151536"}],"curies":[{"name":"wp","href":"https:\/\/api.w.org\/{rel}","templated":true}]}}