{"id":151540,"date":"2021-01-15T12:00:49","date_gmt":"2021-01-15T12:00:49","guid":{"rendered":"https:\/\/codengine3.ch\/?product=import-placeholder-for-203499"},"modified":"2021-01-15T14:23:54","modified_gmt":"2021-01-15T14:23:54","slug":"corse-canyons","status":"publish","type":"product","link":"https:\/\/pizbube.ch\/en\/shop\/corse-canyons\/","title":{"rendered":"Corse Canyons"},"content":{"rendered":"<p>Riche de plus de 10 ans de prospection sur l&#8217;Ile de Beaut\u00e9, les auteurs de ce<br \/>\nnouvel ouvrage tout en couleur, vous livrent une partie de leur secret.<br \/>\nCe premier guide insulaire sp\u00e9cifique canyon offre 61 descentes s\u00e9lectionn\u00e9es<br \/>\npour leur beaut\u00e9 g\u00e9ologique et aquatique \u00e0 travers l&#8217;ensemble de la Corse.<br \/>\nDu cap Corse, aux bouches de Bonifaccio, en passant par toutes les micro-<br \/>\nr\u00e9gions qui font le charme et la diversit\u00e9 de notre ile, vous d\u00e9couvrirez de<br \/>\nmagnifiques ravins de montagne fa\u00e7onn\u00e9s par un syst\u00e8me hydraulique mill\u00e9naire.  <\/p>","protected":false},"excerpt":{"rendered":"<p>Riche de plus de 10 ans de prospection sur l&#8217;Ile de Beaut\u00e9, les auteurs de ce nouvel ouvrage tout en couleur, vous livrent une partie de leur secret. Ce premier guide insulaire sp\u00e9cifique canyon offre 61 descentes s\u00e9lectionn\u00e9es pour leur beaut\u00e9 g\u00e9ologique et aquatique \u00e0 travers l&#8217;ensemble de la Corse. Du cap Corse, aux bouches [&#8230;]\n","protected":false},"featured_media":31117,"template":"","meta":[],"product_brand":[],"product_cat":[21650],"product_tag":[],"class_list":{"0":"post-151540","1":"product","2":"type-product","3":"status-publish","4":"has-post-thumbnail","6":"product_cat-canyoningfuehrer","7":"pa_autor-jourdan-fiorina","8":"pa_erscheinungsjahr-21920","9":"pa_region-frankreich","10":"pa_sprache-fr","12":"first","13":"outofstock","14":"taxable","15":"shipping-taxable","16":"purchasable","17":"product-type-simple"},"_links":{"self":[{"href":"https:\/\/pizbube.ch\/en\/wp-json\/wp\/v2\/product\/151540","targetHints":{"allow":["GET"]}}],"collection":[{"href":"https:\/\/pizbube.ch\/en\/wp-json\/wp\/v2\/product"}],"about":[{"href":"https:\/\/pizbube.ch\/en\/wp-json\/wp\/v2\/types\/product"}],"wp:featuredmedia":[{"embeddable":true,"href":"https:\/\/pizbube.ch\/en\/wp-json\/wp\/v2\/media\/31117"}],"wp:attachment":[{"href":"https:\/\/pizbube.ch\/en\/wp-json\/wp\/v2\/media?parent=151540"}],"wp:term":[{"taxonomy":"product_brand","embeddable":true,"href":"https:\/\/pizbube.ch\/en\/wp-json\/wp\/v2\/product_brand?post=151540"},{"taxonomy":"product_cat","embeddable":true,"href":"https:\/\/pizbube.ch\/en\/wp-json\/wp\/v2\/product_cat?post=151540"},{"taxonomy":"product_tag","embeddable":true,"href":"https:\/\/pizbube.ch\/en\/wp-json\/wp\/v2\/product_tag?post=151540"}],"curies":[{"name":"wp","href":"https:\/\/api.w.org\/{rel}","templated":true}]}}