{"id":151549,"date":"2021-01-15T12:00:50","date_gmt":"2021-01-15T12:00:50","guid":{"rendered":"https:\/\/codengine3.ch\/?product=import-placeholder-for-205747"},"modified":"2021-01-15T14:43:36","modified_gmt":"2021-01-15T14:43:36","slug":"uri-tessin","status":"publish","type":"product","link":"https:\/\/pizbube.ch\/en\/shop\/uri-tessin\/","title":{"rendered":"Uri &#8211; Tessin"},"content":{"rendered":"<p>&#8218;Kulturwege Schweiz&#8216; &#8211; dieser Name steht f\u00fcr eine ganz neue Sicht auf die<br \/>\nSchweizer Kulturlandschaft: sorglos wandern, gut essen und trinken, stilvoll<br \/>\n\u00fcbernachten und dabei die Sch\u00f6nheiten der Schweiz mit allen Sinnen erleben.<br \/>\nZw\u00f6lf Kulturwegrouten f\u00fchren seit Sommer 2007 durch alle Teile des Landes. Die<br \/>\nneue Ausgabe des Erlebnismagazins stellt die Routen im Tessin und Uri vor.<br \/>\nLassen Sie sich von den reich illustrierten Erlebnismagazinen zu Ausfl\u00fcgen auf<br \/>\nden Kulturwegen verleiten!<br \/>\nDeutsch. Zahlr. farb. Fotos, Karten. 114 S.<\/p>","protected":false},"excerpt":{"rendered":"<p>&#8218;Kulturwege Schweiz&#8216; &#8211; dieser Name steht f\u00fcr eine ganz neue Sicht auf die Schweizer Kulturlandschaft: sorglos wandern, gut essen und trinken, stilvoll \u00fcbernachten und dabei die Sch\u00f6nheiten der Schweiz mit allen Sinnen erleben. Zw\u00f6lf Kulturwegrouten f\u00fchren seit Sommer 2007 durch alle Teile des Landes. Die neue Ausgabe des Erlebnismagazins stellt die Routen im Tessin und [&#8230;]\n","protected":false},"featured_media":34563,"template":"","meta":[],"product_brand":[],"product_cat":[21541],"product_tag":[],"class_list":{"0":"post-151549","1":"product","2":"type-product","3":"status-publish","4":"has-post-thumbnail","6":"product_cat-zeitschriften","7":"pa_autor-viastoria","8":"pa_erscheinungsjahr-21591","9":"pa_region-schweiz","10":"pa_sprache-de","12":"first","13":"outofstock","14":"taxable","15":"shipping-taxable","16":"purchasable","17":"product-type-simple"},"_links":{"self":[{"href":"https:\/\/pizbube.ch\/en\/wp-json\/wp\/v2\/product\/151549","targetHints":{"allow":["GET"]}}],"collection":[{"href":"https:\/\/pizbube.ch\/en\/wp-json\/wp\/v2\/product"}],"about":[{"href":"https:\/\/pizbube.ch\/en\/wp-json\/wp\/v2\/types\/product"}],"wp:featuredmedia":[{"embeddable":true,"href":"https:\/\/pizbube.ch\/en\/wp-json\/wp\/v2\/media\/34563"}],"wp:attachment":[{"href":"https:\/\/pizbube.ch\/en\/wp-json\/wp\/v2\/media?parent=151549"}],"wp:term":[{"taxonomy":"product_brand","embeddable":true,"href":"https:\/\/pizbube.ch\/en\/wp-json\/wp\/v2\/product_brand?post=151549"},{"taxonomy":"product_cat","embeddable":true,"href":"https:\/\/pizbube.ch\/en\/wp-json\/wp\/v2\/product_cat?post=151549"},{"taxonomy":"product_tag","embeddable":true,"href":"https:\/\/pizbube.ch\/en\/wp-json\/wp\/v2\/product_tag?post=151549"}],"curies":[{"name":"wp","href":"https:\/\/api.w.org\/{rel}","templated":true}]}}