{"id":151553,"date":"2021-01-15T12:00:50","date_gmt":"2021-01-15T12:00:50","guid":{"rendered":"https:\/\/codengine3.ch\/?product=import-placeholder-for-203848"},"modified":"2024-02-07T14:53:38","modified_gmt":"2024-02-07T13:53:38","slug":"himalaya-tibet-map-bhutan-ladakh-nepal-sikkim-1-1-600-000","status":"publish","type":"product","link":"https:\/\/pizbube.ch\/en\/shop\/himalaya-tibet-map-bhutan-ladakh-nepal-sikkim-1-1-600-000\/","title":{"rendered":"Himalaya Tibet Map Bhutan &#8211; Ladakh &#8211; Nepal &#8211; Sikkim 1: 1 600 000"},"content":{"rendered":"<p>Strassenkarte; Roadmap, Himalaya Tibet Map Bhutan &#8211; Ladakh &#8211; Nepal &#8211; Sikkim 1:<br \/>\n1 600 000<\/p>\n<p>Monasteries, Pilgrimage (Koras), Sacred Places, Holy Mountaims, Religious<br \/>\nFestivals, Normadic Festivals.<br \/>\nGPS compatible<\/p>\n<p>2. Auflage 2009, GPS kompatibel<\/p>\n<p>Bhutan, Ladakh, Nepal, Sikkim, Tibet 1:1,6 Mio. mit Kl\u00f6stern, Pilgerwegen,<br \/>\nHeiligen Bergen und St\u00e4tten, Lhasa-Eisenbahn, \u00dcbersichtskarte historisches<br \/>\nTibet<\/p>","protected":false},"excerpt":{"rendered":"<p>Strassenkarte; Roadmap, Himalaya Tibet Map Bhutan &#8211; Ladakh &#8211; Nepal &#8211; Sikkim 1: 1 600 000 Monasteries, Pilgrimage (Koras), Sacred Places, Holy Mountaims, Religious Festivals, Normadic Festivals. GPS compatible 2. Auflage 2009, GPS kompatibel Bhutan, Ladakh, Nepal, Sikkim, Tibet 1:1,6 Mio. mit Kl\u00f6stern, Pilgerwegen, Heiligen Bergen und St\u00e4tten, Lhasa-Eisenbahn, \u00dcbersichtskarte historisches Tibet<\/p>","protected":false},"featured_media":31544,"template":"","meta":[],"product_brand":[],"product_cat":[21543],"product_tag":[],"class_list":{"0":"post-151553","1":"product","2":"type-product","3":"status-publish","4":"has-post-thumbnail","6":"product_cat-landkarten","7":"pa_autor-gecko","8":"pa_erscheinungsjahr-21693","9":"pa_region-asien","10":"pa_sprache-d","11":"pa_sprache-e","12":"pa_sprache-f","14":"first","15":"outofstock","16":"taxable","17":"shipping-taxable","18":"purchasable","19":"product-type-simple"},"_links":{"self":[{"href":"https:\/\/pizbube.ch\/en\/wp-json\/wp\/v2\/product\/151553","targetHints":{"allow":["GET"]}}],"collection":[{"href":"https:\/\/pizbube.ch\/en\/wp-json\/wp\/v2\/product"}],"about":[{"href":"https:\/\/pizbube.ch\/en\/wp-json\/wp\/v2\/types\/product"}],"wp:featuredmedia":[{"embeddable":true,"href":"https:\/\/pizbube.ch\/en\/wp-json\/wp\/v2\/media\/31544"}],"wp:attachment":[{"href":"https:\/\/pizbube.ch\/en\/wp-json\/wp\/v2\/media?parent=151553"}],"wp:term":[{"taxonomy":"product_brand","embeddable":true,"href":"https:\/\/pizbube.ch\/en\/wp-json\/wp\/v2\/product_brand?post=151553"},{"taxonomy":"product_cat","embeddable":true,"href":"https:\/\/pizbube.ch\/en\/wp-json\/wp\/v2\/product_cat?post=151553"},{"taxonomy":"product_tag","embeddable":true,"href":"https:\/\/pizbube.ch\/en\/wp-json\/wp\/v2\/product_tag?post=151553"}],"curies":[{"name":"wp","href":"https:\/\/api.w.org\/{rel}","templated":true}]}}