{"id":151558,"date":"2021-01-15T12:00:51","date_gmt":"2021-01-15T12:00:51","guid":{"rendered":"https:\/\/codengine3.ch\/?product=import-placeholder-for-201368"},"modified":"2021-01-15T12:00:56","modified_gmt":"2021-01-15T12:00:56","slug":"frauen-in-graubuenden","status":"publish","type":"product","link":"https:\/\/pizbube.ch\/en\/shop\/frauen-in-graubuenden\/","title":{"rendered":"Frauen in Graub\u00fcnden"},"content":{"rendered":"<p>Texte und Bilder von und \u00fcber Frauen in Graub\u00fcnden  <\/p>","protected":false},"excerpt":{"rendered":"<p>Texte und Bilder von und \u00fcber Frauen in Graub\u00fcnden<\/p>","protected":false},"featured_media":28697,"template":"","meta":[],"product_brand":[],"product_cat":[21542],"product_tag":[],"class_list":{"0":"post-151558","1":"product","2":"type-product","3":"status-publish","4":"has-post-thumbnail","6":"product_cat-sachbuecher-dokumentationen","7":"pa_autor-frauenzentrale-graubuenden","8":"pa_region-schweiz","9":"pa_sprache-d","10":"pa_sprache-i","11":"pa_sprache-r","13":"first","14":"instock","15":"taxable","16":"shipping-taxable","17":"purchasable","18":"product-type-simple"},"_links":{"self":[{"href":"https:\/\/pizbube.ch\/en\/wp-json\/wp\/v2\/product\/151558","targetHints":{"allow":["GET"]}}],"collection":[{"href":"https:\/\/pizbube.ch\/en\/wp-json\/wp\/v2\/product"}],"about":[{"href":"https:\/\/pizbube.ch\/en\/wp-json\/wp\/v2\/types\/product"}],"wp:featuredmedia":[{"embeddable":true,"href":"https:\/\/pizbube.ch\/en\/wp-json\/wp\/v2\/media\/28697"}],"wp:attachment":[{"href":"https:\/\/pizbube.ch\/en\/wp-json\/wp\/v2\/media?parent=151558"}],"wp:term":[{"taxonomy":"product_brand","embeddable":true,"href":"https:\/\/pizbube.ch\/en\/wp-json\/wp\/v2\/product_brand?post=151558"},{"taxonomy":"product_cat","embeddable":true,"href":"https:\/\/pizbube.ch\/en\/wp-json\/wp\/v2\/product_cat?post=151558"},{"taxonomy":"product_tag","embeddable":true,"href":"https:\/\/pizbube.ch\/en\/wp-json\/wp\/v2\/product_tag?post=151558"}],"curies":[{"name":"wp","href":"https:\/\/api.w.org\/{rel}","templated":true}]}}