{"id":151559,"date":"2021-01-15T12:00:56","date_gmt":"2021-01-15T12:00:56","guid":{"rendered":"https:\/\/codengine3.ch\/?product=import-placeholder-for-201369"},"modified":"2023-03-06T11:54:07","modified_gmt":"2023-03-06T10:54:07","slug":"mount-mc-kinley-1-50000","status":"publish","type":"product","link":"https:\/\/pizbube.ch\/en\/shop\/mount-mc-kinley-1-50000\/","title":{"rendered":"Mount Mc Kinley 1:50&#8217;000"},"content":{"rendered":"<p>Best map of the Denali &#8211; region!<br \/>\nThis large-scale, full color map of Mount McKinley was<br \/>\nsurveyed and edited by Bradford Washburn\u2014mountaineer, explorer, and former<br \/>\ndirector of the Boston Museum of Science. The map represents the results of<br \/>\nseven expeditions to, up, and over Mount McKinley under Washburn\u2019s leadership.<\/p>\n<p>It was stereo-contoured in Switzerland by Wild Heerbrugg Limited and printed<br \/>\nby the Swiss Federal Institute of Topography\u2014the world\u2019s top experts in map<br \/>\nmaking.<\/p>\n<p>While popular with climbers and those planning expeditions to the mountain,<br \/>\nthe McKinley map will continue to be enjoyed by all map users regardless of<br \/>\ntheir special field of interest.<\/p>\n<p>&nbsp;<\/p>\n<p>Diese Karte isrt von der Swiss Foundation for Alpine Research und vom bekannten<br \/>\nBundesamtes f\u00fcr Landestopographie (CH) im Ma\u00dfstab 1:50.000. Sie enth\u00e4lt<br \/>\nreichhaltige Farbabstufungen, wodurch die Details sehr gut sichtbar sind. Man<br \/>\nbekommt sofort einen \u00dcberblick \u00fcber die auf der Karte dargestellte Region.<\/p>","protected":false},"excerpt":{"rendered":"<p>Best map of the Denali &#8211; region! This large-scale, full color map of Mount McKinley was surveyed and edited by Bradford Washburn\u2014mountaineer, explorer, and former director of the Boston Museum of Science. The map represents the results of seven expeditions to, up, and over Mount McKinley under Washburn\u2019s leadership. It was stereo-contoured in Switzerland by [&#8230;]\n","protected":false},"featured_media":161566,"template":"","meta":[],"product_brand":[],"product_cat":[21543],"product_tag":[],"class_list":{"0":"post-151559","1":"product","2":"type-product","3":"status-publish","4":"has-post-thumbnail","6":"product_cat-landkarten","7":"pa_autor-swiss-foundation-for-alpine-research","8":"pa_erscheinungsjahr-22236","9":"pa_region-amerika-nord","10":"pa_sprache-en","12":"first","13":"outofstock","14":"taxable","15":"shipping-taxable","16":"purchasable","17":"product-type-simple"},"_links":{"self":[{"href":"https:\/\/pizbube.ch\/en\/wp-json\/wp\/v2\/product\/151559","targetHints":{"allow":["GET"]}}],"collection":[{"href":"https:\/\/pizbube.ch\/en\/wp-json\/wp\/v2\/product"}],"about":[{"href":"https:\/\/pizbube.ch\/en\/wp-json\/wp\/v2\/types\/product"}],"wp:featuredmedia":[{"embeddable":true,"href":"https:\/\/pizbube.ch\/en\/wp-json\/wp\/v2\/media\/161566"}],"wp:attachment":[{"href":"https:\/\/pizbube.ch\/en\/wp-json\/wp\/v2\/media?parent=151559"}],"wp:term":[{"taxonomy":"product_brand","embeddable":true,"href":"https:\/\/pizbube.ch\/en\/wp-json\/wp\/v2\/product_brand?post=151559"},{"taxonomy":"product_cat","embeddable":true,"href":"https:\/\/pizbube.ch\/en\/wp-json\/wp\/v2\/product_cat?post=151559"},{"taxonomy":"product_tag","embeddable":true,"href":"https:\/\/pizbube.ch\/en\/wp-json\/wp\/v2\/product_tag?post=151559"}],"curies":[{"name":"wp","href":"https:\/\/api.w.org\/{rel}","templated":true}]}}