{"id":151563,"date":"2021-01-15T12:00:57","date_gmt":"2021-01-15T12:00:57","guid":{"rendered":"https:\/\/codengine3.ch\/?product=import-placeholder-for-201373"},"modified":"2021-01-15T12:01:02","modified_gmt":"2021-01-15T12:01:02","slug":"oesterreichische-karte-1-50-000","status":"publish","type":"product","link":"https:\/\/pizbube.ch\/en\/shop\/oesterreichische-karte-1-50-000\/","title":{"rendered":"\u00d6sterreichische Karte 1: 50 000"},"content":{"rendered":"<p>Fl\u00e4chendeckende Landkarten \u00d6sterreichs vom Bundesamt f. Vermessungswesen.<br \/>\nbitte Blatt\/ Gebiet im Feld &#8218;Bemerkungen&#8216; beim Ausf\u00fcllen der Rechnungsadresse<br \/>\nangeben!  <\/p>\n<p>**Blatteinteilung siehe:**<br \/>\nhttp:\/\/www.bev.gv.at\/pls\/portal\/docs\/PAGE\/BEV_PORTAL_CONTENT_ALLGEMEIN\/0200_PRODUKTE\/PDF\/Oesterreichische_Karte_1_50%20000-BMN.pdf<\/p>","protected":false},"excerpt":{"rendered":"<p>Fl\u00e4chendeckende Landkarten \u00d6sterreichs vom Bundesamt f. Vermessungswesen. bitte Blatt\/ Gebiet im Feld &#8218;Bemerkungen&#8216; beim Ausf\u00fcllen der Rechnungsadresse angeben! **Blatteinteilung siehe:** http:\/\/www.bev.gv.at\/pls\/portal\/docs\/PAGE\/BEV_PORTAL_CONTENT_ALLGEMEIN\/0200_PRODUKTE\/PDF\/Oesterreichische_Karte_1_50%20000-BMN.pdf<\/p>","protected":false},"featured_media":36949,"template":"","meta":[],"product_brand":[],"product_cat":[21543],"product_tag":[],"class_list":{"0":"post-151563","1":"product","2":"type-product","3":"status-publish","4":"has-post-thumbnail","6":"product_cat-landkarten","7":"pa_autor-bev","8":"pa_region-oesterreich","9":"pa_sprache-de","11":"first","12":"instock","13":"taxable","14":"shipping-taxable","15":"purchasable","16":"product-type-simple"},"_links":{"self":[{"href":"https:\/\/pizbube.ch\/en\/wp-json\/wp\/v2\/product\/151563","targetHints":{"allow":["GET"]}}],"collection":[{"href":"https:\/\/pizbube.ch\/en\/wp-json\/wp\/v2\/product"}],"about":[{"href":"https:\/\/pizbube.ch\/en\/wp-json\/wp\/v2\/types\/product"}],"wp:featuredmedia":[{"embeddable":true,"href":"https:\/\/pizbube.ch\/en\/wp-json\/wp\/v2\/media\/36949"}],"wp:attachment":[{"href":"https:\/\/pizbube.ch\/en\/wp-json\/wp\/v2\/media?parent=151563"}],"wp:term":[{"taxonomy":"product_brand","embeddable":true,"href":"https:\/\/pizbube.ch\/en\/wp-json\/wp\/v2\/product_brand?post=151563"},{"taxonomy":"product_cat","embeddable":true,"href":"https:\/\/pizbube.ch\/en\/wp-json\/wp\/v2\/product_cat?post=151563"},{"taxonomy":"product_tag","embeddable":true,"href":"https:\/\/pizbube.ch\/en\/wp-json\/wp\/v2\/product_tag?post=151563"}],"curies":[{"name":"wp","href":"https:\/\/api.w.org\/{rel}","templated":true}]}}