{"id":151568,"date":"2021-01-15T12:00:57","date_gmt":"2021-01-15T12:00:57","guid":{"rendered":"https:\/\/codengine3.ch\/?product=import-placeholder-for-207096"},"modified":"2021-01-15T14:55:05","modified_gmt":"2021-01-15T14:55:05","slug":"der-klang-des-freien-falls","status":"publish","type":"product","link":"https:\/\/pizbube.ch\/en\/shop\/der-klang-des-freien-falls\/","title":{"rendered":"Der Klang des freien Falls"},"content":{"rendered":"<p>Mit &#8218;Sturz ins Leere&#8216; (Touching the Void) legte der Schriftsteller und<br \/>\nAlpinist Joe Simpson den aufw\u00fchlenden Bericht seines \u00dcberlebenskampfes in den<br \/>\nAnden vor. Es geh\u00f6rt zu der Handvoll B\u00fccher, die weit \u00fcber die<br \/>\nBergsteigerszene hinaus packen und bewegen &#8211; mit lebenslanger Schuld und der<br \/>\nWillenskraft eines Todgeweihten.  <\/p>\n<p>Jetzt greift Simpson diese traumatische Grenzerfahrung noch einmal auf.<br \/>\nSprachlich gewandt und unendlich spannend erz\u00e4hlt er von Patrick und dessen<br \/>\njunger Frau, die die Leidenschaft f\u00fcr Hochgebirgstouren verbindet. Bis sich<br \/>\nbei einem eisigen Aufstieg ein Karabiner \u00f6ffnet und Patrick vor einer<br \/>\nEntscheidung mit t\u00f6dlicher Konsequenz steht &#8211; eine Entscheidung, die er noch<br \/>\n25 Jahre sp\u00e4ter s\u00fchnen wird.  <\/p>","protected":false},"excerpt":{"rendered":"<p>Mit &#8218;Sturz ins Leere&#8216; (Touching the Void) legte der Schriftsteller und Alpinist Joe Simpson den aufw\u00fchlenden Bericht seines \u00dcberlebenskampfes in den Anden vor. Es geh\u00f6rt zu der Handvoll B\u00fccher, die weit \u00fcber die Bergsteigerszene hinaus packen und bewegen &#8211; mit lebenslanger Schuld und der Willenskraft eines Todgeweihten. Jetzt greift Simpson diese traumatische Grenzerfahrung noch einmal [&#8230;]\n","protected":false},"featured_media":36702,"template":"","meta":[],"product_brand":[],"product_cat":[21629],"product_tag":[],"class_list":{"0":"post-151568","1":"product","2":"type-product","3":"status-publish","4":"has-post-thumbnail","6":"product_cat-belletristik","7":"pa_autor-simpson","8":"pa_erscheinungsjahr-21610","9":"pa_region-deutschland","10":"pa_sprache-de","12":"first","13":"outofstock","14":"taxable","15":"shipping-taxable","16":"purchasable","17":"product-type-simple"},"_links":{"self":[{"href":"https:\/\/pizbube.ch\/en\/wp-json\/wp\/v2\/product\/151568","targetHints":{"allow":["GET"]}}],"collection":[{"href":"https:\/\/pizbube.ch\/en\/wp-json\/wp\/v2\/product"}],"about":[{"href":"https:\/\/pizbube.ch\/en\/wp-json\/wp\/v2\/types\/product"}],"wp:featuredmedia":[{"embeddable":true,"href":"https:\/\/pizbube.ch\/en\/wp-json\/wp\/v2\/media\/36702"}],"wp:attachment":[{"href":"https:\/\/pizbube.ch\/en\/wp-json\/wp\/v2\/media?parent=151568"}],"wp:term":[{"taxonomy":"product_brand","embeddable":true,"href":"https:\/\/pizbube.ch\/en\/wp-json\/wp\/v2\/product_brand?post=151568"},{"taxonomy":"product_cat","embeddable":true,"href":"https:\/\/pizbube.ch\/en\/wp-json\/wp\/v2\/product_cat?post=151568"},{"taxonomy":"product_tag","embeddable":true,"href":"https:\/\/pizbube.ch\/en\/wp-json\/wp\/v2\/product_tag?post=151568"}],"curies":[{"name":"wp","href":"https:\/\/api.w.org\/{rel}","templated":true}]}}