{"id":151570,"date":"2021-01-15T12:00:57","date_gmt":"2021-01-15T12:00:57","guid":{"rendered":"https:\/\/codengine3.ch\/?product=import-placeholder-for-201377"},"modified":"2025-09-23T14:18:22","modified_gmt":"2025-09-23T12:18:22","slug":"escalades-autour-de-grenoble","status":"publish","type":"product","link":"https:\/\/pizbube.ch\/en\/shop\/escalades-autour-de-grenoble\/","title":{"rendered":"Escalades autour de Grenoble"},"content":{"rendered":"<p>28 sites 1900 voies autour de Grenoble!<\/p>\n<ul>\n<li>Voreppe<\/li>\n<li>St-Egr\u00e8ve<\/li>\n<li>Les Brieux<\/li>\n<li>La Flach\u00e8re<\/li>\n<li>Lumbin<\/li>\n<li>Pierre champ bertin<\/li>\n<li>Les communaux<\/li>\n<li>Le Luisset (St-Pancrasse)<\/li>\n<li>Narbonne<\/li>\n<li>Camp Romain<\/li>\n<li>Mas d&#8217;Oris<\/li>\n<li>Les Lames<\/li>\n<li>La Bastille<\/li>\n<li>Les Jay\u00e8res<\/li>\n<li>D.J. Face<\/li>\n<li>Le Coup de sabre<\/li>\n<li>Les Vouillants<\/li>\n<li>Le Petit d\u00e9sert<\/li>\n<li>D\u00e9sert de l&#8217;Ecureuil<\/li>\n<li>Chez Roger<\/li>\n<li>Poussebou<\/li>\n<li>Espace comboire<\/li>\n<li>Comboire<\/li>\n<li>Le Peuil<\/li>\n<li>Les Saillant<\/li>\n<li>Gl\u00e9sy<\/li>\n<li>St-Paul-de-Varces<\/li>\n<li>Vizille<\/li>\n<\/ul>\n<p>214 pages<\/p>","protected":false},"excerpt":{"rendered":"<p>28 sites 1900 voies autour de Grenoble! Voreppe St-Egr\u00e8ve Les Brieux La Flach\u00e8re Lumbin Pierre champ bertin Les communaux Le Luisset (St-Pancrasse) Narbonne Camp Romain Mas d&#8217;Oris Les Lames La Bastille Les Jay\u00e8res D.J. Face Le Coup de sabre Les Vouillants Le Petit d\u00e9sert D\u00e9sert de l&#8217;Ecureuil Chez Roger Poussebou Espace comboire Comboire Le Peuil [&#8230;]\n","protected":false},"featured_media":181390,"template":"","meta":[],"product_brand":[],"product_cat":[21539],"product_tag":[],"class_list":{"0":"post-151570","1":"product","2":"type-product","3":"status-publish","4":"has-post-thumbnail","6":"product_cat-fuehrerliteratur-sportklettern-bouldern","7":"pa_autor-duhaut","8":"pa_erscheinungsjahr-21550","9":"pa_region-frankreich","10":"pa_sprache-fr","12":"first","13":"instock","14":"taxable","15":"shipping-taxable","16":"purchasable","17":"product-type-simple"},"_links":{"self":[{"href":"https:\/\/pizbube.ch\/en\/wp-json\/wp\/v2\/product\/151570","targetHints":{"allow":["GET"]}}],"collection":[{"href":"https:\/\/pizbube.ch\/en\/wp-json\/wp\/v2\/product"}],"about":[{"href":"https:\/\/pizbube.ch\/en\/wp-json\/wp\/v2\/types\/product"}],"wp:featuredmedia":[{"embeddable":true,"href":"https:\/\/pizbube.ch\/en\/wp-json\/wp\/v2\/media\/181390"}],"wp:attachment":[{"href":"https:\/\/pizbube.ch\/en\/wp-json\/wp\/v2\/media?parent=151570"}],"wp:term":[{"taxonomy":"product_brand","embeddable":true,"href":"https:\/\/pizbube.ch\/en\/wp-json\/wp\/v2\/product_brand?post=151570"},{"taxonomy":"product_cat","embeddable":true,"href":"https:\/\/pizbube.ch\/en\/wp-json\/wp\/v2\/product_cat?post=151570"},{"taxonomy":"product_tag","embeddable":true,"href":"https:\/\/pizbube.ch\/en\/wp-json\/wp\/v2\/product_tag?post=151570"}],"curies":[{"name":"wp","href":"https:\/\/api.w.org\/{rel}","templated":true}]}}