{"id":151572,"date":"2021-01-15T12:00:57","date_gmt":"2021-01-15T12:00:57","guid":{"rendered":"https:\/\/codengine3.ch\/?product=import-placeholder-for-205908"},"modified":"2021-01-15T14:44:52","modified_gmt":"2021-01-15T14:44:52","slug":"escalade-et-via-ferrata-du-pilat","status":"publish","type":"product","link":"https:\/\/pizbube.ch\/en\/shop\/escalade-et-via-ferrata-du-pilat\/","title":{"rendered":"Escalade et Via Ferrata du Pilat"},"content":{"rendered":"<p>Au fil des pages de ce guide, vous allez visitez deux sites majeurs du Parc<br \/>\nNaturel R\u00e9gional du Pilat \/ St. \u00c9tienne et sa r\u00e9gion, Loire en Rh\u00f4ne Alpes  <\/p>\n<p>Ainsi vous d\u00e9couvrirez ou red\u00e9couvrirez :<br \/>\n&#8211; Plus de 340 Voies<br \/>\n&#8211; 12 grandes voies de 2 \u00e0 6 longueurs<br \/>\n&#8211; 8 suggestions d&#8217;encha\u00eenements<br \/>\n&#8211; 4 escalade itin\u00e9rantes<br \/>\n&#8211; Une via ferrata enfant<br \/>\n&#8211; Une via ferrata adulte  <\/p>","protected":false},"excerpt":{"rendered":"<p>Au fil des pages de ce guide, vous allez visitez deux sites majeurs du Parc Naturel R\u00e9gional du Pilat \/ St. \u00c9tienne et sa r\u00e9gion, Loire en Rh\u00f4ne Alpes Ainsi vous d\u00e9couvrirez ou red\u00e9couvrirez : &#8211; Plus de 340 Voies &#8211; 12 grandes voies de 2 \u00e0 6 longueurs &#8211; 8 suggestions d&#8217;encha\u00eenements &#8211; 4 [&#8230;]\n","protected":false},"featured_media":34763,"template":"","meta":[],"product_brand":[],"product_cat":[21539],"product_tag":[],"class_list":{"0":"post-151572","1":"product","2":"type-product","3":"status-publish","4":"has-post-thumbnail","6":"product_cat-fuehrerliteratur-sportklettern-bouldern","7":"pa_autor-ffme","8":"pa_erscheinungsjahr-21591","9":"pa_region-frankreich","10":"pa_sprache-fr","12":"first","13":"instock","14":"taxable","15":"shipping-taxable","16":"purchasable","17":"product-type-simple"},"_links":{"self":[{"href":"https:\/\/pizbube.ch\/en\/wp-json\/wp\/v2\/product\/151572","targetHints":{"allow":["GET"]}}],"collection":[{"href":"https:\/\/pizbube.ch\/en\/wp-json\/wp\/v2\/product"}],"about":[{"href":"https:\/\/pizbube.ch\/en\/wp-json\/wp\/v2\/types\/product"}],"wp:featuredmedia":[{"embeddable":true,"href":"https:\/\/pizbube.ch\/en\/wp-json\/wp\/v2\/media\/34763"}],"wp:attachment":[{"href":"https:\/\/pizbube.ch\/en\/wp-json\/wp\/v2\/media?parent=151572"}],"wp:term":[{"taxonomy":"product_brand","embeddable":true,"href":"https:\/\/pizbube.ch\/en\/wp-json\/wp\/v2\/product_brand?post=151572"},{"taxonomy":"product_cat","embeddable":true,"href":"https:\/\/pizbube.ch\/en\/wp-json\/wp\/v2\/product_cat?post=151572"},{"taxonomy":"product_tag","embeddable":true,"href":"https:\/\/pizbube.ch\/en\/wp-json\/wp\/v2\/product_tag?post=151572"}],"curies":[{"name":"wp","href":"https:\/\/api.w.org\/{rel}","templated":true}]}}