{"id":151573,"date":"2021-01-15T12:00:57","date_gmt":"2021-01-15T12:00:57","guid":{"rendered":"https:\/\/codengine3.ch\/?product=import-placeholder-for-203288"},"modified":"2021-01-15T14:21:47","modified_gmt":"2021-01-15T14:21:47","slug":"escalades-faciles-de-grenoble-a-briancon","status":"publish","type":"product","link":"https:\/\/pizbube.ch\/en\/shop\/escalades-faciles-de-grenoble-a-briancon\/","title":{"rendered":"ESCALADES FACILES DE GRENOBLE A BRIANCON"},"content":{"rendered":"<p>S\u00e9lection de voies de niveau peu difficile \u00e0 difficile (3b \u00e0 5c) dans le<br \/>\nmassif des Ecrins, les Grandes Rousses, le Galibier, les Cerces<\/p>","protected":false},"excerpt":{"rendered":"<p>S\u00e9lection de voies de niveau peu difficile \u00e0 difficile (3b \u00e0 5c) dans le massif des Ecrins, les Grandes Rousses, le Galibier, les Cerces<\/p>","protected":false},"featured_media":30869,"template":"","meta":[],"product_brand":[],"product_cat":[21539],"product_tag":[],"class_list":{"0":"post-151573","1":"product","2":"type-product","3":"status-publish","4":"has-post-thumbnail","6":"product_cat-fuehrerliteratur-sportklettern-bouldern","7":"pa_autor-margueritat","8":"pa_erscheinungsjahr-21920","9":"pa_region-frankreich","10":"pa_sprache-fr","12":"first","13":"outofstock","14":"taxable","15":"shipping-taxable","16":"purchasable","17":"product-type-simple"},"_links":{"self":[{"href":"https:\/\/pizbube.ch\/en\/wp-json\/wp\/v2\/product\/151573","targetHints":{"allow":["GET"]}}],"collection":[{"href":"https:\/\/pizbube.ch\/en\/wp-json\/wp\/v2\/product"}],"about":[{"href":"https:\/\/pizbube.ch\/en\/wp-json\/wp\/v2\/types\/product"}],"wp:featuredmedia":[{"embeddable":true,"href":"https:\/\/pizbube.ch\/en\/wp-json\/wp\/v2\/media\/30869"}],"wp:attachment":[{"href":"https:\/\/pizbube.ch\/en\/wp-json\/wp\/v2\/media?parent=151573"}],"wp:term":[{"taxonomy":"product_brand","embeddable":true,"href":"https:\/\/pizbube.ch\/en\/wp-json\/wp\/v2\/product_brand?post=151573"},{"taxonomy":"product_cat","embeddable":true,"href":"https:\/\/pizbube.ch\/en\/wp-json\/wp\/v2\/product_cat?post=151573"},{"taxonomy":"product_tag","embeddable":true,"href":"https:\/\/pizbube.ch\/en\/wp-json\/wp\/v2\/product_tag?post=151573"}],"curies":[{"name":"wp","href":"https:\/\/api.w.org\/{rel}","templated":true}]}}