{"id":151575,"date":"2021-01-15T12:00:57","date_gmt":"2021-01-15T12:00:57","guid":{"rendered":"https:\/\/codengine3.ch\/?product=import-placeholder-for-207733"},"modified":"2025-10-02T16:13:30","modified_gmt":"2025-10-02T14:13:30","slug":"belledonne-escalade-2","status":"publish","type":"product","link":"https:\/\/pizbube.ch\/en\/shop\/belledonne-escalade-2\/","title":{"rendered":"Belledonne Escalade"},"content":{"rendered":"<p>Ce topoguide d\u00e9crit 150 itin\u00e9raires d\u2019escalade rocheuse situ\u00e9s dans le massif<br \/>\nde Belledonne, \u00e0 l&#8217;est de Grenoble.<br \/>\nIl s\u2019adresse aussi bien au grimpeur de voies modernes s\u00e9curis\u00e9es qu\u2019\u00e0<br \/>\nl\u2019amateur de terrain traditionnel sur friends.<\/p>\n<p>Les lignes sont d\u00e9crites avec pr\u00e9cision : approche, cheminement, descente,<br \/>\nhistorique, cotations, mat\u00e9riel \u00e0 emporter, trac\u00e9 sur photo. Mais Belledonne<br \/>\nEscalade, c\u2019est aussi des commentaires historiques, culturels, techniques, des<br \/>\npropositions de randonn\u00e9es alpines\u2026<\/p>\n<p>Lionel Tassan parcourt ces sommets de long en large depuis plus de trente ans<br \/>\net avec l\u2019aide des sp\u00e9cialistes du massif, il nous offre \u00e0 la fois un topo et<br \/>\nun v\u00e9ritable livre sur Belledonne, version rocher.<\/p>\n<p>260 pages en couleur<\/p>\n<p><strong>SONDERPREIS 2. AUFLAGE: CHF 24.80 STATT 49.60<\/strong><\/p>","protected":false},"excerpt":{"rendered":"<p>Ce topoguide d\u00e9crit 150 itin\u00e9raires d\u2019escalade rocheuse situ\u00e9s dans le massif de Belledonne, \u00e0 l&#8217;est de Grenoble. Il s\u2019adresse aussi bien au grimpeur de voies modernes s\u00e9curis\u00e9es qu\u2019\u00e0 l\u2019amateur de terrain traditionnel sur friends. Les lignes sont d\u00e9crites avec pr\u00e9cision : approche, cheminement, descente, historique, cotations, mat\u00e9riel \u00e0 emporter, trac\u00e9 sur photo. Mais Belledonne Escalade, [&#8230;]\n","protected":false},"featured_media":38299,"template":"","meta":[],"product_brand":[],"product_cat":[21539],"product_tag":[],"class_list":{"0":"post-151575","1":"product","2":"type-product","3":"status-publish","4":"has-post-thumbnail","6":"product_cat-fuehrerliteratur-sportklettern-bouldern","7":"pa_autor-tassan","8":"pa_erscheinungsjahr-21558","9":"pa_region-frankreich","10":"pa_sprache-fr","12":"first","13":"instock","14":"sale","15":"taxable","16":"shipping-taxable","17":"purchasable","18":"product-type-simple"},"_links":{"self":[{"href":"https:\/\/pizbube.ch\/en\/wp-json\/wp\/v2\/product\/151575","targetHints":{"allow":["GET"]}}],"collection":[{"href":"https:\/\/pizbube.ch\/en\/wp-json\/wp\/v2\/product"}],"about":[{"href":"https:\/\/pizbube.ch\/en\/wp-json\/wp\/v2\/types\/product"}],"wp:featuredmedia":[{"embeddable":true,"href":"https:\/\/pizbube.ch\/en\/wp-json\/wp\/v2\/media\/38299"}],"wp:attachment":[{"href":"https:\/\/pizbube.ch\/en\/wp-json\/wp\/v2\/media?parent=151575"}],"wp:term":[{"taxonomy":"product_brand","embeddable":true,"href":"https:\/\/pizbube.ch\/en\/wp-json\/wp\/v2\/product_brand?post=151575"},{"taxonomy":"product_cat","embeddable":true,"href":"https:\/\/pizbube.ch\/en\/wp-json\/wp\/v2\/product_cat?post=151575"},{"taxonomy":"product_tag","embeddable":true,"href":"https:\/\/pizbube.ch\/en\/wp-json\/wp\/v2\/product_tag?post=151575"}],"curies":[{"name":"wp","href":"https:\/\/api.w.org\/{rel}","templated":true}]}}