{"id":151577,"date":"2021-01-15T12:00:57","date_gmt":"2021-01-15T12:00:57","guid":{"rendered":"https:\/\/codengine3.ch\/?product=import-placeholder-for-204707"},"modified":"2026-03-19T09:50:23","modified_gmt":"2026-03-19T08:50:23","slug":"escalade-en-isere-tome-1","status":"publish","type":"product","link":"https:\/\/pizbube.ch\/en\/shop\/escalade-en-isere-tome-1\/","title":{"rendered":"Escalade en Is\u00e8re &#8211; Tome 1"},"content":{"rendered":"<p>La nouvelle \u00e9dition 2025 du Tome 1 des sites d\u2019escalade en Is\u00e8re est l\u00e0 !<\/p>\n<p>Edit\u00e9 par le Comit\u00e9 Territorial Is\u00e8re, ce topo de 388 pages contient les secteurs d\u2019escalade de la vall\u00e9es de Grenoble, de la Chartreuse\u00a0 et du Nord Is\u00e8re.<\/p>\n<p>Dans ce topo (50 sites) :<\/p>\n<ul>\n<li>Vall\u00e9es de Grenoble : SDF, Guy Pape, Jimmy\u2019s Cliff, Les Lames, Le Mas d\u2019Oris, Le P\u00e8r\u2019Gras, La Cima\u00efette, Narbonne, L\u2019abattoir, Le goupil, Les Brieux, Saint Egr\u00e8ve, Les Jay\u00e8res, Voreppe, Fontaine-Pierre B\u00e9ghin, Luce Douady, Le Coup de Sabre, Le Petit D\u00e9sert, , La D.J. Face, Le D\u00e9sert de l\u2019Ecureuil, Chez Roger, Chez Yvette, Mur de Satan, Espace Comboire, Comboire, Risset et Saint Paul de Varces<\/li>\n<li>Chartreuse : La Pierre Champ Bertin et Les Communaux, St Pancrasse \u2013 Le Luisset, Le Col du Coq, La Dent de Crolles, La Pierre Grange 1 et 2, Lumbin \u2013 Belv\u00e9d\u00e8re de Luce, L\u2019Aulp du Seuil, Le Gl\u00e9sy, La Flach\u00e8re, Le Pont de Vence, L\u2019Ecoutoux, Le Rocher du Bret \u2013 St Eynard, Le Vallon de la Penna, Le Rocher du Mollard, Roche Brune, Les Gorges de Crossey et Saint-Aupre<\/li>\n<li>Nord Is\u00e8re : Hi\u00e8res sur Amby, Vertrieu, Porcieu, Creys-M\u00e9pieu et Jardin \u2013 La Tour de Montl\u00e9ans<\/li>\n<\/ul>\n<p>Edition 2025<\/p>","protected":false},"excerpt":{"rendered":"<p>La nouvelle \u00e9dition 2025 du Tome 1 des sites d\u2019escalade en Is\u00e8re est l\u00e0 ! Edit\u00e9 par le Comit\u00e9 Territorial Is\u00e8re, ce topo de 388 pages contient les secteurs d\u2019escalade de la vall\u00e9es de Grenoble, de la Chartreuse\u00a0 et du Nord Is\u00e8re. Dans ce topo (50 sites) : Vall\u00e9es de Grenoble : SDF, Guy Pape, [&#8230;]\n","protected":false},"featured_media":183502,"template":"","meta":[],"product_brand":[],"product_cat":[21539],"product_tag":[27702],"class_list":{"0":"post-151577","1":"product","2":"type-product","3":"status-publish","4":"has-post-thumbnail","6":"product_cat-fuehrerliteratur-sportklettern-bouldern","7":"product_tag-escalade-en-isere-1","8":"pa_autor-ffme","9":"pa_erscheinungsjahr-27415","10":"pa_region-frankreich","11":"pa_sprache-fr","13":"first","14":"instock","15":"taxable","16":"shipping-taxable","17":"purchasable","18":"product-type-simple"},"_links":{"self":[{"href":"https:\/\/pizbube.ch\/en\/wp-json\/wp\/v2\/product\/151577","targetHints":{"allow":["GET"]}}],"collection":[{"href":"https:\/\/pizbube.ch\/en\/wp-json\/wp\/v2\/product"}],"about":[{"href":"https:\/\/pizbube.ch\/en\/wp-json\/wp\/v2\/types\/product"}],"wp:featuredmedia":[{"embeddable":true,"href":"https:\/\/pizbube.ch\/en\/wp-json\/wp\/v2\/media\/183502"}],"wp:attachment":[{"href":"https:\/\/pizbube.ch\/en\/wp-json\/wp\/v2\/media?parent=151577"}],"wp:term":[{"taxonomy":"product_brand","embeddable":true,"href":"https:\/\/pizbube.ch\/en\/wp-json\/wp\/v2\/product_brand?post=151577"},{"taxonomy":"product_cat","embeddable":true,"href":"https:\/\/pizbube.ch\/en\/wp-json\/wp\/v2\/product_cat?post=151577"},{"taxonomy":"product_tag","embeddable":true,"href":"https:\/\/pizbube.ch\/en\/wp-json\/wp\/v2\/product_tag?post=151577"}],"curies":[{"name":"wp","href":"https:\/\/api.w.org\/{rel}","templated":true}]}}