{"id":151578,"date":"2021-01-15T12:00:58","date_gmt":"2021-01-15T12:00:58","guid":{"rendered":"https:\/\/codengine3.ch\/?product=import-placeholder-for-201378"},"modified":"2025-09-24T16:16:08","modified_gmt":"2025-09-24T14:16:08","slug":"grimper-en-isere","status":"publish","type":"product","link":"https:\/\/pizbube.ch\/en\/shop\/grimper-en-isere\/","title":{"rendered":"Grimper en Is\u00e8re"},"content":{"rendered":"<p>41 sites en Is\u00e8re avec 1250 voies!<\/p>\n<p>La Betta, L&#8217;Arselle, La Croix de Chamrousse, Aulp du Seuil, Dent de Crolles<br \/>\n(face ouest), Col du Coq, Rochers du Mollard, Les Ecoutoux, Saint-Eynard,<br \/>\nRochers du Bret, Pont de Vence, Roche-Brune, Saint-Aupre, Gorges du Crossey,<br \/>\nL&#8217;Albenc, Hi\u00e8res sur Amby, Vernas, Tour de Montl\u00e9ans, Versenat, Le Villaret,<br \/>\nLa Cascade, La Chalp, Rioup\u00e9roux, Livet, Petites Jorasses, L&#8217;Alpe d&#8217;Huez, Le<br \/>\nVernis, Les Etroits, Le Collet, La B\u00e9rarde, Pont du pr\u00eatre, Valjouffrey, Les<br \/>\nDoras, Porcieu, Rochers des 11 Heures, Chantelouve, Cord\u00e9ac<\/p>\n<p>Quand vous achetez un topo \u00e9dit\u00e9 par Promo Grimpe, vous participez \u00e0<br \/>\nl&#8217;\u00e9quipement. En effet, une partie des b\u00e9n\u00e9fices g\u00e9n\u00e9r\u00e9s par les ventes est<br \/>\nr\u00e9investie sous forme d&#8217;aide mat\u00e9rielle \u00e0 des projets d&#8217;ouverture.<\/p>\n<p>Topoguidebook, 196 p.<br \/>\nEdition 2015<\/p>","protected":false},"excerpt":{"rendered":"<p>41 sites en Is\u00e8re avec 1250 voies! La Betta, L&#8217;Arselle, La Croix de Chamrousse, Aulp du Seuil, Dent de Crolles (face ouest), Col du Coq, Rochers du Mollard, Les Ecoutoux, Saint-Eynard, Rochers du Bret, Pont de Vence, Roche-Brune, Saint-Aupre, Gorges du Crossey, L&#8217;Albenc, Hi\u00e8res sur Amby, Vernas, Tour de Montl\u00e9ans, Versenat, Le Villaret, La Cascade, [&#8230;]\n","protected":false},"featured_media":181391,"template":"","meta":[],"product_brand":[],"product_cat":[21539],"product_tag":[],"class_list":{"0":"post-151578","1":"product","2":"type-product","3":"status-publish","4":"has-post-thumbnail","6":"product_cat-fuehrerliteratur-sportklettern-bouldern","7":"pa_autor-duhaut-vigier","8":"pa_erscheinungsjahr-21597","9":"pa_region-frankreich","10":"pa_sprache-fr","12":"first","13":"instock","14":"taxable","15":"shipping-taxable","16":"purchasable","17":"product-type-simple"},"_links":{"self":[{"href":"https:\/\/pizbube.ch\/en\/wp-json\/wp\/v2\/product\/151578","targetHints":{"allow":["GET"]}}],"collection":[{"href":"https:\/\/pizbube.ch\/en\/wp-json\/wp\/v2\/product"}],"about":[{"href":"https:\/\/pizbube.ch\/en\/wp-json\/wp\/v2\/types\/product"}],"wp:featuredmedia":[{"embeddable":true,"href":"https:\/\/pizbube.ch\/en\/wp-json\/wp\/v2\/media\/181391"}],"wp:attachment":[{"href":"https:\/\/pizbube.ch\/en\/wp-json\/wp\/v2\/media?parent=151578"}],"wp:term":[{"taxonomy":"product_brand","embeddable":true,"href":"https:\/\/pizbube.ch\/en\/wp-json\/wp\/v2\/product_brand?post=151578"},{"taxonomy":"product_cat","embeddable":true,"href":"https:\/\/pizbube.ch\/en\/wp-json\/wp\/v2\/product_cat?post=151578"},{"taxonomy":"product_tag","embeddable":true,"href":"https:\/\/pizbube.ch\/en\/wp-json\/wp\/v2\/product_tag?post=151578"}],"curies":[{"name":"wp","href":"https:\/\/api.w.org\/{rel}","templated":true}]}}