{"id":151580,"date":"2021-01-15T12:00:58","date_gmt":"2021-01-15T12:00:58","guid":{"rendered":"https:\/\/codengine3.ch\/?product=import-placeholder-for-208336"},"modified":"2021-01-15T17:52:53","modified_gmt":"2021-01-15T17:52:53","slug":"topo-riouperoux","status":"publish","type":"product","link":"https:\/\/pizbube.ch\/en\/shop\/topo-riouperoux\/","title":{"rendered":"Topo Riouperoux"},"content":{"rendered":"<p>Cinq secteurs sur plus d&#8217;une douzaine sont r\u00e9pertori\u00e9s dans cet ouvrage.<br \/>\nLes secteurs &#171;prioritaires&#187; avec une forte densit\u00e9 de passages et une<br \/>\nescalade d&#8217;excellente qualit\u00e9 sont ainsi pr\u00e9sent\u00e9s.<br \/>\nDe m\u00eame, dans chaque secteur seuls les passages &#171;les plus \u00e9vidents&#187; de ces<br \/>\nsecteurs ont \u00e9t\u00e9 s\u00e9lectionn\u00e9s.<\/p>\n<p>Les secteurs :<br \/>\n&#8211; La chapelle<br \/>\n&#8211; Pic de pollution<br \/>\n&#8211; Haute Tension<br \/>\n&#8211; Z\u00e9gh\u00e9ma Beach<br \/>\n&#8211; La Centrale<\/p>\n<p>68 pages<\/p>","protected":false},"excerpt":{"rendered":"<p>Cinq secteurs sur plus d&#8217;une douzaine sont r\u00e9pertori\u00e9s dans cet ouvrage. Les secteurs &#171;prioritaires&#187; avec une forte densit\u00e9 de passages et une escalade d&#8217;excellente qualit\u00e9 sont ainsi pr\u00e9sent\u00e9s. De m\u00eame, dans chaque secteur seuls les passages &#171;les plus \u00e9vidents&#187; de ces secteurs ont \u00e9t\u00e9 s\u00e9lectionn\u00e9s. Les secteurs : &#8211; La chapelle &#8211; Pic de pollution [&#8230;]\n","protected":false},"featured_media":40028,"template":"","meta":[],"product_brand":[],"product_cat":[21539],"product_tag":[],"class_list":{"0":"post-151580","1":"product","2":"type-product","3":"status-publish","4":"has-post-thumbnail","6":"product_cat-fuehrerliteratur-sportklettern-bouldern","7":"pa_autor-cd-ffme-isere-et-rhone-alpes","8":"pa_erscheinungsjahr-21571","9":"pa_region-frankreich","10":"pa_sprache-fr","12":"first","13":"instock","14":"taxable","15":"shipping-taxable","16":"purchasable","17":"product-type-simple"},"_links":{"self":[{"href":"https:\/\/pizbube.ch\/en\/wp-json\/wp\/v2\/product\/151580","targetHints":{"allow":["GET"]}}],"collection":[{"href":"https:\/\/pizbube.ch\/en\/wp-json\/wp\/v2\/product"}],"about":[{"href":"https:\/\/pizbube.ch\/en\/wp-json\/wp\/v2\/types\/product"}],"wp:featuredmedia":[{"embeddable":true,"href":"https:\/\/pizbube.ch\/en\/wp-json\/wp\/v2\/media\/40028"}],"wp:attachment":[{"href":"https:\/\/pizbube.ch\/en\/wp-json\/wp\/v2\/media?parent=151580"}],"wp:term":[{"taxonomy":"product_brand","embeddable":true,"href":"https:\/\/pizbube.ch\/en\/wp-json\/wp\/v2\/product_brand?post=151580"},{"taxonomy":"product_cat","embeddable":true,"href":"https:\/\/pizbube.ch\/en\/wp-json\/wp\/v2\/product_cat?post=151580"},{"taxonomy":"product_tag","embeddable":true,"href":"https:\/\/pizbube.ch\/en\/wp-json\/wp\/v2\/product_tag?post=151580"}],"curies":[{"name":"wp","href":"https:\/\/api.w.org\/{rel}","templated":true}]}}