{"id":151582,"date":"2021-01-15T12:00:58","date_gmt":"2021-01-15T12:00:58","guid":{"rendered":"https:\/\/codengine3.ch\/?product=import-placeholder-for-206096"},"modified":"2021-01-15T14:46:21","modified_gmt":"2021-01-15T14:46:21","slug":"vercors","status":"publish","type":"product","link":"https:\/\/pizbube.ch\/en\/shop\/vercors\/","title":{"rendered":"Vercors"},"content":{"rendered":"<p>Au travers d\u2019exceptionnelles photographies en grand format, cette nouvelle<br \/>\ncollection pr\u00e9sente les plus beaux territoires de France. R\u00e9alis\u00e9s par des<br \/>\nauteurs locaux, ces ouvrages de grande qualit\u00e9 proposent ainsi aux lecteurs<br \/>\nune d\u00e9couverte compl\u00e8te de la r\u00e9gion au travers de textes pr\u00e9sentant tous les<br \/>\ndomaines : histoire, g\u00e9ologie, \u00e9conomie locale, culture, secteurs<br \/>\ng\u00e9ographiques, etc\u2026 Un cahier final de 8 pages fourni toutes les informations<br \/>\npratiques : acc\u00e8s, manifestations, h\u00e9bergements, s\u00e9lection d&#8217;itin\u00e9raires par<br \/>\nactivit\u00e9s, professionnels du loisirs, sites touristiques, etc\u2026  <\/p>","protected":false},"excerpt":{"rendered":"<p>Au travers d\u2019exceptionnelles photographies en grand format, cette nouvelle collection pr\u00e9sente les plus beaux territoires de France. R\u00e9alis\u00e9s par des auteurs locaux, ces ouvrages de grande qualit\u00e9 proposent ainsi aux lecteurs une d\u00e9couverte compl\u00e8te de la r\u00e9gion au travers de textes pr\u00e9sentant tous les domaines : histoire, g\u00e9ologie, \u00e9conomie locale, culture, secteurs g\u00e9ographiques, etc\u2026 Un [&#8230;]\n","protected":false},"featured_media":35009,"template":"","meta":[],"product_brand":[],"product_cat":[21542],"product_tag":[],"class_list":{"0":"post-151582","1":"product","2":"type-product","3":"status-publish","4":"has-post-thumbnail","6":"product_cat-sachbuecher-dokumentationen","7":"pa_autor-dubois-laget-mortier","8":"pa_erscheinungsjahr-21591","9":"pa_region-frankreich","10":"pa_sprache-e","11":"pa_sprache-f","13":"first","14":"instock","15":"taxable","16":"shipping-taxable","17":"purchasable","18":"product-type-simple"},"_links":{"self":[{"href":"https:\/\/pizbube.ch\/en\/wp-json\/wp\/v2\/product\/151582","targetHints":{"allow":["GET"]}}],"collection":[{"href":"https:\/\/pizbube.ch\/en\/wp-json\/wp\/v2\/product"}],"about":[{"href":"https:\/\/pizbube.ch\/en\/wp-json\/wp\/v2\/types\/product"}],"wp:featuredmedia":[{"embeddable":true,"href":"https:\/\/pizbube.ch\/en\/wp-json\/wp\/v2\/media\/35009"}],"wp:attachment":[{"href":"https:\/\/pizbube.ch\/en\/wp-json\/wp\/v2\/media?parent=151582"}],"wp:term":[{"taxonomy":"product_brand","embeddable":true,"href":"https:\/\/pizbube.ch\/en\/wp-json\/wp\/v2\/product_brand?post=151582"},{"taxonomy":"product_cat","embeddable":true,"href":"https:\/\/pizbube.ch\/en\/wp-json\/wp\/v2\/product_cat?post=151582"},{"taxonomy":"product_tag","embeddable":true,"href":"https:\/\/pizbube.ch\/en\/wp-json\/wp\/v2\/product_tag?post=151582"}],"curies":[{"name":"wp","href":"https:\/\/api.w.org\/{rel}","templated":true}]}}