{"id":151583,"date":"2021-01-15T12:00:58","date_gmt":"2021-01-15T12:00:58","guid":{"rendered":"https:\/\/codengine3.ch\/?product=import-placeholder-for-202966"},"modified":"2021-01-15T12:52:51","modified_gmt":"2021-01-15T12:52:51","slug":"le-guide-du-saleve","status":"publish","type":"product","link":"https:\/\/pizbube.ch\/en\/shop\/le-guide-du-saleve\/","title":{"rendered":"Le guide du Sal\u00e8ve"},"content":{"rendered":"<p>Topoguide: 450 itin\u00e9raires d&#8216; escalade et les sentiers escarp\u00e9s.132 p.<br \/>\nUn topo d&#8217;aspect viellot avec des cotations en chiffres romains! Et poutant,<br \/>\nl&#8217;information est presque \u00e0 jour, les dessins sont beaux et chaque voie<br \/>\nposs\u00e8de son commentaire. Indispensable si on veut s&#8217;y retrouver dans cet<br \/>\nimmense Sal\u00e8ve, r\u00e9parti en secteurs parfois tr\u00e8s \u00e9loign\u00e9s les uns des autres.<\/p>","protected":false},"excerpt":{"rendered":"<ul>\n<li><b>INFO: Neuauflage vorgesehen, 2007<b><\/li>\n<\/ul>","protected":false},"featured_media":30464,"template":"","meta":[],"product_brand":[],"product_cat":[21539],"product_tag":[],"class_list":{"0":"post-151583","1":"product","2":"type-product","3":"status-publish","4":"has-post-thumbnail","6":"product_cat-fuehrerliteratur-sportklettern-bouldern","7":"pa_autor-wietlisbach","8":"pa_erscheinungsjahr-22137","9":"pa_region-schweiz","10":"pa_sprache-fr","12":"first","13":"outofstock","14":"taxable","15":"shipping-taxable","16":"purchasable","17":"product-type-simple"},"_links":{"self":[{"href":"https:\/\/pizbube.ch\/en\/wp-json\/wp\/v2\/product\/151583","targetHints":{"allow":["GET"]}}],"collection":[{"href":"https:\/\/pizbube.ch\/en\/wp-json\/wp\/v2\/product"}],"about":[{"href":"https:\/\/pizbube.ch\/en\/wp-json\/wp\/v2\/types\/product"}],"wp:featuredmedia":[{"embeddable":true,"href":"https:\/\/pizbube.ch\/en\/wp-json\/wp\/v2\/media\/30464"}],"wp:attachment":[{"href":"https:\/\/pizbube.ch\/en\/wp-json\/wp\/v2\/media?parent=151583"}],"wp:term":[{"taxonomy":"product_brand","embeddable":true,"href":"https:\/\/pizbube.ch\/en\/wp-json\/wp\/v2\/product_brand?post=151583"},{"taxonomy":"product_cat","embeddable":true,"href":"https:\/\/pizbube.ch\/en\/wp-json\/wp\/v2\/product_cat?post=151583"},{"taxonomy":"product_tag","embeddable":true,"href":"https:\/\/pizbube.ch\/en\/wp-json\/wp\/v2\/product_tag?post=151583"}],"curies":[{"name":"wp","href":"https:\/\/api.w.org\/{rel}","templated":true}]}}