{"id":151584,"date":"2021-01-15T12:00:58","date_gmt":"2021-01-15T12:00:58","guid":{"rendered":"https:\/\/codengine3.ch\/?product=import-placeholder-for-203781"},"modified":"2023-05-03T16:08:42","modified_gmt":"2023-05-03T14:08:42","slug":"les-plus-belles-voies-de-presles","status":"publish","type":"product","link":"https:\/\/pizbube.ch\/en\/shop\/les-plus-belles-voies-de-presles\/","title":{"rendered":"Les plus belles voies de Presles"},"content":{"rendered":"<p>Topoguide; d\u00e9crits sont 98 voies; la maquette est agr\u00e9able \u00e0 consulter. Le<br \/>\ngrimpeur, int\u00e9ress\u00e9 par l&#8217;histoire de la falaise, trouvera le portrait des<br \/>\nprincipaux acteurs. 140 p.<\/p>\n<p>Ce guide pr\u00e9sente les plus int\u00e9ressantes des nombreuses voies trac\u00e9es sur la<br \/>\ngrande falaise de Presles.<\/p>\n<p>Cette s\u00e9lection est bas\u00e9e sur des crit\u00e8res d&#8217;esth\u00e9tique, d&#8217;homog\u00e9n\u00e9it\u00e9 et de<br \/>\ns\u00e9curit\u00e9. La difficult\u00e9 a \u00e9t\u00e9 limit\u00e9e au 7a avec des passages obligatoires de<br \/>\n6b maximum. La nature de l&#8217;\u00e9quipement en place est pr\u00e9cis\u00e9e en d\u00e9tail, de m\u00eame<br \/>\nque l&#8217;acc\u00e8s et le retour de chaque secteur. II vous donne en outre des<br \/>\nastuces, des combinaisons entre diverses sections de voies pour \u00e9viter les<br \/>\ngal\u00e8res, une \u00e9vocation de quelques terrains d&#8217;aventure (il en reste&#8230;), et<br \/>\nles portraits des ouvreurs et \u00e9quipeurs les plus marquants.<\/p>\n<p>Les Rochers de Presles, situ\u00e9s \u00e0 l&#8217;ouest du Vercors, sont hauts de 200 m en<br \/>\nmoyenne et larges de 5 km. L&#8217;altitude modeste (entre 600 et 900 m) et le<br \/>\nclimat d\u00e9j\u00e0 m\u00e9diterran\u00e9en permettent d&#8217;y grimper toute l&#8217;ann\u00e9e. Cette parution<br \/>\nsurvient 50 ans apr\u00e8s la premi\u00e8re de la voie des Buis dans cette falaise alors<br \/>\ninconnue. Plus de 250 voies s&#8217;y enchev\u00eatrent aujourd&#8217;hui et ce guide arrive \u00e0<br \/>\npoint pour permettre de s&#8217;y retrouver<\/p>","protected":false},"excerpt":{"rendered":"<p>Topoguide; d\u00e9crits sont 98 voies; la maquette est agr\u00e9able \u00e0 consulter. Le grimpeur, int\u00e9ress\u00e9 par l&#8217;histoire de la falaise, trouvera le portrait des principaux acteurs. 140 p. Ce guide pr\u00e9sente les plus int\u00e9ressantes des nombreuses voies trac\u00e9es sur la grande falaise de Presles. Cette s\u00e9lection est bas\u00e9e sur des crit\u00e8res d&#8217;esth\u00e9tique, d&#8217;homog\u00e9n\u00e9it\u00e9 et de s\u00e9curit\u00e9. [&#8230;]\n","protected":false},"featured_media":167467,"template":"","meta":[],"product_brand":[],"product_cat":[21539],"product_tag":[],"class_list":{"0":"post-151584","1":"product","2":"type-product","3":"status-publish","4":"has-post-thumbnail","6":"product_cat-fuehrerliteratur-sportklettern-bouldern","7":"pa_autor-brass","8":"pa_erscheinungsjahr-21776","9":"pa_region-frankreich","10":"pa_sprache-fr","12":"first","13":"instock","14":"taxable","15":"shipping-taxable","16":"purchasable","17":"product-type-simple"},"_links":{"self":[{"href":"https:\/\/pizbube.ch\/en\/wp-json\/wp\/v2\/product\/151584","targetHints":{"allow":["GET"]}}],"collection":[{"href":"https:\/\/pizbube.ch\/en\/wp-json\/wp\/v2\/product"}],"about":[{"href":"https:\/\/pizbube.ch\/en\/wp-json\/wp\/v2\/types\/product"}],"wp:featuredmedia":[{"embeddable":true,"href":"https:\/\/pizbube.ch\/en\/wp-json\/wp\/v2\/media\/167467"}],"wp:attachment":[{"href":"https:\/\/pizbube.ch\/en\/wp-json\/wp\/v2\/media?parent=151584"}],"wp:term":[{"taxonomy":"product_brand","embeddable":true,"href":"https:\/\/pizbube.ch\/en\/wp-json\/wp\/v2\/product_brand?post=151584"},{"taxonomy":"product_cat","embeddable":true,"href":"https:\/\/pizbube.ch\/en\/wp-json\/wp\/v2\/product_cat?post=151584"},{"taxonomy":"product_tag","embeddable":true,"href":"https:\/\/pizbube.ch\/en\/wp-json\/wp\/v2\/product_tag?post=151584"}],"curies":[{"name":"wp","href":"https:\/\/api.w.org\/{rel}","templated":true}]}}