{"id":151588,"date":"2021-01-15T12:00:59","date_gmt":"2021-01-15T12:00:59","guid":{"rendered":"https:\/\/codengine3.ch\/?product=import-placeholder-for-201382"},"modified":"2025-04-30T14:19:10","modified_gmt":"2025-04-30T12:19:10","slug":"corse-du-sud-1-100000-ajaccio-bonifacio","status":"publish","type":"product","link":"https:\/\/pizbube.ch\/en\/shop\/corse-du-sud-1-100000-ajaccio-bonifacio\/","title":{"rendered":"Corse du Sud 1: 100&#8217;000 &#8211; Ajaccio Bonifacio, Parc naturel r\u00e9gional de Corse"},"content":{"rendered":"<p>TOP 100 IGN Blatt D2A<\/p>\n<p>Ajaccio, Bonifacio, Parc naturel r\u00e9gional de Corse<\/p>\n<p>avec informations touristiques;<br \/>\nPatrimine historique et naturel, Courbes de niveau, Routes et chemins,<br \/>\nItin\u00e9raires de randon\u00e9e, Compatible GPS. Zeichenerkl\u00e4rung<br \/>\nfranz\u00f6s.-engl.-dtsch..<\/p>\n<p>Gute \u00dcbersichtskarte S\u00fcdkorsika!<\/p>\n<p>More detailed features &#8211; churches, castles, caves and panoramic viewpoints are<br \/>\nindicated.<br \/>\nAlso GR trails and hiking itineraries, contour lines and GPS compatibility.<\/p>","protected":false},"excerpt":{"rendered":"<p>TOP 100 IGN Blatt D2A Ajaccio, Bonifacio, Parc naturel r\u00e9gional de Corse avec informations touristiques; Patrimine historique et naturel, Courbes de niveau, Routes et chemins, Itin\u00e9raires de randon\u00e9e, Compatible GPS. Zeichenerkl\u00e4rung franz\u00f6s.-engl.-dtsch.. Gute \u00dcbersichtskarte S\u00fcdkorsika! More detailed features &#8211; churches, castles, caves and panoramic viewpoints are indicated. Also GR trails and hiking itineraries, contour lines [&#8230;]\n","protected":false},"featured_media":179525,"template":"","meta":[],"product_brand":[],"product_cat":[21543],"product_tag":[],"class_list":{"0":"post-151588","1":"product","2":"type-product","3":"status-publish","4":"has-post-thumbnail","6":"product_cat-landkarten","7":"pa_autor-ign","8":"pa_erscheinungsjahr-27339","9":"pa_region-frankreich","10":"pa_sprache-d","11":"pa_sprache-e","12":"pa_sprache-f","14":"first","15":"instock","16":"taxable","17":"shipping-taxable","18":"purchasable","19":"product-type-simple"},"_links":{"self":[{"href":"https:\/\/pizbube.ch\/en\/wp-json\/wp\/v2\/product\/151588","targetHints":{"allow":["GET"]}}],"collection":[{"href":"https:\/\/pizbube.ch\/en\/wp-json\/wp\/v2\/product"}],"about":[{"href":"https:\/\/pizbube.ch\/en\/wp-json\/wp\/v2\/types\/product"}],"wp:featuredmedia":[{"embeddable":true,"href":"https:\/\/pizbube.ch\/en\/wp-json\/wp\/v2\/media\/179525"}],"wp:attachment":[{"href":"https:\/\/pizbube.ch\/en\/wp-json\/wp\/v2\/media?parent=151588"}],"wp:term":[{"taxonomy":"product_brand","embeddable":true,"href":"https:\/\/pizbube.ch\/en\/wp-json\/wp\/v2\/product_brand?post=151588"},{"taxonomy":"product_cat","embeddable":true,"href":"https:\/\/pizbube.ch\/en\/wp-json\/wp\/v2\/product_cat?post=151588"},{"taxonomy":"product_tag","embeddable":true,"href":"https:\/\/pizbube.ch\/en\/wp-json\/wp\/v2\/product_tag?post=151588"}],"curies":[{"name":"wp","href":"https:\/\/api.w.org\/{rel}","templated":true}]}}