{"id":151589,"date":"2021-01-15T12:00:59","date_gmt":"2021-01-15T12:00:59","guid":{"rendered":"https:\/\/codengine3.ch\/?product=import-placeholder-for-204010"},"modified":"2021-01-15T14:28:52","modified_gmt":"2021-01-15T14:28:52","slug":"la-corse-des-montagnes","status":"publish","type":"product","link":"https:\/\/pizbube.ch\/en\/shop\/la-corse-des-montagnes\/","title":{"rendered":"La Corse des montagnes"},"content":{"rendered":"<p>D`un bout \u00e0 l`autre de son territoire fragment\u00e9, la Corse n`est qu`une<br \/>\nsuccession ininterrompue de vall\u00e9es encaiss\u00e9es et de cimes \u00e9l\u00e9gantes.<br \/>\nContinent miniature, la montagne corse collectionne \u00e0 l`infini des paysages<br \/>\nspectaculaires et les t\u00e9moignages d`une aventure humaine. Le parcours de ses<br \/>\nchemins, emprisonn\u00e9s derri\u00e8re des murs \u00e9pais de pierres s\u00e8ches, divaguant au<br \/>\nmilieu d`une v\u00e9g\u00e9tation toujours g\u00e9n\u00e9reuse ou bien escaladant quelque<br \/>\nlabyrinthe de couloirs ou de vires, fait d\u00e9couvrir des d\u00e9cors somptueux.<\/p>","protected":false},"excerpt":{"rendered":"<p>D`un bout \u00e0 l`autre de son territoire fragment\u00e9, la Corse n`est qu`une succession ininterrompue de vall\u00e9es encaiss\u00e9es et de cimes \u00e9l\u00e9gantes. Continent miniature, la montagne corse collectionne \u00e0 l`infini des paysages spectaculaires et les t\u00e9moignages d`une aventure humaine. Le parcours de ses chemins, emprisonn\u00e9s derri\u00e8re des murs \u00e9pais de pierres s\u00e8ches, divaguant au milieu d`une [&#8230;]\n","protected":false},"featured_media":31741,"template":"","meta":[],"product_brand":[],"product_cat":[21542],"product_tag":[],"class_list":{"0":"post-151589","1":"product","2":"type-product","3":"status-publish","4":"has-post-thumbnail","6":"product_cat-sachbuecher-dokumentationen","7":"pa_autor-pujos","8":"pa_erscheinungsjahr-21776","9":"pa_region-frankreich","10":"pa_sprache-fr","12":"first","13":"instock","14":"taxable","15":"shipping-taxable","16":"purchasable","17":"product-type-simple"},"_links":{"self":[{"href":"https:\/\/pizbube.ch\/en\/wp-json\/wp\/v2\/product\/151589","targetHints":{"allow":["GET"]}}],"collection":[{"href":"https:\/\/pizbube.ch\/en\/wp-json\/wp\/v2\/product"}],"about":[{"href":"https:\/\/pizbube.ch\/en\/wp-json\/wp\/v2\/types\/product"}],"wp:featuredmedia":[{"embeddable":true,"href":"https:\/\/pizbube.ch\/en\/wp-json\/wp\/v2\/media\/31741"}],"wp:attachment":[{"href":"https:\/\/pizbube.ch\/en\/wp-json\/wp\/v2\/media?parent=151589"}],"wp:term":[{"taxonomy":"product_brand","embeddable":true,"href":"https:\/\/pizbube.ch\/en\/wp-json\/wp\/v2\/product_brand?post=151589"},{"taxonomy":"product_cat","embeddable":true,"href":"https:\/\/pizbube.ch\/en\/wp-json\/wp\/v2\/product_cat?post=151589"},{"taxonomy":"product_tag","embeddable":true,"href":"https:\/\/pizbube.ch\/en\/wp-json\/wp\/v2\/product_tag?post=151589"}],"curies":[{"name":"wp","href":"https:\/\/api.w.org\/{rel}","templated":true}]}}