{"id":151591,"date":"2021-01-15T12:00:59","date_gmt":"2021-01-15T12:00:59","guid":{"rendered":"https:\/\/codengine3.ch\/?product=import-placeholder-for-204421"},"modified":"2026-04-09T08:52:25","modified_gmt":"2026-04-09T06:52:25","slug":"a-travers-la-montagne-corse-gr-20","status":"publish","type":"product","link":"https:\/\/pizbube.ch\/en\/shop\/a-travers-la-montagne-corse-gr-20\/","title":{"rendered":"A travers la montagne corse GR 20"},"content":{"rendered":"<div id=\"tab-content-full-description\" class=\"tab-content full-description\">\n<p>16 jours de randonn\u00e9e sur le GR<sup>\u00ae<\/sup> 20 en suivant la cr\u00eate montagneuse du nord au sud de la Corse, de Calinzana \u00e0 Conca.<\/p>\n<p>Le GR\u00ae 20 traverse la Corse en suivant la cr\u00eate montagneuse, de Calinzana \u00e0 Conca, avec la plupart du temps une altitude de 2 000 m\u00e8tres.<\/p>\n<p>L\u2019itin\u00e9raire permet au randonneur averti une exp\u00e9rience exceptionnelle au c\u0153ur d\u2019une \u00eele \u00e0 la beaut\u00e9 sauvage, en parcourant le monte Cintu, le monte d&#8217;Oru ainsi que les aiguilles de Bavella.<br \/>\nCe territoire o\u00f9 se c\u00f4toient mer et montagne offre une diversit\u00e9 de paysages allant des formations rocheuses, gorges \u00e9troites et vastes vall\u00e9es en passant par des lacs de montagne et rivi\u00e8res jalonn\u00e9es de piscines naturelles.<\/p>\n<div id=\"tab-content-full-description\" class=\"tab-content full-description\">\n<p>Dans l&#8217;esprit de la plupart de nos compatriotes, la Corse n&#8217;est qu&#8217;une sorte d&#8217;annexe de la C\u00f4te-d&#8217;Azur, c&#8217;est-\u00e0-dire essentiellement un pays de bords de mer et de plages.<\/p>\n<p>Cette vue, bien s\u00fbr, n&#8217;est pas enti\u00e8rement fausse, en ce sens que la Corse poss\u00e8de un littoral tr\u00e8s attractif et d&#8217;un d\u00e9veloppement consid\u00e9rable &#8211; plus de 1000 km de c\u00f4tes ! Mais cette conception ignore la r\u00e9alit\u00e9 profonde telle qu&#8217;elle est inscrite dans la g\u00e9ographie.<\/p>\n<p>La Corse est en effet avant tout une montagne. Une montagne dans la mer, sans doute, mais une vraie montagne.<\/p>\n<\/div>\n<p>112 pages;<br \/>\n25 \u00e9dition 2025<\/p>\n<\/div>","protected":false},"excerpt":{"rendered":"<p>16 jours de randonn\u00e9e sur le GR\u00ae 20 en suivant la cr\u00eate montagneuse du nord au sud de la Corse, de Calinzana \u00e0 Conca. Le GR\u00ae 20 traverse la Corse en suivant la cr\u00eate montagneuse, de Calinzana \u00e0 Conca, avec la plupart du temps une altitude de 2 000 m\u00e8tres. L\u2019itin\u00e9raire permet au randonneur averti [&#8230;]\n","protected":false},"featured_media":183773,"template":"","meta":[],"product_brand":[],"product_cat":[21605],"product_tag":[],"class_list":{"0":"post-151591","1":"product","2":"type-product","3":"status-publish","4":"has-post-thumbnail","6":"product_cat-wanderfuehrer-trekking","7":"pa_autor-ffrp","8":"pa_erscheinungsjahr-27415","9":"pa_region-frankreich","10":"pa_sprache-fr","12":"first","13":"instock","14":"taxable","15":"shipping-taxable","16":"purchasable","17":"product-type-simple"},"_links":{"self":[{"href":"https:\/\/pizbube.ch\/en\/wp-json\/wp\/v2\/product\/151591","targetHints":{"allow":["GET"]}}],"collection":[{"href":"https:\/\/pizbube.ch\/en\/wp-json\/wp\/v2\/product"}],"about":[{"href":"https:\/\/pizbube.ch\/en\/wp-json\/wp\/v2\/types\/product"}],"wp:featuredmedia":[{"embeddable":true,"href":"https:\/\/pizbube.ch\/en\/wp-json\/wp\/v2\/media\/183773"}],"wp:attachment":[{"href":"https:\/\/pizbube.ch\/en\/wp-json\/wp\/v2\/media?parent=151591"}],"wp:term":[{"taxonomy":"product_brand","embeddable":true,"href":"https:\/\/pizbube.ch\/en\/wp-json\/wp\/v2\/product_brand?post=151591"},{"taxonomy":"product_cat","embeddable":true,"href":"https:\/\/pizbube.ch\/en\/wp-json\/wp\/v2\/product_cat?post=151591"},{"taxonomy":"product_tag","embeddable":true,"href":"https:\/\/pizbube.ch\/en\/wp-json\/wp\/v2\/product_tag?post=151591"}],"curies":[{"name":"wp","href":"https:\/\/api.w.org\/{rel}","templated":true}]}}