{"id":151592,"date":"2021-01-15T12:00:59","date_gmt":"2021-01-15T12:00:59","guid":{"rendered":"https:\/\/codengine3.ch\/?product=import-placeholder-for-206156"},"modified":"2021-03-09T14:13:10","modified_gmt":"2021-03-09T13:13:10","slug":"corsica-bloc","status":"publish","type":"product","link":"https:\/\/pizbube.ch\/en\/shop\/corsica-bloc\/","title":{"rendered":"Corsica Bloc"},"content":{"rendered":"<p>A new guide describing the extensive bouldering to be found on Corsica &#8211; the<br \/>\nguide is in full colour throughout with all the boulders and boulder problems<br \/>\nhaving clear easy-to-follow topo style diagrams.<br \/>\nThe guide contains lots of full colour action shots, overview maps of each<br \/>\narea, access information and has English text.<\/p>\n<p>Dans ce topo d&#8217;escalade de bloc sur la Corse, vous pourrez d\u00e9couvrir 24<br \/>\nsecteurs repartis sur 12 sites. Vous pourrez donc aller vous faire plaisir sur<br \/>\nles blocs de Calvi \u00e0 Bonifacio en passant par Corte ou Ajaccio.<\/p>\n<p>Chaque secteur est d\u00e9crit sur un plan de masse, puis chaque s\u00e9rie de blocs est<br \/>\nr\u00e9pertori\u00e9 sur un autre plan avec en tout plus de 600 passages diff\u00e9rents.<\/p>\n<p>Un beau livre avec de belles photos qui vous permettra de naviguer d&#8217;un bloc \u00e0<br \/>\nl&#8217;autre sans vous \u00e9garer et de vous tester sur le granit de Corse.<\/p>","protected":false},"excerpt":{"rendered":"<ul>\n<li><b>INFO: Neuauflage laut Verlag 07.2020 \/ new Edition 07.2020<b><\/b><\/b><\/li>\n<\/ul>","protected":false},"featured_media":120805,"template":"","meta":[],"product_brand":[],"product_cat":[21539],"product_tag":[26792,26791,26779],"class_list":{"0":"post-151592","1":"product","2":"type-product","3":"status-publish","4":"has-post-thumbnail","6":"product_cat-fuehrerliteratur-sportklettern-bouldern","7":"product_tag-boulderfuehrer-korsika","8":"product_tag-kletterfuehrer-korsika","9":"product_tag-korsika","10":"pa_autor-broussouloux-guyon","11":"pa_erscheinungsjahr-21550","12":"pa_region-frankreich","13":"pa_sprache-fr-en","15":"first","16":"outofstock","17":"taxable","18":"shipping-taxable","19":"purchasable","20":"product-type-simple"},"_links":{"self":[{"href":"https:\/\/pizbube.ch\/en\/wp-json\/wp\/v2\/product\/151592","targetHints":{"allow":["GET"]}}],"collection":[{"href":"https:\/\/pizbube.ch\/en\/wp-json\/wp\/v2\/product"}],"about":[{"href":"https:\/\/pizbube.ch\/en\/wp-json\/wp\/v2\/types\/product"}],"wp:featuredmedia":[{"embeddable":true,"href":"https:\/\/pizbube.ch\/en\/wp-json\/wp\/v2\/media\/120805"}],"wp:attachment":[{"href":"https:\/\/pizbube.ch\/en\/wp-json\/wp\/v2\/media?parent=151592"}],"wp:term":[{"taxonomy":"product_brand","embeddable":true,"href":"https:\/\/pizbube.ch\/en\/wp-json\/wp\/v2\/product_brand?post=151592"},{"taxonomy":"product_cat","embeddable":true,"href":"https:\/\/pizbube.ch\/en\/wp-json\/wp\/v2\/product_cat?post=151592"},{"taxonomy":"product_tag","embeddable":true,"href":"https:\/\/pizbube.ch\/en\/wp-json\/wp\/v2\/product_tag?post=151592"}],"curies":[{"name":"wp","href":"https:\/\/api.w.org\/{rel}","templated":true}]}}