{"id":151593,"date":"2021-01-15T12:00:59","date_gmt":"2021-01-15T12:00:59","guid":{"rendered":"https:\/\/codengine3.ch\/?product=import-placeholder-for-206430"},"modified":"2021-01-15T14:48:54","modified_gmt":"2021-01-15T14:48:54","slug":"corse-geo-rando-125000-1100000-dvd","status":"publish","type":"product","link":"https:\/\/pizbube.ch\/en\/shop\/corse-geo-rando-125000-1100000-dvd\/","title":{"rendered":"Corse Geo Rando, 1:25&#8217;000 \/ 1:100&#8217;000 DVD"},"content":{"rendered":"<p>Vous aimez partir en randonn\u00e9e \u00e0 pied ou \u00e0 v\u00e9lo, en famille ou entre amis, \u00e0<br \/>\nla d\u00e9couverte de votre r\u00e9gion ou de votre lieu de vacances? D\u00e9finissez votre<br \/>\nparcours &#8217;sur mesure&#8216; gr\u00e2ce \u00e0 la pr\u00e9cision des cartes IGN ou choisissez votre<br \/>\nitin\u00e9raire &#8218;pr\u00eat-\u00e0-randonner&#8216; parmi la s\u00e9lection propos\u00e9e par les f\u00e9d\u00e9rations<br \/>\nfran\u00e7aises de la Randonn\u00e9e P\u00e9destre et de Cyclotourisme. Les cartes et<br \/>\nphotographies a\u00e9riennes IGN sont incluses. G\u00e9orando D\u00e9couverte est compatible<br \/>\navec les GPS (port COM ou USB n\u00e9cessaire).<br \/>\nLe logiciel est en fran\u00e7ais et en anglais.  <\/p>","protected":false},"excerpt":{"rendered":"<p>Vous aimez partir en randonn\u00e9e \u00e0 pied ou \u00e0 v\u00e9lo, en famille ou entre amis, \u00e0 la d\u00e9couverte de votre r\u00e9gion ou de votre lieu de vacances? D\u00e9finissez votre parcours &#8217;sur mesure&#8216; gr\u00e2ce \u00e0 la pr\u00e9cision des cartes IGN ou choisissez votre itin\u00e9raire &#8218;pr\u00eat-\u00e0-randonner&#8216; parmi la s\u00e9lection propos\u00e9e par les f\u00e9d\u00e9rations fran\u00e7aises de la Randonn\u00e9e [&#8230;]\n","protected":false},"featured_media":35472,"template":"","meta":[],"product_brand":[],"product_cat":[21628],"product_tag":[],"class_list":{"0":"post-151593","1":"product","2":"type-product","3":"status-publish","4":"has-post-thumbnail","6":"product_cat-video-dvd-multimedia","7":"pa_autor-ign","8":"pa_erscheinungsjahr-21591","9":"pa_region-frankreich","10":"pa_sprache-e","11":"pa_sprache-f","13":"first","14":"instock","15":"taxable","16":"shipping-taxable","17":"purchasable","18":"product-type-simple"},"_links":{"self":[{"href":"https:\/\/pizbube.ch\/en\/wp-json\/wp\/v2\/product\/151593","targetHints":{"allow":["GET"]}}],"collection":[{"href":"https:\/\/pizbube.ch\/en\/wp-json\/wp\/v2\/product"}],"about":[{"href":"https:\/\/pizbube.ch\/en\/wp-json\/wp\/v2\/types\/product"}],"wp:featuredmedia":[{"embeddable":true,"href":"https:\/\/pizbube.ch\/en\/wp-json\/wp\/v2\/media\/35472"}],"wp:attachment":[{"href":"https:\/\/pizbube.ch\/en\/wp-json\/wp\/v2\/media?parent=151593"}],"wp:term":[{"taxonomy":"product_brand","embeddable":true,"href":"https:\/\/pizbube.ch\/en\/wp-json\/wp\/v2\/product_brand?post=151593"},{"taxonomy":"product_cat","embeddable":true,"href":"https:\/\/pizbube.ch\/en\/wp-json\/wp\/v2\/product_cat?post=151593"},{"taxonomy":"product_tag","embeddable":true,"href":"https:\/\/pizbube.ch\/en\/wp-json\/wp\/v2\/product_tag?post=151593"}],"curies":[{"name":"wp","href":"https:\/\/api.w.org\/{rel}","templated":true}]}}